{"id":54949,"date":"2025-05-22T07:59:34","date_gmt":"2025-05-22T05:59:34","guid":{"rendered":"https:\/\/fh-staging.vengo.cloud\/?post_type=product&#038;p=54949"},"modified":"2025-06-20T10:46:26","modified_gmt":"2025-06-20T08:46:26","slug":"leggins","status":"publish","type":"product","link":"https:\/\/fh-staging.vengo.cloud\/de-ch\/p\/leggins","title":{"rendered":"Leggins"},"content":{"rendered":"<p>Unsere beliebte links-links Strickart in Wellenoptik ist sowohl in der H\u00f6he als auch in der Weite dehnbar und butterweich. Die Leggins ist aus unserem Basic-Programm und das ganze Jahr \u00fcber ab Lager erh\u00e4ltlich.<\/p>\n<p>Zur Qualit\u00e4t:<\/p>\n<p>Die Merinowolle ist eine wunderbare Naturfaser mit vielen tollen Eigenschaften und gerade f\u00fcr die zarte Baby Haut besonders geeignet. Sie ist unter Anderem temperaturregulierend (k\u00fchlt im Sommer und w\u00e4rmt im Winter), speichert Feuchtigkeit ohne sich nass anzuf\u00fchlen und ist atmungsaktiv. Merinoprodukte kannst du ausl\u00fcften ohne h\u00e4ufig zu waschen.<\/p>\n<p>&nbsp;<\/p>\n<p class=\"p1\"><strong>Gr\u00f6ssentabelle Frilo AG:<\/strong><\/p>\n<p>56 (0-1 Monate)<\/p>\n<p>62 (1-3 Monate)<\/p>\n<p>68 (3-6 Monate)<\/p>\n<p>74 (6-9 Monte)<\/p>\n<p>80 (9-12 Monate)<\/p>\n<p>86 (12-18 Monate)<\/p>\n","protected":false},"excerpt":{"rendered":"<p>100% feinster Merinowolle: Die gestrickte Baby-Leggins von frilo swissmade wird zu 100% in der Schweiz hergestellt.<\/p>\n","protected":false},"featured_media":55447,"template":"","meta":[],"product_brand":[],"product_cat":[60,59],"product_tag":[1087],"woo-feed-brand":[],"class_list":{"0":"post-54949","1":"product","2":"type-product","3":"status-publish","4":"has-post-thumbnail","6":"product_cat-kindertextilien","7":"product_cat-kids","8":"product_tag-frilo-ag","10":"first","11":"instock","12":"taxable","13":"shipping-taxable","14":"purchasable","15":"product-type-variable"},"_links":{"self":[{"href":"https:\/\/fh-staging.vengo.cloud\/de-ch\/wp-json\/wp\/v2\/product\/54949","targetHints":{"allow":["GET"]}}],"collection":[{"href":"https:\/\/fh-staging.vengo.cloud\/de-ch\/wp-json\/wp\/v2\/product"}],"about":[{"href":"https:\/\/fh-staging.vengo.cloud\/de-ch\/wp-json\/wp\/v2\/types\/product"}],"wp:featuredmedia":[{"embeddable":true,"href":"https:\/\/fh-staging.vengo.cloud\/de-ch\/wp-json\/wp\/v2\/media\/55447"}],"wp:attachment":[{"href":"https:\/\/fh-staging.vengo.cloud\/de-ch\/wp-json\/wp\/v2\/media?parent=54949"}],"wp:term":[{"taxonomy":"product_brand","embeddable":true,"href":"https:\/\/fh-staging.vengo.cloud\/de-ch\/wp-json\/wp\/v2\/product_brand?post=54949"},{"taxonomy":"product_cat","embeddable":true,"href":"https:\/\/fh-staging.vengo.cloud\/de-ch\/wp-json\/wp\/v2\/product_cat?post=54949"},{"taxonomy":"product_tag","embeddable":true,"href":"https:\/\/fh-staging.vengo.cloud\/de-ch\/wp-json\/wp\/v2\/product_tag?post=54949"},{"taxonomy":"woo-feed-brand","embeddable":true,"href":"https:\/\/fh-staging.vengo.cloud\/de-ch\/wp-json\/wp\/v2\/woo-feed-brand?post=54949"}],"curies":[{"name":"wp","href":"https:\/\/api.w.org\/{rel}","templated":true}]}}