{"id":5492,"date":"2019-07-23T13:29:04","date_gmt":"2019-07-23T13:29:04","guid":{"rendered":"https:\/\/fh-staging.vengo.cloud\/?product=fireside-medium-jar"},"modified":"2025-10-27T11:15:14","modified_gmt":"2025-10-27T10:15:14","slug":"fireside-medium-jar","status":"publish","type":"product","link":"https:\/\/fh-staging.vengo.cloud\/de-ch\/p\/fireside-medium-jar","title":{"rendered":"Fireside Medium Jar"},"content":{"rendered":"<p>Die besonderen, sanduhr-f\u00f6rmigen Kerzen f\u00fcllen dein Zuhause mit beruhigendem Knistern und einladenden D\u00fcften von WoodWick. Die Kerzen zeichnen sich durch ein sauberes, modernes Design und eine elegante Form aus. Erh\u00e4ltlich als Mini &amp; Large Jar und Ellipse.<\/p>\n","protected":false},"excerpt":{"rendered":"<p>Der nat\u00fcrliche Duft von Bernstein, Vetiver und Moschus f\u00e4ngt den Moment am warmen Kaminfeuer perfekt ein.<br \/>\nH: 114mm, W: 99mm, D: 99mm (Preis pro Stk)<\/p>\n","protected":false},"featured_media":5493,"template":"","meta":[],"product_brand":[],"product_cat":[99,23,909,1179,911,28],"product_tag":[288],"woo-feed-brand":[],"class_list":{"0":"post-5492","1":"product","2":"type-product","3":"status-publish","4":"has-post-thumbnail","6":"product_cat-duftkerzen","7":"product_cat-home-living","8":"product_cat-weihnachten","9":"product_cat-weihnachtsdeko","10":"product_cat-accessoires","11":"product_cat-kerzen-lichter","12":"product_tag-spirig-kerzen-ag","14":"first","15":"instock","16":"taxable","17":"shipping-taxable","18":"purchasable","19":"product-type-simple"},"_links":{"self":[{"href":"https:\/\/fh-staging.vengo.cloud\/de-ch\/wp-json\/wp\/v2\/product\/5492","targetHints":{"allow":["GET"]}}],"collection":[{"href":"https:\/\/fh-staging.vengo.cloud\/de-ch\/wp-json\/wp\/v2\/product"}],"about":[{"href":"https:\/\/fh-staging.vengo.cloud\/de-ch\/wp-json\/wp\/v2\/types\/product"}],"wp:featuredmedia":[{"embeddable":true,"href":"https:\/\/fh-staging.vengo.cloud\/de-ch\/wp-json\/wp\/v2\/media\/5493"}],"wp:attachment":[{"href":"https:\/\/fh-staging.vengo.cloud\/de-ch\/wp-json\/wp\/v2\/media?parent=5492"}],"wp:term":[{"taxonomy":"product_brand","embeddable":true,"href":"https:\/\/fh-staging.vengo.cloud\/de-ch\/wp-json\/wp\/v2\/product_brand?post=5492"},{"taxonomy":"product_cat","embeddable":true,"href":"https:\/\/fh-staging.vengo.cloud\/de-ch\/wp-json\/wp\/v2\/product_cat?post=5492"},{"taxonomy":"product_tag","embeddable":true,"href":"https:\/\/fh-staging.vengo.cloud\/de-ch\/wp-json\/wp\/v2\/product_tag?post=5492"},{"taxonomy":"woo-feed-brand","embeddable":true,"href":"https:\/\/fh-staging.vengo.cloud\/de-ch\/wp-json\/wp\/v2\/woo-feed-brand?post=5492"}],"curies":[{"name":"wp","href":"https:\/\/api.w.org\/{rel}","templated":true}]}}