{"id":54717,"date":"2025-04-25T17:20:36","date_gmt":"2025-04-25T15:20:36","guid":{"rendered":"https:\/\/fh-staging.vengo.cloud\/de-ch\/?post_type=product&#038;p=54717"},"modified":"2026-01-12T13:57:29","modified_gmt":"2026-01-12T12:57:29","slug":"glasvase-fluntern","status":"publish","type":"product","link":"https:\/\/fh-staging.vengo.cloud\/de-ch\/p\/glasvase-fluntern","title":{"rendered":"&#171;Fluntern&#187; Glasvase"},"content":{"rendered":"<p class=\"\" data-start=\"368\" data-end=\"595\">Ob mit minimalistischen Zweigen, einzelnen Blumen oder ganz pur \u2013 \u201eFluntern\u201c setzt dezente, aber stilvolle Akzente in jedem Raum. Ihr schlankes Design macht sie vielseitig einsetzbar \u2013 auf dem Sideboard, Esstisch oder im Regal.<\/p>\n<p>H\u00f6he: ca. 30 cm<\/p>\n<p>Durchmesser &#171;Bauch&#187;: ca. 11.5cm<\/p>\n<p>Durchmesser &#171;Hals&#187;: ca. 13cm<\/p>\n<p>&nbsp;<\/p>\n","protected":false},"excerpt":{"rendered":"<p class=\"\" data-start=\"163\" data-end=\"258\">Die Vase \u201eFluntern\u201c \u00fcberzeugt mit schlichter Eleganz und architektonischer Pr\u00e4zision. Ihr gerilltes Klarglas sorgt f\u00fcr spannende Lichtreflexe und eine moderne Textur, die perfekt zu einem reduzierten Wohnstil passt.<\/p>\n","protected":false},"featured_media":54712,"template":"","meta":[],"product_brand":[],"product_cat":[27,23,1000,984,994,999,1197],"product_tag":[1084],"woo-feed-brand":[],"class_list":{"0":"post-54717","1":"product","2":"type-product","3":"status-publish","4":"has-post-thumbnail","6":"product_cat-vasen-gefaesse","7":"product_cat-home-living","8":"product_cat-valentinstagsdeko","9":"product_cat-silvester","10":"product_cat-silvestertisch","11":"product_cat-valentinstag","12":"product_cat-vasen","13":"product_tag-froilein-blume","15":"first","16":"instock","17":"taxable","18":"shipping-taxable","19":"purchasable","20":"product-type-simple"},"_links":{"self":[{"href":"https:\/\/fh-staging.vengo.cloud\/de-ch\/wp-json\/wp\/v2\/product\/54717","targetHints":{"allow":["GET"]}}],"collection":[{"href":"https:\/\/fh-staging.vengo.cloud\/de-ch\/wp-json\/wp\/v2\/product"}],"about":[{"href":"https:\/\/fh-staging.vengo.cloud\/de-ch\/wp-json\/wp\/v2\/types\/product"}],"wp:featuredmedia":[{"embeddable":true,"href":"https:\/\/fh-staging.vengo.cloud\/de-ch\/wp-json\/wp\/v2\/media\/54712"}],"wp:attachment":[{"href":"https:\/\/fh-staging.vengo.cloud\/de-ch\/wp-json\/wp\/v2\/media?parent=54717"}],"wp:term":[{"taxonomy":"product_brand","embeddable":true,"href":"https:\/\/fh-staging.vengo.cloud\/de-ch\/wp-json\/wp\/v2\/product_brand?post=54717"},{"taxonomy":"product_cat","embeddable":true,"href":"https:\/\/fh-staging.vengo.cloud\/de-ch\/wp-json\/wp\/v2\/product_cat?post=54717"},{"taxonomy":"product_tag","embeddable":true,"href":"https:\/\/fh-staging.vengo.cloud\/de-ch\/wp-json\/wp\/v2\/product_tag?post=54717"},{"taxonomy":"woo-feed-brand","embeddable":true,"href":"https:\/\/fh-staging.vengo.cloud\/de-ch\/wp-json\/wp\/v2\/woo-feed-brand?post=54717"}],"curies":[{"name":"wp","href":"https:\/\/api.w.org\/{rel}","templated":true}]}}