{"id":5420,"date":"2019-07-23T13:28:39","date_gmt":"2019-07-23T13:28:39","guid":{"rendered":"https:\/\/fh-staging.vengo.cloud\/?product=fireside-ellipse"},"modified":"2025-04-01T07:13:33","modified_gmt":"2025-04-01T05:13:33","slug":"fireside-ellipse","status":"publish","type":"product","link":"https:\/\/fh-staging.vengo.cloud\/de-ch\/p\/fireside-ellipse","title":{"rendered":"Fireside Ellipse"},"content":{"rendered":"<p>Die ellipsenf\u00f6rmigen Kerzen mit Hearthwick-Flamme verf\u00fcgen \u00fcber einen nat\u00fcrlichen Holzdocht, der das beruhigende Ger\u00e4usch eines knisternden Feuers erzeugt. Das exklusive Design schafft eine lange, tanzende Flamme f\u00fcr ein einzigartiges Kaminambiente in jedem Raum. Perfekt als Geschenk!<\/p>\n","protected":false},"excerpt":{"rendered":"<p>Der nat\u00fcrliche Duft von Bernstein, Vetiver und Moschus f\u00e4ngt den Moment am warmen Kaminfeuer perfekt ein.<\/p>\n","protected":false},"featured_media":5421,"template":"","meta":[],"product_brand":[],"product_cat":[99,23,28],"product_tag":[288],"woo-feed-brand":[],"class_list":{"0":"post-5420","1":"product","2":"type-product","3":"status-publish","4":"has-post-thumbnail","6":"product_cat-duftkerzen","7":"product_cat-home-living","8":"product_cat-kerzen-lichter","9":"product_tag-spirig-kerzen-ag","11":"first","12":"instock","13":"taxable","14":"shipping-taxable","15":"purchasable","16":"product-type-simple"},"_links":{"self":[{"href":"https:\/\/fh-staging.vengo.cloud\/de-ch\/wp-json\/wp\/v2\/product\/5420","targetHints":{"allow":["GET"]}}],"collection":[{"href":"https:\/\/fh-staging.vengo.cloud\/de-ch\/wp-json\/wp\/v2\/product"}],"about":[{"href":"https:\/\/fh-staging.vengo.cloud\/de-ch\/wp-json\/wp\/v2\/types\/product"}],"wp:featuredmedia":[{"embeddable":true,"href":"https:\/\/fh-staging.vengo.cloud\/de-ch\/wp-json\/wp\/v2\/media\/5421"}],"wp:attachment":[{"href":"https:\/\/fh-staging.vengo.cloud\/de-ch\/wp-json\/wp\/v2\/media?parent=5420"}],"wp:term":[{"taxonomy":"product_brand","embeddable":true,"href":"https:\/\/fh-staging.vengo.cloud\/de-ch\/wp-json\/wp\/v2\/product_brand?post=5420"},{"taxonomy":"product_cat","embeddable":true,"href":"https:\/\/fh-staging.vengo.cloud\/de-ch\/wp-json\/wp\/v2\/product_cat?post=5420"},{"taxonomy":"product_tag","embeddable":true,"href":"https:\/\/fh-staging.vengo.cloud\/de-ch\/wp-json\/wp\/v2\/product_tag?post=5420"},{"taxonomy":"woo-feed-brand","embeddable":true,"href":"https:\/\/fh-staging.vengo.cloud\/de-ch\/wp-json\/wp\/v2\/woo-feed-brand?post=5420"}],"curies":[{"name":"wp","href":"https:\/\/api.w.org\/{rel}","templated":true}]}}