{"id":54178,"date":"2025-04-24T13:58:55","date_gmt":"2025-04-24T11:58:55","guid":{"rendered":"https:\/\/fh-staging.vengo.cloud\/de-ch\/?post_type=product&#038;p=54178"},"modified":"2026-01-12T08:49:54","modified_gmt":"2026-01-12T07:49:54","slug":"boum-balkonkasten-pro-grau","status":"publish","type":"product","link":"https:\/\/fh-staging.vengo.cloud\/de-ch\/p\/boum-balkonkasten-pro-grau","title":{"rendered":"Boum Balkonkasten Pro grau"},"content":{"rendered":"<p>Der Boum Balkonkasten Pro verf\u00fcgt \u00fcber ein Bodenvolumen von 13L und eine Pflanztiefe, die ideal f\u00fcr diverse Pflanzarten ist. Er eignet sich optimal f\u00fcr Kr\u00e4uter, Gem\u00fcse, Blumen sowie kleinere Str\u00e4ucher. Er ist verf\u00fcgbar in drei zeitlosen Farben, die sich in jedes Zuhause einf\u00fcgen.<\/p>\n","protected":false},"excerpt":{"rendered":"<p>Boum Balkonkasten Pro grau: 13L Pflanztopf mit innovativem Dochtsystem<\/p>\n","protected":false},"featured_media":55467,"template":"","meta":[],"product_brand":[],"product_cat":[521,23,34,40],"product_tag":[319],"woo-feed-brand":[],"class_list":{"0":"post-54178","1":"product","2":"type-product","3":"status-publish","4":"has-post-thumbnail","6":"product_cat-bewaesserung","7":"product_cat-home-living","8":"product_cat-garten-balkon","9":"product_cat-uebertoepfe","10":"product_tag-boum-ag","12":"first","13":"instock","14":"taxable","15":"shipping-taxable","16":"purchasable","17":"product-type-simple"},"_links":{"self":[{"href":"https:\/\/fh-staging.vengo.cloud\/de-ch\/wp-json\/wp\/v2\/product\/54178","targetHints":{"allow":["GET"]}}],"collection":[{"href":"https:\/\/fh-staging.vengo.cloud\/de-ch\/wp-json\/wp\/v2\/product"}],"about":[{"href":"https:\/\/fh-staging.vengo.cloud\/de-ch\/wp-json\/wp\/v2\/types\/product"}],"wp:featuredmedia":[{"embeddable":true,"href":"https:\/\/fh-staging.vengo.cloud\/de-ch\/wp-json\/wp\/v2\/media\/55467"}],"wp:attachment":[{"href":"https:\/\/fh-staging.vengo.cloud\/de-ch\/wp-json\/wp\/v2\/media?parent=54178"}],"wp:term":[{"taxonomy":"product_brand","embeddable":true,"href":"https:\/\/fh-staging.vengo.cloud\/de-ch\/wp-json\/wp\/v2\/product_brand?post=54178"},{"taxonomy":"product_cat","embeddable":true,"href":"https:\/\/fh-staging.vengo.cloud\/de-ch\/wp-json\/wp\/v2\/product_cat?post=54178"},{"taxonomy":"product_tag","embeddable":true,"href":"https:\/\/fh-staging.vengo.cloud\/de-ch\/wp-json\/wp\/v2\/product_tag?post=54178"},{"taxonomy":"woo-feed-brand","embeddable":true,"href":"https:\/\/fh-staging.vengo.cloud\/de-ch\/wp-json\/wp\/v2\/woo-feed-brand?post=54178"}],"curies":[{"name":"wp","href":"https:\/\/api.w.org\/{rel}","templated":true}]}}