{"id":54176,"date":"2025-04-24T13:59:00","date_gmt":"2025-04-24T11:59:00","guid":{"rendered":"https:\/\/fh-staging.vengo.cloud\/de-ch\/?post_type=product&#038;p=54176"},"modified":"2026-01-12T08:49:54","modified_gmt":"2026-01-12T07:49:54","slug":"boum-topf-30l-pro-taupe","status":"publish","type":"product","link":"https:\/\/fh-staging.vengo.cloud\/de-ch\/p\/boum-topf-30l-pro-taupe","title":{"rendered":"Boum Topf 30L Pro taupe"},"content":{"rendered":"<p>Der neue Boum Topf 30L Pro verf\u00fcgt \u00fcber ein Bodenvolumen von 30L und eine Pflanztiefe von 37 cm. Er ist damit geeignet f\u00fcr alle Zimmerpflanzen, Kr\u00e4uter, Gem\u00fcse, Blumen, Str\u00e4ucher und B\u00e4umchen. Er eignet sich hervorragend f\u00fcr grosse, langlebige Pflanzen und B\u00e4ume sowie Gem\u00fcse wie Tomaten und Gurken, die von viel Bodenvolumen profitieren. Der Topf ist verf\u00fcgbar in drei zeitlosen Farben, die sich in jedes Zuhause einf\u00fcgen. Kapillardochte ziehen Wasser aus dem integrierten Reservoir des Topfs und sorgen so f\u00fcr optimale Bodenfeuchte. Ein Schwimmerventil reguliert die Wasserzufuhr zum Reservoir. Durch eine dezente, einfach zu installierende Verschlauchung wird der Topf mit der Boum Bew\u00e4sserung verbunden. Damit werden Pflanzen mehrere Wochen zuverl\u00e4ssig mit Wasser versorgt. Der Topf besteht aus hochwertigem, 80% recyceltem Mineral-Kunststoffgemisch mit Handfinish. Er ist dekorativ, stoss- und bruchfest, leicht zu bewegen, UV- und frostresistent.<\/p>\n","protected":false},"excerpt":{"rendered":"<p>Boum Topf 30L Pro: 30L Pflanztopf mit innovativem Dochtsystem<\/p>\n","protected":false},"featured_media":54360,"template":"","meta":[],"product_brand":[],"product_cat":[521,23,34,40],"product_tag":[319],"woo-feed-brand":[],"class_list":{"0":"post-54176","1":"product","2":"type-product","3":"status-publish","4":"has-post-thumbnail","6":"product_cat-bewaesserung","7":"product_cat-home-living","8":"product_cat-garten-balkon","9":"product_cat-uebertoepfe","10":"product_tag-boum-ag","12":"first","13":"instock","14":"taxable","15":"shipping-taxable","16":"purchasable","17":"product-type-simple"},"_links":{"self":[{"href":"https:\/\/fh-staging.vengo.cloud\/de-ch\/wp-json\/wp\/v2\/product\/54176","targetHints":{"allow":["GET"]}}],"collection":[{"href":"https:\/\/fh-staging.vengo.cloud\/de-ch\/wp-json\/wp\/v2\/product"}],"about":[{"href":"https:\/\/fh-staging.vengo.cloud\/de-ch\/wp-json\/wp\/v2\/types\/product"}],"wp:featuredmedia":[{"embeddable":true,"href":"https:\/\/fh-staging.vengo.cloud\/de-ch\/wp-json\/wp\/v2\/media\/54360"}],"wp:attachment":[{"href":"https:\/\/fh-staging.vengo.cloud\/de-ch\/wp-json\/wp\/v2\/media?parent=54176"}],"wp:term":[{"taxonomy":"product_brand","embeddable":true,"href":"https:\/\/fh-staging.vengo.cloud\/de-ch\/wp-json\/wp\/v2\/product_brand?post=54176"},{"taxonomy":"product_cat","embeddable":true,"href":"https:\/\/fh-staging.vengo.cloud\/de-ch\/wp-json\/wp\/v2\/product_cat?post=54176"},{"taxonomy":"product_tag","embeddable":true,"href":"https:\/\/fh-staging.vengo.cloud\/de-ch\/wp-json\/wp\/v2\/product_tag?post=54176"},{"taxonomy":"woo-feed-brand","embeddable":true,"href":"https:\/\/fh-staging.vengo.cloud\/de-ch\/wp-json\/wp\/v2\/woo-feed-brand?post=54176"}],"curies":[{"name":"wp","href":"https:\/\/api.w.org\/{rel}","templated":true}]}}