{"id":54168,"date":"2025-04-24T13:59:22","date_gmt":"2025-04-24T11:59:22","guid":{"rendered":"https:\/\/fh-staging.vengo.cloud\/de-ch\/?post_type=product&#038;p=54168"},"modified":"2026-01-12T08:49:53","modified_gmt":"2026-01-12T07:49:53","slug":"boum-3-starter-set-weiss","status":"publish","type":"product","link":"https:\/\/fh-staging.vengo.cloud\/de-ch\/p\/boum-3-starter-set-weiss","title":{"rendered":"Boum Pro Set weiss"},"content":{"rendered":"<p>Das Boum Pro Set ist der perfekte Einstieg, um Chilis, Kr\u00e4uter, Blumen oder kleine B\u00e4umchen m\u00fchelos wachsen zu lassen. Es enth\u00e4lt die neue Boum 3 Steuerung, einen 35-Liter-Wassertank und einen 15-Liter Boum Pro Topf. Die automatische Bew\u00e4sserung versorgt deine Pflanzen wochen- bis monatelang, ganz ohne Nachf\u00fcllen. Die Boum 3 Steuerung spart zus\u00e4tzlich Wasser durch integrierte Regenauffangfunktion und bietet eine praktische Stellfl\u00e4che f\u00fcr den Topf. Der Boum Pro Topf sorgt mit verbesserten Dochthaltern, einem stabilisierten Schwimmerventil und \u00dcberlauf-Stopps f\u00fcr optimale Bedingungen \u2013 ganz ohne Staun\u00e4sse.<\/p>\n","protected":false},"excerpt":{"rendered":"<p>Boum Pro Set: 35L Wassertank + Boum Topf 15 L Pro + smarte Steuerung<\/p>\n","protected":false},"featured_media":54340,"template":"","meta":[],"product_brand":[],"product_cat":[521,23,34,40],"product_tag":[319],"woo-feed-brand":[],"class_list":{"0":"post-54168","1":"product","2":"type-product","3":"status-publish","4":"has-post-thumbnail","6":"product_cat-bewaesserung","7":"product_cat-home-living","8":"product_cat-garten-balkon","9":"product_cat-uebertoepfe","10":"product_tag-boum-ag","12":"first","13":"instock","14":"taxable","15":"shipping-taxable","16":"purchasable","17":"product-type-simple"},"_links":{"self":[{"href":"https:\/\/fh-staging.vengo.cloud\/de-ch\/wp-json\/wp\/v2\/product\/54168","targetHints":{"allow":["GET"]}}],"collection":[{"href":"https:\/\/fh-staging.vengo.cloud\/de-ch\/wp-json\/wp\/v2\/product"}],"about":[{"href":"https:\/\/fh-staging.vengo.cloud\/de-ch\/wp-json\/wp\/v2\/types\/product"}],"wp:featuredmedia":[{"embeddable":true,"href":"https:\/\/fh-staging.vengo.cloud\/de-ch\/wp-json\/wp\/v2\/media\/54340"}],"wp:attachment":[{"href":"https:\/\/fh-staging.vengo.cloud\/de-ch\/wp-json\/wp\/v2\/media?parent=54168"}],"wp:term":[{"taxonomy":"product_brand","embeddable":true,"href":"https:\/\/fh-staging.vengo.cloud\/de-ch\/wp-json\/wp\/v2\/product_brand?post=54168"},{"taxonomy":"product_cat","embeddable":true,"href":"https:\/\/fh-staging.vengo.cloud\/de-ch\/wp-json\/wp\/v2\/product_cat?post=54168"},{"taxonomy":"product_tag","embeddable":true,"href":"https:\/\/fh-staging.vengo.cloud\/de-ch\/wp-json\/wp\/v2\/product_tag?post=54168"},{"taxonomy":"woo-feed-brand","embeddable":true,"href":"https:\/\/fh-staging.vengo.cloud\/de-ch\/wp-json\/wp\/v2\/woo-feed-brand?post=54168"}],"curies":[{"name":"wp","href":"https:\/\/api.w.org\/{rel}","templated":true}]}}