{"id":52843,"date":"2025-04-01T16:10:24","date_gmt":"2025-04-01T14:10:24","guid":{"rendered":"https:\/\/fh-staging.vengo.cloud\/de-ch\/?post_type=product&#038;p=52843"},"modified":"2025-06-17T17:09:42","modified_gmt":"2025-06-17T15:09:42","slug":"postkarten-set-schule","status":"publish","type":"product","link":"https:\/\/fh-staging.vengo.cloud\/de-ch\/p\/postkarten-set-schule","title":{"rendered":"Postkarten-Set \u00abSchule\u00bb"},"content":{"rendered":"<p>Es wurde speziell f\u00fcr den Einsatz in der Schule entwickelt. Lehrpersonen k\u00f6nnen den Kindern damit zeigen, dass sie in ihrer Einzigartigkeit wahrgenommen und gesch\u00e4tzt werden. Die Tattoos k\u00f6nnen f\u00fcr eine individuelle F\u00f6rderung oder auch als Symbol f\u00fcr kleine oder grosse Besonderheiten eingesetzt werden. Sie helfen den Kindern \u2013 \u00e4hnlich wie Affirmationen \u2013 das Vertrauen in sich selbst zu st\u00e4rken.<\/p>\n<p><strong>Die sechs Botschaften der Schule-Postkarten lauten:<\/strong><br \/>\nIch glaube fest an dich.<br \/>\nDein Einsatz beeindruckt mich.<br \/>\nDeine Neugier ist wunderbar.<br \/>\nDu bist etwas ganz Besonderes.<br \/>\nIch bin stolz auf dich.<br \/>\nSo sch\u00f6n, dass du geholfen hast.<\/p>\n<p>Weitere Kraft-Tattoos k\u00f6nnen sp\u00e4ter einzeln erg\u00e4nzt werden. Eine sch\u00f6ne Erg\u00e4nzung zu den Postkarten ist der Kartenhalter, der in der BSZ-Stiftung im Kanton Schwyz von Menschen mit Beeintr\u00e4chtigungen produziert wird. Er ist in diesem Lieferumfang nicht enthalten.<\/p>\n<p><strong>Format A6<\/strong><br \/>\nBxL = 10.5&#215;14.8 cm<\/p>\n<p><strong>Lieferumfang<\/strong><br \/>\nDas Set besteht aus 6 Postkarten mit individuellen Botschaften (Affirmationen) und 3 Tattoo-B\u00f6gen mit total 18 Krafttier-Tattoos.<\/p>\n<p><strong>Produktion<\/strong><br \/>\nDie Postkarten sind aus einem sorgf\u00e4ltig gew\u00e4hlten Naturpapier, FSC\u00ae, 100\u2009% Altpapier, produziert bei Engelberger Druck in Stans. Die nachhaltigen Krafttier-Tattoos Organic sind dermatologisch getestet, vegan &amp; biologisch abbaubar, produziert in \u00d6sterreich.<\/p>\n","protected":false},"excerpt":{"rendered":"<p>Das Postkarten-Set \u00abSchule\u00bb enth\u00e4lt motivierende Botschaften, die durch die Tier-Tattoos f\u00fcr die Kinder sichtbar und symbolisch erlebbar gemacht werden.<\/p>\n","protected":false},"featured_media":52844,"template":"","meta":[],"product_brand":[],"product_cat":[23,59,939,52,58],"product_tag":[1036],"woo-feed-brand":[],"class_list":{"0":"post-52843","1":"product","2":"type-product","3":"status-publish","4":"has-post-thumbnail","6":"product_cat-home-living","7":"product_cat-kids","8":"product_cat-kindergeschenke","9":"product_cat-geschenke","10":"product_cat-grusskarten","11":"product_tag-naturprodukte-byminz","12":"product_shipping_class-1-3-arbeitstage","14":"first","15":"instock","16":"taxable","17":"shipping-taxable","18":"purchasable","19":"product-type-simple"},"_links":{"self":[{"href":"https:\/\/fh-staging.vengo.cloud\/de-ch\/wp-json\/wp\/v2\/product\/52843","targetHints":{"allow":["GET"]}}],"collection":[{"href":"https:\/\/fh-staging.vengo.cloud\/de-ch\/wp-json\/wp\/v2\/product"}],"about":[{"href":"https:\/\/fh-staging.vengo.cloud\/de-ch\/wp-json\/wp\/v2\/types\/product"}],"wp:featuredmedia":[{"embeddable":true,"href":"https:\/\/fh-staging.vengo.cloud\/de-ch\/wp-json\/wp\/v2\/media\/52844"}],"wp:attachment":[{"href":"https:\/\/fh-staging.vengo.cloud\/de-ch\/wp-json\/wp\/v2\/media?parent=52843"}],"wp:term":[{"taxonomy":"product_brand","embeddable":true,"href":"https:\/\/fh-staging.vengo.cloud\/de-ch\/wp-json\/wp\/v2\/product_brand?post=52843"},{"taxonomy":"product_cat","embeddable":true,"href":"https:\/\/fh-staging.vengo.cloud\/de-ch\/wp-json\/wp\/v2\/product_cat?post=52843"},{"taxonomy":"product_tag","embeddable":true,"href":"https:\/\/fh-staging.vengo.cloud\/de-ch\/wp-json\/wp\/v2\/product_tag?post=52843"},{"taxonomy":"woo-feed-brand","embeddable":true,"href":"https:\/\/fh-staging.vengo.cloud\/de-ch\/wp-json\/wp\/v2\/woo-feed-brand?post=52843"}],"curies":[{"name":"wp","href":"https:\/\/api.w.org\/{rel}","templated":true}]}}