{"id":52836,"date":"2025-04-01T16:10:26","date_gmt":"2025-04-01T14:10:26","guid":{"rendered":"https:\/\/fh-staging.vengo.cloud\/de-ch\/?post_type=product&#038;p=52836"},"modified":"2025-10-16T13:18:07","modified_gmt":"2025-10-16T11:18:07","slug":"postkarten-set-freunde","status":"publish","type":"product","link":"https:\/\/fh-staging.vengo.cloud\/de-ch\/p\/postkarten-set-freunde","title":{"rendered":"Postkarten-Set \u00abFreunde\u00bb"},"content":{"rendered":"<p><strong>Die vier Botschaften der Freunde-Postkarten lauten:\u2028<\/strong><br \/>\nFreunde sind gemeinsam stark.<br \/>\nFreunde d\u00fcrfen verschieden sein.<br \/>\nFreunde zanken und Freunde lieben sich.<br \/>\nAuf Freunde kann man sich verlassen.<\/p>\n<p>Weitere Kraft-Tattoos k\u00f6nnen sp\u00e4ter einzeln erg\u00e4nzt werden. Eine sch\u00f6ne Erg\u00e4nzung zu den Postkarten ist der Kartenhalter, der in der BSZ-Stiftung im Kanton Schwyz von Menschen mit Beeintr\u00e4chtigungen produziert wird.<\/p>\n<p><strong>Format A6<\/strong><br \/>\nBxL = 10.5&#215;14.8 cm<\/p>\n<p><strong>Lieferumfang<\/strong><br \/>\nDas Set besteht aus 4 Postkarten mit individuellen Botschaften (Affirmationen) und 3 Tattoo-B\u00f6gen mit total 18 Krafttier-Tattoos.<\/p>\n<p><strong>Produktion<\/strong><br \/>\nDie Postkarten sind aus einem sorgf\u00e4ltig gew\u00e4hlten Naturpapier, FSC\u00ae, 100\u2009% Altpapier, produziert bei Engelberger Druck in Stans. Die nachhaltigen Krafttier-Tattoos Organic sind dermatologisch getestet, vegan &amp; biologisch abbaubar, produziert in \u00d6sterreich.<\/p>\n","protected":false},"excerpt":{"rendered":"<p>Die Freunde-Postkarten enthalten Botschaften rund um die Werte einer gesunden Kinderfreundschaft. Jedes Postkarten-Set enth\u00e4lt 18 Tier-Tattoos.<\/p>\n","protected":false},"featured_media":52837,"template":"","meta":[],"product_brand":[],"product_cat":[23,909,915,59,939,52,58],"product_tag":[1036],"woo-feed-brand":[],"class_list":{"0":"post-52836","1":"product","2":"type-product","3":"status-publish","4":"has-post-thumbnail","6":"product_cat-home-living","7":"product_cat-weihnachten","8":"product_cat-wichteln","9":"product_cat-kids","10":"product_cat-kindergeschenke","11":"product_cat-geschenke","12":"product_cat-grusskarten","13":"product_tag-naturprodukte-byminz","15":"first","16":"instock","17":"taxable","18":"shipping-taxable","19":"purchasable","20":"product-type-simple"},"_links":{"self":[{"href":"https:\/\/fh-staging.vengo.cloud\/de-ch\/wp-json\/wp\/v2\/product\/52836","targetHints":{"allow":["GET"]}}],"collection":[{"href":"https:\/\/fh-staging.vengo.cloud\/de-ch\/wp-json\/wp\/v2\/product"}],"about":[{"href":"https:\/\/fh-staging.vengo.cloud\/de-ch\/wp-json\/wp\/v2\/types\/product"}],"wp:featuredmedia":[{"embeddable":true,"href":"https:\/\/fh-staging.vengo.cloud\/de-ch\/wp-json\/wp\/v2\/media\/52837"}],"wp:attachment":[{"href":"https:\/\/fh-staging.vengo.cloud\/de-ch\/wp-json\/wp\/v2\/media?parent=52836"}],"wp:term":[{"taxonomy":"product_brand","embeddable":true,"href":"https:\/\/fh-staging.vengo.cloud\/de-ch\/wp-json\/wp\/v2\/product_brand?post=52836"},{"taxonomy":"product_cat","embeddable":true,"href":"https:\/\/fh-staging.vengo.cloud\/de-ch\/wp-json\/wp\/v2\/product_cat?post=52836"},{"taxonomy":"product_tag","embeddable":true,"href":"https:\/\/fh-staging.vengo.cloud\/de-ch\/wp-json\/wp\/v2\/product_tag?post=52836"},{"taxonomy":"woo-feed-brand","embeddable":true,"href":"https:\/\/fh-staging.vengo.cloud\/de-ch\/wp-json\/wp\/v2\/woo-feed-brand?post=52836"}],"curies":[{"name":"wp","href":"https:\/\/api.w.org\/{rel}","templated":true}]}}