{"id":52819,"date":"2025-04-01T16:10:31","date_gmt":"2025-04-01T14:10:31","guid":{"rendered":"https:\/\/fh-staging.vengo.cloud\/de-ch\/?post_type=product&#038;p=52819"},"modified":"2025-11-04T14:42:53","modified_gmt":"2025-11-04T13:42:53","slug":"kraft-tattoo-set","status":"publish","type":"product","link":"https:\/\/fh-staging.vengo.cloud\/de-ch\/p\/kraft-tattoo-set","title":{"rendered":"Kraft-Tattoo-Set"},"content":{"rendered":"<p>Solche f\u00fchlen sich aus Sicht der Kinder m\u00e4chtig an. Der Streit mit der Freundin. Das Ausgegrenzt-Werden. Die Angst vor der Dunkelheit. Der Trennungsschmerz. Das Zur\u00fcckhalten von Frust. Der Leistungsdruck. Die Geduld bis zur Genesung. Es sind Sorgen, die Eltern den Kindern nicht nehmen k\u00f6nnen. Man kann die Kinder aber dabei unterst\u00fctzen, an sich selbst zu glauben. Das Tier auf jeder Postkarte steht f\u00fcr eine Botschaft. Das gleiche Tier als Tattoo auf dem Arm erinnert an die Kraft dieser Botschaft und unterst\u00fctzt das Kind \u2013 \u00e4hnlich wie eine Affirmation \u2013 den eigenen F\u00e4higkeiten zu vertrauen. Die sechs Botschaften lauten: Du wirst besch\u00fctzt. Wir sind stolz auf dich. Vertraue auf dich und deine F\u00e4higkeiten. Du bist genau richtig so wie du bist. Es ist schwierig, und du schaffst das. Du bist m\u00e4chtiger als das Problem. Weitere Kraft-Tattoos k\u00f6nnen sp\u00e4ter einzeln erg\u00e4nzt werden.<\/p>\n<p><strong>Lieferumfang<\/strong><br \/>\nDas Set besteht aus einem magnetischen Postkartenhalter aus Holz, 3 Tattoo-Bogen mit total 18 Tattoos und sechs Postkarten mit individuellen Botschaften \/ Affirmationen.<\/p>\n<p><strong>Masse<\/strong><br \/>\nBxLxT = 14.8&#215;10.5&#215;1.5 cm<\/p>\n<p><strong>Produktion<\/strong><br \/>\nDer Kartenhalter wurde in der BSZ-Stiftung im Kanton Schwyz von Menschen mit Beeintr\u00e4chtigungen produziert. Er wurde aus Schweizer Buchenholz gefertigt, unbehandelt, FSC\u00ae. Die Postkarten sind aus einem sorgf\u00e4ltig gew\u00e4hlten Naturpapier, FSC\u00ae, 100\u2009% Altpapier, produziert bei Engelberger Druck in Stans. Die nachhaltigen Klebe-Tier-Tattoos Organic sind dermatologisch getestet, vegan &amp; biologisch abbaubar, produziert in \u00d6sterreich. Aus Respekt vor Mensch und Natur.<\/p>\n","protected":false},"excerpt":{"rendered":"<p>Die Kraft-Tattoos sind ein kindgerechtes Tool, um mit \u00c4ngsten und Unsicherheiten umzugehen.<\/p>\n","protected":false},"featured_media":52820,"template":"","meta":[],"product_brand":[],"product_cat":[1208,909,915,59,939],"product_tag":[1036],"woo-feed-brand":[],"class_list":{"0":"post-52819","1":"product","2":"type-product","3":"status-publish","4":"has-post-thumbnail","6":"product_cat-ueber-25-chf","7":"product_cat-weihnachten","8":"product_cat-wichteln","9":"product_cat-kids","10":"product_cat-kindergeschenke","11":"product_tag-naturprodukte-byminz","13":"first","14":"instock","15":"taxable","16":"shipping-taxable","17":"purchasable","18":"product-type-simple"},"_links":{"self":[{"href":"https:\/\/fh-staging.vengo.cloud\/de-ch\/wp-json\/wp\/v2\/product\/52819","targetHints":{"allow":["GET"]}}],"collection":[{"href":"https:\/\/fh-staging.vengo.cloud\/de-ch\/wp-json\/wp\/v2\/product"}],"about":[{"href":"https:\/\/fh-staging.vengo.cloud\/de-ch\/wp-json\/wp\/v2\/types\/product"}],"wp:featuredmedia":[{"embeddable":true,"href":"https:\/\/fh-staging.vengo.cloud\/de-ch\/wp-json\/wp\/v2\/media\/52820"}],"wp:attachment":[{"href":"https:\/\/fh-staging.vengo.cloud\/de-ch\/wp-json\/wp\/v2\/media?parent=52819"}],"wp:term":[{"taxonomy":"product_brand","embeddable":true,"href":"https:\/\/fh-staging.vengo.cloud\/de-ch\/wp-json\/wp\/v2\/product_brand?post=52819"},{"taxonomy":"product_cat","embeddable":true,"href":"https:\/\/fh-staging.vengo.cloud\/de-ch\/wp-json\/wp\/v2\/product_cat?post=52819"},{"taxonomy":"product_tag","embeddable":true,"href":"https:\/\/fh-staging.vengo.cloud\/de-ch\/wp-json\/wp\/v2\/product_tag?post=52819"},{"taxonomy":"woo-feed-brand","embeddable":true,"href":"https:\/\/fh-staging.vengo.cloud\/de-ch\/wp-json\/wp\/v2\/woo-feed-brand?post=52819"}],"curies":[{"name":"wp","href":"https:\/\/api.w.org\/{rel}","templated":true}]}}