{"id":52792,"date":"2025-03-17T14:16:01","date_gmt":"2025-03-17T13:16:01","guid":{"rendered":"https:\/\/fh-staging.vengo.cloud\/de-ch\/?post_type=product&#038;p=52792"},"modified":"2026-01-08T08:09:42","modified_gmt":"2026-01-08T07:09:42","slug":"marienkaeferhaus","status":"publish","type":"product","link":"https:\/\/fh-staging.vengo.cloud\/de-ch\/p\/marienkaeferhaus","title":{"rendered":"Marienk\u00e4ferhaus"},"content":{"rendered":"<p>Die Verwandlung von der Larve zum Marienk\u00e4fer erleben \u2013 dieses Aufzuchtset ist eine wunderbare Geschenkidee f\u00fcr Klein und Gross. Es erm\u00f6glicht, die faszinierende und manchmal auch ruppige und spektakul\u00e4re Metamorphose der Gl\u00fccksk\u00e4ferchen zu beobachten. Das Set enth\u00e4lt kindgerechtes Infomaterial, inklusive detaillierter Anleitungen zur Aufzucht, F\u00fctterung und Pflege, ein Beobachtungstagebuch sowie ein vielseitiges Suchbild zum Aufh\u00e4ngen.<\/p>\n<p>F\u00fcr die Aufzucht der Marienk\u00e4fer sind zus\u00e4tzlich Marienk\u00e4fereier erforderlich, die zusammen mit dem Marienk\u00e4ferhaus bestellt werden k\u00f6nnen. Diese werden per Abrufkarte \/ Gutschein direkt von der Biog\u00e4rtnerei zu dir nach Hause geliefert \u2013 und dann kann die Aufzucht beginnen.<\/p>\n<p>Das Marienk\u00e4ferhaus eignet sich auch zur Beobachtung anderer Insektenarten, sowohl zu Hause als auch in der Schule. Lehrpersonen k\u00f6nnen mit unseren passenden Lehrmitteln wichtige NMG-Kompetenzziele des Lehrplans 21 abdecken.<\/p>\n<p><strong>Lieferumfang<\/strong><br \/>\nDas Marienk\u00e4ferhaus besteht aus Boden, zwei Seitenw\u00e4nde, R\u00fcck- und Vorderwand aus Holz und einem schiebbaren Deckel aus Plexiglas. Es l\u00e4sst sich mit wenigen Handgriffen und ohne Werkzeuge zusammenstecken und nach Gebrauch leicht auseinandernehmen und verstauen. Im Lieferumfang enthalten sind zudem ein Informationsflyer mit zahlreichen Informationen und Tipps zur richtigen Pflege, F\u00fctterung und Aufzucht der Larven sowie ein Beobachtungstagebuch und ein grosses Suchbild zum Aufh\u00e4ngen.<\/p>\n<p><strong>Masse<\/strong><br \/>\nBxLxT = 21x9x14.8 cm<\/p>\n<p><strong>Produktion<\/strong><br \/>\nDas Marienk\u00e4ferhaus wird in der Schweiz von Menschen mit Beeintr\u00e4chtigungen hergestellt. Er ist aus Holz (HDF-Platten) und Plexiglas (PETG transparent, roh) gefertigt. Die Marienk\u00e4ferlarven stammen von Biogarten Andermatt in Grossdietwil im Kanton Luzern.<\/p>\n","protected":false},"excerpt":{"rendered":"<p>Bei der Aufzucht im Marienk\u00e4ferhaus kann die faszinierende Verwandlung von der Larve bis zum Marienk\u00e4fer zu Hause beobachtet werden. Ein Aufzucht-Tagebuch begleitet die grossen und kleinen Naturentdecker:innen.<\/p>\n","protected":false},"featured_media":52794,"template":"","meta":[],"product_brand":[],"product_cat":[939,34,1113,59],"product_tag":[1036],"woo-feed-brand":[],"class_list":{"0":"post-52792","1":"product","2":"type-product","3":"status-publish","4":"has-post-thumbnail","6":"product_cat-kindergeschenke","7":"product_cat-garten-balkon","8":"product_cat-gartenbewohner","9":"product_cat-kids","10":"product_tag-naturprodukte-byminz","12":"first","13":"instock","14":"taxable","15":"shipping-taxable","16":"purchasable","17":"product-type-simple"},"_links":{"self":[{"href":"https:\/\/fh-staging.vengo.cloud\/de-ch\/wp-json\/wp\/v2\/product\/52792","targetHints":{"allow":["GET"]}}],"collection":[{"href":"https:\/\/fh-staging.vengo.cloud\/de-ch\/wp-json\/wp\/v2\/product"}],"about":[{"href":"https:\/\/fh-staging.vengo.cloud\/de-ch\/wp-json\/wp\/v2\/types\/product"}],"wp:featuredmedia":[{"embeddable":true,"href":"https:\/\/fh-staging.vengo.cloud\/de-ch\/wp-json\/wp\/v2\/media\/52794"}],"wp:attachment":[{"href":"https:\/\/fh-staging.vengo.cloud\/de-ch\/wp-json\/wp\/v2\/media?parent=52792"}],"wp:term":[{"taxonomy":"product_brand","embeddable":true,"href":"https:\/\/fh-staging.vengo.cloud\/de-ch\/wp-json\/wp\/v2\/product_brand?post=52792"},{"taxonomy":"product_cat","embeddable":true,"href":"https:\/\/fh-staging.vengo.cloud\/de-ch\/wp-json\/wp\/v2\/product_cat?post=52792"},{"taxonomy":"product_tag","embeddable":true,"href":"https:\/\/fh-staging.vengo.cloud\/de-ch\/wp-json\/wp\/v2\/product_tag?post=52792"},{"taxonomy":"woo-feed-brand","embeddable":true,"href":"https:\/\/fh-staging.vengo.cloud\/de-ch\/wp-json\/wp\/v2\/woo-feed-brand?post=52792"}],"curies":[{"name":"wp","href":"https:\/\/api.w.org\/{rel}","templated":true}]}}