{"id":52779,"date":"2025-04-01T16:10:36","date_gmt":"2025-04-01T14:10:36","guid":{"rendered":"https:\/\/fh-staging.vengo.cloud\/de-ch\/?post_type=product&#038;p=52779"},"modified":"2026-01-08T08:08:59","modified_gmt":"2026-01-08T07:08:59","slug":"raupenkasten","status":"publish","type":"product","link":"https:\/\/fh-staging.vengo.cloud\/de-ch\/p\/raupenkasten","title":{"rendered":"Raupenkasten"},"content":{"rendered":"<p>In den letzten Jahren hat der Raupenkasten sehr viele kleine und grosse Naturfreund:innen f\u00fcr dieses einzigartige Hobby begeistert \u2013 die Aufzucht von einheimischen Schmetterlingen. Mit dem Raupenkasten kann die Verwandlung von der Raupe zum Schmetterling miterlebt werden (Schwalbenschwanz, Kleiner Fuchs und Admiral sind besonders geeignet). Sobald die Schmetterlinge schl\u00fcpfen, \u00f6ffnet man den Raupenkasten, und die filigranen Insekten fliegen in die Natur hinaus. Das Produkt beinhaltet den Raupenkasten aus Holz und viele bebilderte Tipps und Informationen zur Raupensuche, zur Pflege der Sch\u00fctzlinge und Platz, um auf einem Suchplakat eigene Beobachtungen festzuhalten. Der Raupenkasten ist eine wunderbare Geschenkidee f\u00fcr Klein und Gross. Das Material ist auf Deutsch.<\/p>\n<p><strong>Lieferumfang<\/strong><br \/>\nDer Raupenkasten besteht aus einem Deckel, Boden, zwei Seitenw\u00e4nden aus Holz, einer R\u00fcckwand und einer Schiebet\u00fcr aus Plexiglas. Er l\u00e4sst sich mit wenigen Handgriffen und ohne Werkzeuge zusammenstecken und nach Gebrauch leicht auseinandernehmen und verstauen. Im Lieferumfang enthalten sind zudem ein Booklet mit zahlreichen Informationen und Tipps zur Raupensuche und Pflege sowie ein A3-Suchplakat, auf dem eigene Beobachtungen festgehalten werden k\u00f6nnen.<\/p>\n<p><strong>Masse<\/strong><br \/>\nBxHxT = 21x29x21 cm<\/p>\n<p><strong>Produktion<\/strong><br \/>\nDer Raupenkasten wird in der Schweiz von Menschen mit Beeintr\u00e4chtigungen hergestellt. Er ist aus Holz (HDF-Platten und PETG transparent, roh) und Plexiglas gefertigt. Auch die naturgerechte Haltung der Raupen und die Verbreitung von heimischen Schmetterlingen ist zentral. Danke an Papa Papillon f\u00fcr die wertvolle Unterst\u00fctzung.<\/p>\n","protected":false},"excerpt":{"rendered":"<p>Die Verwandlung von der Raupe zum Schmetterling zu Hause erleben und beobachten. Der Raupenkasten ist ein Aufzuchts-Set mit vielen wertvollen Tipps zur Haltung und Pflege der Raupen, Puppen und Schmetterlinge.<\/p>\n","protected":false},"featured_media":57488,"template":"","meta":[],"product_brand":[],"product_cat":[939,34,1113,59],"product_tag":[1036],"woo-feed-brand":[],"class_list":{"0":"post-52779","1":"product","2":"type-product","3":"status-publish","4":"has-post-thumbnail","6":"product_cat-kindergeschenke","7":"product_cat-garten-balkon","8":"product_cat-gartenbewohner","9":"product_cat-kids","10":"product_tag-naturprodukte-byminz","12":"first","13":"instock","14":"taxable","15":"shipping-taxable","16":"purchasable","17":"product-type-simple"},"_links":{"self":[{"href":"https:\/\/fh-staging.vengo.cloud\/de-ch\/wp-json\/wp\/v2\/product\/52779","targetHints":{"allow":["GET"]}}],"collection":[{"href":"https:\/\/fh-staging.vengo.cloud\/de-ch\/wp-json\/wp\/v2\/product"}],"about":[{"href":"https:\/\/fh-staging.vengo.cloud\/de-ch\/wp-json\/wp\/v2\/types\/product"}],"wp:featuredmedia":[{"embeddable":true,"href":"https:\/\/fh-staging.vengo.cloud\/de-ch\/wp-json\/wp\/v2\/media\/57488"}],"wp:attachment":[{"href":"https:\/\/fh-staging.vengo.cloud\/de-ch\/wp-json\/wp\/v2\/media?parent=52779"}],"wp:term":[{"taxonomy":"product_brand","embeddable":true,"href":"https:\/\/fh-staging.vengo.cloud\/de-ch\/wp-json\/wp\/v2\/product_brand?post=52779"},{"taxonomy":"product_cat","embeddable":true,"href":"https:\/\/fh-staging.vengo.cloud\/de-ch\/wp-json\/wp\/v2\/product_cat?post=52779"},{"taxonomy":"product_tag","embeddable":true,"href":"https:\/\/fh-staging.vengo.cloud\/de-ch\/wp-json\/wp\/v2\/product_tag?post=52779"},{"taxonomy":"woo-feed-brand","embeddable":true,"href":"https:\/\/fh-staging.vengo.cloud\/de-ch\/wp-json\/wp\/v2\/woo-feed-brand?post=52779"}],"curies":[{"name":"wp","href":"https:\/\/api.w.org\/{rel}","templated":true}]}}