{"id":52731,"date":"2025-04-01T16:10:58","date_gmt":"2025-04-01T14:10:58","guid":{"rendered":"https:\/\/fh-staging.vengo.cloud\/de-ch\/?post_type=product&#038;p=52731"},"modified":"2025-10-15T09:08:22","modified_gmt":"2025-10-15T07:08:22","slug":"hainbuche-04-06-13-06-02-12-11-12","status":"publish","type":"product","link":"https:\/\/fh-staging.vengo.cloud\/de-ch\/p\/hainbuche-04-06-13-06-02-12-11-12","title":{"rendered":"Hainbuche 04.06.-13.06. &amp; 02.12.-11.12."},"content":{"rendered":"<p>Jeder Tag im Jahr steht im Keltischen Baumkreis f\u00fcr einen Baum. Der wiederum repr\u00e4sentiert die Besonderheiten, Charakteristika und das Potenzial der Person, die an diesem Tag geboren wurde. Viele Menschen besinnen sich in der heutigen Zeit wieder auf die Verbindung zur Natur und interessieren sich f\u00fcr deren Symbolik. Diese wird genutzt als Werkzeug zur Selbsterkenntnis und um das eigene Potenzial zu verstehen und entfalten. Einen jungen Baum zu verschenken wird damit zu einem einzigartigen, nachhaltigen und naturverbundenen Geschenk zur Geburt eines Kindes, zur Taufe, zum Geburtstag, zur Hochzeit, zur Erstkommunion, Konfirmation, Firmung, zu einem Jubil\u00e4um oder einer Firmengr\u00fcndung.<\/p>\n<p><strong>Weitere Informationen findest du <a href=\"https:\/\/fh-staging.vengo.cloud\/de-ch\/mein-horoskopbaum\">hier<\/a>.:<\/strong> Welcher Baum bin ich? Und was sagt die Bedeutung des Baumes \u00fcber meine Pers\u00f6nlichkeit aus?<\/p>\n<p>Zu jedem Horoskop-Baum wird ein Flyer mitgeliefert, der Informationen zum keltischen Baum-Horoskop enth\u00e4lt, insbesondere eine Beschreibung der im jeweiligen Baumzeichen geborenen Person: ihre St\u00e4rken, ihr Potenzial und ihre Entwicklungsm\u00f6glichkeiten.<\/p>\n<p>Ausserdem finden sich darin Hinweise zur Pflege des Jungbaumes, der bei Versand etwa 30 bis 60 cm hoch ist. Bitte beachte, dass die Jungb\u00e4ume nicht das ganze Jahr \u00fcber Laub tragen.<\/p>\n<p>&#8211; &#8211; &#8211;<br \/>\nFalls du diesen Jungbaum mit Horoskop an eine andere Lieferadresse als Geschenk bestellst, wird automatisch eine Geschenkkarte beigelegt, dass das Pr\u00e4sent von dir ist.<\/p>\n","protected":false},"excerpt":{"rendered":"<p>Dieser junge Baum symbolisiert die naturverbundene Kraft der universellen Gerechtigkeit.<br \/>\n<strong>04.06. \u2013 13.06. und 02.12. \u2013 11.12.<\/strong><\/p>\n","protected":false},"featured_media":52790,"template":"","meta":[],"product_brand":[],"product_cat":[1034,52],"product_tag":[1036],"woo-feed-brand":[],"class_list":{"0":"post-52731","1":"product","2":"type-product","3":"status-publish","4":"has-post-thumbnail","6":"product_cat-horoskop-baeume","7":"product_cat-geschenke","8":"product_tag-naturprodukte-byminz","10":"first","11":"instock","12":"taxable","13":"shipping-taxable","14":"purchasable","15":"product-type-simple"},"_links":{"self":[{"href":"https:\/\/fh-staging.vengo.cloud\/de-ch\/wp-json\/wp\/v2\/product\/52731","targetHints":{"allow":["GET"]}}],"collection":[{"href":"https:\/\/fh-staging.vengo.cloud\/de-ch\/wp-json\/wp\/v2\/product"}],"about":[{"href":"https:\/\/fh-staging.vengo.cloud\/de-ch\/wp-json\/wp\/v2\/types\/product"}],"wp:featuredmedia":[{"embeddable":true,"href":"https:\/\/fh-staging.vengo.cloud\/de-ch\/wp-json\/wp\/v2\/media\/52790"}],"wp:attachment":[{"href":"https:\/\/fh-staging.vengo.cloud\/de-ch\/wp-json\/wp\/v2\/media?parent=52731"}],"wp:term":[{"taxonomy":"product_brand","embeddable":true,"href":"https:\/\/fh-staging.vengo.cloud\/de-ch\/wp-json\/wp\/v2\/product_brand?post=52731"},{"taxonomy":"product_cat","embeddable":true,"href":"https:\/\/fh-staging.vengo.cloud\/de-ch\/wp-json\/wp\/v2\/product_cat?post=52731"},{"taxonomy":"product_tag","embeddable":true,"href":"https:\/\/fh-staging.vengo.cloud\/de-ch\/wp-json\/wp\/v2\/product_tag?post=52731"},{"taxonomy":"woo-feed-brand","embeddable":true,"href":"https:\/\/fh-staging.vengo.cloud\/de-ch\/wp-json\/wp\/v2\/woo-feed-brand?post=52731"}],"curies":[{"name":"wp","href":"https:\/\/api.w.org\/{rel}","templated":true}]}}