{"id":52655,"date":"2025-03-14T15:18:49","date_gmt":"2025-03-14T14:18:49","guid":{"rendered":"https:\/\/fh-staging.vengo.cloud\/de-ch\/p\/kinderwerkzeug-besen-gruen"},"modified":"2025-06-20T14:45:54","modified_gmt":"2025-06-20T12:45:54","slug":"kinderwerkzeug-besen-gruen","status":"publish","type":"product","link":"https:\/\/fh-staging.vengo.cloud\/de-ch\/p\/kinderwerkzeug-besen-gruen","title":{"rendered":"Kinderwerkzeug &#8218;Besen&#8216; gr\u00fcn"},"content":{"rendered":"<p>Mit diesem leichten Besen h\u00e4ltst du Gehwege und Wege im Garten frei von Schmutz oder Laub. Dieser Besen mit Holzstiel ist aufgrund seiner L\u00e4nge speziell f\u00fcr Kinder geeignet.<br \/>\nmit Aufh\u00e4ngeschnur<\/p>\n<p>Produktabmessungen L 21.0 cm \u00d7 T 5.1 cm \u00d7 H 80.3 cm<br \/>\nMaterial Pappelholz, Nylon<br \/>\nBruttogewicht 0.295 kg<br \/>\nNettogewicht 0.295 kg<br \/>\nFSC\u00ae-Zertifizierung FSC 100%<br \/>\nMit CE-Kennzeichnung Ja<\/p>\n","protected":false},"excerpt":{"rendered":"<p>Du bist wie ein echter G\u00e4rtner mit deinen eigenen Gartenwerkzeugen!<\/p>\n","protected":false},"featured_media":52654,"template":"","meta":[],"product_brand":[],"product_cat":[62,34,39,1122,59],"product_tag":[289],"woo-feed-brand":[],"class_list":{"0":"post-52655","1":"product","2":"type-product","3":"status-publish","4":"has-post-thumbnail","6":"product_cat-spielzeug","7":"product_cat-garten-balkon","8":"product_cat-gartenzubehoer","9":"product_cat-kids-im-gruenen","10":"product_cat-kids","11":"product_tag-blumengarten-kung-ag","13":"first","14":"instock","15":"taxable","16":"shipping-taxable","17":"purchasable","18":"product-type-simple"},"_links":{"self":[{"href":"https:\/\/fh-staging.vengo.cloud\/de-ch\/wp-json\/wp\/v2\/product\/52655","targetHints":{"allow":["GET"]}}],"collection":[{"href":"https:\/\/fh-staging.vengo.cloud\/de-ch\/wp-json\/wp\/v2\/product"}],"about":[{"href":"https:\/\/fh-staging.vengo.cloud\/de-ch\/wp-json\/wp\/v2\/types\/product"}],"wp:featuredmedia":[{"embeddable":true,"href":"https:\/\/fh-staging.vengo.cloud\/de-ch\/wp-json\/wp\/v2\/media\/52654"}],"wp:attachment":[{"href":"https:\/\/fh-staging.vengo.cloud\/de-ch\/wp-json\/wp\/v2\/media?parent=52655"}],"wp:term":[{"taxonomy":"product_brand","embeddable":true,"href":"https:\/\/fh-staging.vengo.cloud\/de-ch\/wp-json\/wp\/v2\/product_brand?post=52655"},{"taxonomy":"product_cat","embeddable":true,"href":"https:\/\/fh-staging.vengo.cloud\/de-ch\/wp-json\/wp\/v2\/product_cat?post=52655"},{"taxonomy":"product_tag","embeddable":true,"href":"https:\/\/fh-staging.vengo.cloud\/de-ch\/wp-json\/wp\/v2\/product_tag?post=52655"},{"taxonomy":"woo-feed-brand","embeddable":true,"href":"https:\/\/fh-staging.vengo.cloud\/de-ch\/wp-json\/wp\/v2\/woo-feed-brand?post=52655"}],"curies":[{"name":"wp","href":"https:\/\/api.w.org\/{rel}","templated":true}]}}