{"id":52516,"date":"2025-09-25T08:31:08","date_gmt":"2025-09-25T06:31:08","guid":{"rendered":"https:\/\/fh-staging.vengo.cloud\/de-ch\/?post_type=product&#038;p=52516"},"modified":"2025-12-10T10:48:16","modified_gmt":"2025-12-10T09:48:16","slug":"tartufotto-bianco-200g","status":"publish","type":"product","link":"https:\/\/fh-staging.vengo.cloud\/de-ch\/p\/tartufotto-bianco-200g","title":{"rendered":"Tartufotto Bianco (200g)"},"content":{"rendered":"<p><strong>Weisser Haselnusstartufo<\/strong><\/p>\n<p>Handgearbeitete weisse Tartufi aus heller Haselnusscreme und ganzen Haseln\u00fcssen \u2013 umh\u00fcllt in weisser Schokolade und mit Puderzucker best\u00e4ubt.<\/p>\n<p>ZUTATEN \u00c4usserlich: weisse Schokoladencreme 25 %(Zucker, Kakaobutter, Vollmilchpulver , Sahnepulver ,Emulgator: Sojalecithin, nat\u00fcrlicher Vanilleextrakt. Kakao min: 30%), Puderzucker, Kakaobutter. Innen: Haseln\u00fcsse 30 %, Milchschokolade (Zucker , Kakaobutter, Milch Vollkornpulver, Kakaomasse Emulgator: Sojalecithin,<br \/>\nNat\u00fcrlicher Vanilleextrakt. Kakao mind. 35 %, weisse Schokolade, Sahne 6% (Zucker, Kakaobutter, Vollmilchpulver , Sahnepulver , Emulgator: Sojalecithin, Extrakt, nat\u00fcrliche Vanille. Kakao min: 30%. Kann Spuren enthalten Mandeln, Pistazien, glutenhaltiges Getreide, Eier.<\/p>\n<ul>\n<li><strong>DURCHSCHNITTLICHE N\u00c4HRWERTE PRO 100 g<\/strong><\/li>\n<li>Energie\u00a0 2246 kj 588 kcal<\/li>\n<li>Fette 41,7g\u00a0 Davon ges\u00e4ttigt 15,7g<\/li>\n<li>Kohlenhydrate 44.4g Davon Zucker 43.6g<\/li>\n<li>Fasern 3.4g<\/li>\n<li>Proteine 7.2g<\/li>\n<li>Salz 0.20g<\/li>\n<\/ul>\n","protected":false},"excerpt":{"rendered":"<p>S\u00fcsser Tartufotto Bianco<\/p>\n<h1 class=\"product-title product_title entry-title\"><\/h1>\n","protected":false},"featured_media":68401,"template":"","meta":[],"product_brand":[],"product_cat":[114,995,1090,984,1088,42,885,52,54],"product_tag":[1027],"woo-feed-brand":[],"class_list":{"0":"post-52516","1":"product","2":"type-product","3":"status-publish","4":"has-post-thumbnail","6":"product_cat-schokolade-sweets","7":"product_cat-essen-trinken","8":"product_cat-geniesser","9":"product_cat-silvester","10":"product_cat-vatertag","11":"product_cat-kueche","12":"product_cat-koestlichkeiten","13":"product_cat-geschenke","14":"product_cat-feinkost","15":"product_tag-fattoreffe","17":"first","18":"instock","19":"featured","20":"taxable","21":"shipping-taxable","22":"purchasable","23":"product-type-simple"},"_links":{"self":[{"href":"https:\/\/fh-staging.vengo.cloud\/de-ch\/wp-json\/wp\/v2\/product\/52516","targetHints":{"allow":["GET"]}}],"collection":[{"href":"https:\/\/fh-staging.vengo.cloud\/de-ch\/wp-json\/wp\/v2\/product"}],"about":[{"href":"https:\/\/fh-staging.vengo.cloud\/de-ch\/wp-json\/wp\/v2\/types\/product"}],"wp:featuredmedia":[{"embeddable":true,"href":"https:\/\/fh-staging.vengo.cloud\/de-ch\/wp-json\/wp\/v2\/media\/68401"}],"wp:attachment":[{"href":"https:\/\/fh-staging.vengo.cloud\/de-ch\/wp-json\/wp\/v2\/media?parent=52516"}],"wp:term":[{"taxonomy":"product_brand","embeddable":true,"href":"https:\/\/fh-staging.vengo.cloud\/de-ch\/wp-json\/wp\/v2\/product_brand?post=52516"},{"taxonomy":"product_cat","embeddable":true,"href":"https:\/\/fh-staging.vengo.cloud\/de-ch\/wp-json\/wp\/v2\/product_cat?post=52516"},{"taxonomy":"product_tag","embeddable":true,"href":"https:\/\/fh-staging.vengo.cloud\/de-ch\/wp-json\/wp\/v2\/product_tag?post=52516"},{"taxonomy":"woo-feed-brand","embeddable":true,"href":"https:\/\/fh-staging.vengo.cloud\/de-ch\/wp-json\/wp\/v2\/woo-feed-brand?post=52516"}],"curies":[{"name":"wp","href":"https:\/\/api.w.org\/{rel}","templated":true}]}}