{"id":52377,"date":"2025-03-04T12:52:47","date_gmt":"2025-03-04T11:52:47","guid":{"rendered":"https:\/\/fh-staging.vengo.cloud\/de-ch\/?post_type=product&#038;p=52377"},"modified":"2026-01-12T13:50:46","modified_gmt":"2026-01-12T12:50:46","slug":"tartufi-neri-grande","status":"publish","type":"product","link":"https:\/\/fh-staging.vengo.cloud\/de-ch\/p\/tartufi-neri-grande","title":{"rendered":"Tartufi neri \u00abGRANDE\u00bb"},"content":{"rendered":"<p>Neu erh\u00e4ltlich: Tartufi neri \u00abGRANDE\u00bb in der eleganten Kartonverpackung! Mit Gottlieber Design in schwarz-weissen Streifen und edlem Logo im Golddruck.<\/p>\n<p>Mit viel Liebe und Leidenschaft produzieren wir unsere handgemachten Tartufi. Die dunkle Variante, hergestellt aus zartbitterer Schokolade und veredelt mit feinsten Haseln\u00fcssen, ist eine herrliche Delikatesse. Final verfeinern wir sie mit Gottlieber H\u00fcppenst\u00fcckchen. Sie machen die piemontesische Spezialit\u00e4t raffiniert crunchy, einzigartig und zu einer Gottlieber Verf\u00fchrung.<\/p>\n<p class=\"product-name\" style=\"text-align: left;\"><strong>Inhalt<br \/>\n<\/strong>Tartufi neri, 23 St\u00fcck, 276 g<\/p>\n<p><strong>Masse<\/strong><\/p>\n<p>170 x 48 x 85 mm<\/p>\n<div class=\"ce_text block\">\n<div class=\"ce_text block\" style=\"text-align: left;\">\n<h3>Informationen f\u00fcr Allergiker<\/h3>\n<p>Neben den in den Zutaten erw\u00e4hnten Allergenen sind keine weiteren vorhanden.<\/p>\n<\/div>\n<p><a href=\"https:\/\/www.gottlieber.ch\/de\/online-shop\/naehrwertinformationen\" target=\"_blank\" rel=\"noopener\">N\u00e4hrwertinformationen und Allergikerhinweise<\/a><\/p>\n<\/div>\n","protected":false},"excerpt":{"rendered":"<p>Im eleganten Geschenkb\u00f6xli<\/p>\n","protected":false},"featured_media":52378,"template":"","meta":[],"product_brand":[],"product_cat":[114,1022,995,1001,797,984,1208,999,909,915,42,885,52,54],"product_tag":[286],"woo-feed-brand":[],"class_list":{"0":"post-52377","1":"product","2":"type-product","3":"status-publish","4":"has-post-thumbnail","6":"product_cat-schokolade-sweets","7":"product_cat-brunch","8":"product_cat-essen-trinken","9":"product_cat-leckereien","10":"product_cat-muttertag","11":"product_cat-silvester","12":"product_cat-ueber-25-chf","13":"product_cat-valentinstag","14":"product_cat-weihnachten","15":"product_cat-wichteln","16":"product_cat-kueche","17":"product_cat-koestlichkeiten","18":"product_cat-geschenke","19":"product_cat-feinkost","20":"product_tag-gottlieber-spezialitaten-ag","22":"first","23":"instock","24":"taxable","25":"shipping-taxable","26":"purchasable","27":"product-type-simple"},"_links":{"self":[{"href":"https:\/\/fh-staging.vengo.cloud\/de-ch\/wp-json\/wp\/v2\/product\/52377","targetHints":{"allow":["GET"]}}],"collection":[{"href":"https:\/\/fh-staging.vengo.cloud\/de-ch\/wp-json\/wp\/v2\/product"}],"about":[{"href":"https:\/\/fh-staging.vengo.cloud\/de-ch\/wp-json\/wp\/v2\/types\/product"}],"wp:featuredmedia":[{"embeddable":true,"href":"https:\/\/fh-staging.vengo.cloud\/de-ch\/wp-json\/wp\/v2\/media\/52378"}],"wp:attachment":[{"href":"https:\/\/fh-staging.vengo.cloud\/de-ch\/wp-json\/wp\/v2\/media?parent=52377"}],"wp:term":[{"taxonomy":"product_brand","embeddable":true,"href":"https:\/\/fh-staging.vengo.cloud\/de-ch\/wp-json\/wp\/v2\/product_brand?post=52377"},{"taxonomy":"product_cat","embeddable":true,"href":"https:\/\/fh-staging.vengo.cloud\/de-ch\/wp-json\/wp\/v2\/product_cat?post=52377"},{"taxonomy":"product_tag","embeddable":true,"href":"https:\/\/fh-staging.vengo.cloud\/de-ch\/wp-json\/wp\/v2\/product_tag?post=52377"},{"taxonomy":"woo-feed-brand","embeddable":true,"href":"https:\/\/fh-staging.vengo.cloud\/de-ch\/wp-json\/wp\/v2\/woo-feed-brand?post=52377"}],"curies":[{"name":"wp","href":"https:\/\/api.w.org\/{rel}","templated":true}]}}