{"id":52367,"date":"2025-03-04T11:40:18","date_gmt":"2025-03-04T10:40:18","guid":{"rendered":"https:\/\/fh-staging.vengo.cloud\/de-ch\/?post_type=product&#038;p=52367"},"modified":"2025-12-10T09:55:14","modified_gmt":"2025-12-10T08:55:14","slug":"gottlieber-geschenkset-deluxe","status":"publish","type":"product","link":"https:\/\/fh-staging.vengo.cloud\/de-ch\/p\/gottlieber-geschenkset-deluxe","title":{"rendered":"Gottlieber Geschenkset \u00abDeluxe\u00bb"},"content":{"rendered":"<div class=\"description\">\n<p>\u00dcberrasche deine Liebsten mit unserem Geschenkset \u00abDeluxe\u00bb und lasse sie in eine Welt voller Genuss eintauchen! Jede einzelne Gottlieber Spezialit\u00e4t wird mit h\u00f6chster Sorgfalt und aus besten Zutaten hergestellt, um ein unvergleichliches Geschmackserlebnis zu bieten.<\/p>\n<p>Das Geschenkset \u00abDeluxe\u00bb enth\u00e4lt eine vielf\u00e4ltige Auswahl an Leckereien, die f\u00fcr jeden Geschmack etwas bieten. Die handgefertigten Tartufi aus feiner Schokolade, Haseln\u00fcssen und H\u00fcppenst\u00fcckchen schmelzen f\u00f6rmlich auf der Zunge, w\u00e4hrend die feinste Cacaomandeln &amp; Haseln\u00fcsse in weisser Schokolade einen k\u00f6stlichen Crunch bieten und der Fr\u00fcchtetee \u00abFr\u00fcchterevolution\u00bb f\u00fcr Entspannung sorgt. Unsere exklusiven Gottlieber H\u00fcppen mit verschiedenen zarten F\u00fcllungen runden das Genusserlebnis perfekt ab.<\/p>\n<p>Das Geschenkset \u00abDeluxe\u00bb eignet sich auch hervorragend als Geschenk f\u00fcr Gesch\u00e4ftspartner oder Freunde, die das Besondere lieben. Mit diesem exquisiten Geschenk zeigst du deine Wertsch\u00e4tzung und hinterl\u00e4sst einen bleibenden Eindruck.<\/p>\n<\/div>\n<p style=\"text-align: left\"><strong>Inhalt<\/strong><br \/>\n1 Packung Noix de Coco, 22 Mini-H\u00fcppen, 85 g<br \/>\n1 Packung Black Special Grand Cru, 22 Mini-H\u00fcppen, 95 g<br \/>\n1 Packung Chocolait, Cappuccino, Noix de Coco, 8 H\u00fcppen, 120 g<br \/>\n1 Packung Classic, 10 H\u00fcppen, 150 g<br \/>\n1 Packung Tradition, 10 H\u00fcppen, 150 g<br \/>\n1 Dose Fr\u00fcchtetee \u00abFr\u00fcchterevolution\u00bb, 100 g<br \/>\n1 S\u00e4ckli Gianduja-Orange, 10 H\u00fcppen, 150 g<br \/>\n1 S\u00e4ckli Cacaomandeln, 180 g<br \/>\n1 S\u00e4ckli Haseln\u00fcsse mit weisser Schokolade, 180g<br \/>\n1 S\u00e4ckli Tartufi bianchi, 6 St\u00fcck, 72 g<br \/>\n1 S\u00e4ckli Tartufi neri, 6 St\u00fcck, 72 g<\/p>\n<p><strong>Masse<\/strong><br \/>\n365 x 380 x 98 mm<\/p>\n<p style=\"text-align: left\"><a href=\"https:\/\/www.gottlieber.ch\/de\/online-shop\/naehrwertinformationen\" target=\"_blank\" rel=\"noopener\"> N\u00e4hrwertinformationen und Allergikerhinweise<\/a><\/p>\n","protected":false},"excerpt":{"rendered":"<p>Mit einer exquisiten Auswahl unserer Manufaktur<\/p>\n","protected":false},"featured_media":52368,"template":"","meta":[],"product_brand":[],"product_cat":[984,993,42,114,885,52,54],"product_tag":[286],"woo-feed-brand":[],"class_list":{"0":"post-52367","1":"product","2":"type-product","3":"status-publish","4":"has-post-thumbnail","6":"product_cat-silvester","7":"product_cat-silvestergeschenke","8":"product_cat-kueche","9":"product_cat-schokolade-sweets","10":"product_cat-koestlichkeiten","11":"product_cat-geschenke","12":"product_cat-feinkost","13":"product_tag-gottlieber-spezialitaten-ag","15":"first","16":"instock","17":"taxable","18":"shipping-taxable","19":"purchasable","20":"product-type-simple"},"_links":{"self":[{"href":"https:\/\/fh-staging.vengo.cloud\/de-ch\/wp-json\/wp\/v2\/product\/52367","targetHints":{"allow":["GET"]}}],"collection":[{"href":"https:\/\/fh-staging.vengo.cloud\/de-ch\/wp-json\/wp\/v2\/product"}],"about":[{"href":"https:\/\/fh-staging.vengo.cloud\/de-ch\/wp-json\/wp\/v2\/types\/product"}],"wp:featuredmedia":[{"embeddable":true,"href":"https:\/\/fh-staging.vengo.cloud\/de-ch\/wp-json\/wp\/v2\/media\/52368"}],"wp:attachment":[{"href":"https:\/\/fh-staging.vengo.cloud\/de-ch\/wp-json\/wp\/v2\/media?parent=52367"}],"wp:term":[{"taxonomy":"product_brand","embeddable":true,"href":"https:\/\/fh-staging.vengo.cloud\/de-ch\/wp-json\/wp\/v2\/product_brand?post=52367"},{"taxonomy":"product_cat","embeddable":true,"href":"https:\/\/fh-staging.vengo.cloud\/de-ch\/wp-json\/wp\/v2\/product_cat?post=52367"},{"taxonomy":"product_tag","embeddable":true,"href":"https:\/\/fh-staging.vengo.cloud\/de-ch\/wp-json\/wp\/v2\/product_tag?post=52367"},{"taxonomy":"woo-feed-brand","embeddable":true,"href":"https:\/\/fh-staging.vengo.cloud\/de-ch\/wp-json\/wp\/v2\/woo-feed-brand?post=52367"}],"curies":[{"name":"wp","href":"https:\/\/api.w.org\/{rel}","templated":true}]}}