{"id":5219,"date":"2019-07-12T06:33:27","date_gmt":"2019-07-12T06:33:27","guid":{"rendered":"https:\/\/fh-staging.vengo.cloud\/?product=bacsac-pot-10-liter-taupe"},"modified":"2025-05-12T14:32:46","modified_gmt":"2025-05-12T12:32:46","slug":"bacsac-pot-10-liter-taupe","status":"publish","type":"product","link":"https:\/\/fh-staging.vengo.cloud\/de-ch\/p\/bacsac-pot-10-liter-taupe","title":{"rendered":"BACSAC Pot 10 Liter taupe"},"content":{"rendered":"<p>Die\u00a0Pflanzgef\u00e4sse von BACSAC\u00ae, das franz\u00f6sische Original, ist das absolute Trendgef\u00e4ss f\u00fcr Urbangardening! Wer es stilvoll mag, f\u00fcr den sind die Pflanztaschen von\u00a0BACSAC\u00ae genau das Richtige. BACSAC\u00ae ist ein Produktprogramm, das es erm\u00f6glicht, leichte und flexible G\u00e4rten auf Balkon und Terrasse zu kreieren.\u00a0BACSAC\u00ae l\u00e4sst die Erde atmen und das \u00fcbersch\u00fcssige Wasser abfliessen.<\/p>\n<p>Sein technisches mehrschichtiges Gewebe h\u00e4lt das notwendige Gleichgewicht zwischen Luft, Erde und Wasser. Es ist reissfest, abrieb- und UV-resistent und h\u00e4lt Temperaturen von -30 \u00b0 C bis + 70 \u00b0 C stand. Im Inneren sch\u00fctzt die Kombination aus drei Schichten Filz die Wurzeln und begrenzt dadurch die Verdunstung und verteilt das Wasser. Bei Begr\u00fcnungen im Aussenbereich, wird direkt in das Pflanzgef\u00e4ss hineingepflanzt. Urbangardening ist so ganz einfach.<\/p>\n<p>Auch in der Innenbegr\u00fcnung werden BACSAC\u00ae Pflangef\u00e4sse eingesetzt. Im Innenbereich verwendet man die Pflanzs\u00e4cke als \u00dcbergef\u00e4sse. Idealerweise stellt man die Pflanzen zusammen mit einem Unterteller oder einem dichten Innengef\u00e4ss direkt in den Sack.<\/p>\n","protected":false},"excerpt":{"rendered":"<p>Trendiges Pflanzgef\u00e4ss aus hochwertigem UV-resistentem Gewebe.<br \/>\nH\u00f6he 23cm, Durchmesser 23cm<\/p>\n","protected":false},"featured_media":5220,"template":"","meta":[],"product_brand":[],"product_cat":[40,1089,1088,34],"product_tag":[287],"woo-feed-brand":[],"class_list":{"0":"post-5219","1":"product","2":"type-product","3":"status-publish","4":"has-post-thumbnail","6":"product_cat-uebertoepfe","7":"product_cat-hobbygaertner","8":"product_cat-vatertag","9":"product_cat-garten-balkon","10":"product_tag-urbangardeningshop-ch","12":"first","13":"instock","14":"taxable","15":"shipping-taxable","16":"purchasable","17":"product-type-simple"},"_links":{"self":[{"href":"https:\/\/fh-staging.vengo.cloud\/de-ch\/wp-json\/wp\/v2\/product\/5219","targetHints":{"allow":["GET"]}}],"collection":[{"href":"https:\/\/fh-staging.vengo.cloud\/de-ch\/wp-json\/wp\/v2\/product"}],"about":[{"href":"https:\/\/fh-staging.vengo.cloud\/de-ch\/wp-json\/wp\/v2\/types\/product"}],"wp:featuredmedia":[{"embeddable":true,"href":"https:\/\/fh-staging.vengo.cloud\/de-ch\/wp-json\/wp\/v2\/media\/5220"}],"wp:attachment":[{"href":"https:\/\/fh-staging.vengo.cloud\/de-ch\/wp-json\/wp\/v2\/media?parent=5219"}],"wp:term":[{"taxonomy":"product_brand","embeddable":true,"href":"https:\/\/fh-staging.vengo.cloud\/de-ch\/wp-json\/wp\/v2\/product_brand?post=5219"},{"taxonomy":"product_cat","embeddable":true,"href":"https:\/\/fh-staging.vengo.cloud\/de-ch\/wp-json\/wp\/v2\/product_cat?post=5219"},{"taxonomy":"product_tag","embeddable":true,"href":"https:\/\/fh-staging.vengo.cloud\/de-ch\/wp-json\/wp\/v2\/product_tag?post=5219"},{"taxonomy":"woo-feed-brand","embeddable":true,"href":"https:\/\/fh-staging.vengo.cloud\/de-ch\/wp-json\/wp\/v2\/woo-feed-brand?post=5219"}],"curies":[{"name":"wp","href":"https:\/\/api.w.org\/{rel}","templated":true}]}}