{"id":52108,"date":"2025-02-26T17:38:23","date_gmt":"2025-02-26T16:38:23","guid":{"rendered":"https:\/\/fh-staging.vengo.cloud\/de-ch\/p\/bodensee-bluetentraeume-bienensommer-100gr"},"modified":"2025-05-12T14:35:12","modified_gmt":"2025-05-12T12:35:12","slug":"bodensee-bluetentraeume-bienensommer-100gr","status":"publish","type":"product","link":"https:\/\/fh-staging.vengo.cloud\/de-ch\/p\/bodensee-bluetentraeume-bienensommer-100gr","title":{"rendered":"Bodensee Bl\u00fctentr\u00e4ume &#8218;Bienensommer&#8216; 100gr"},"content":{"rendered":"<p>Verwandeln sie langweilige Rabatten und pflegeintensive Rasenfl\u00e4chen in ein zauberhaftes Bl\u00fctenmeer.<br \/>\nEine Wohltat f\u00fcr jeden Betrachter und die Insekten!<\/p>\n<p>Wertvoll f\u00fcr jedes Bienenvolk!<br \/>\n\u2022 Wuchsh\u00f6he: 30 \u2013 60 cm<br \/>\n\u2022 Duftresede, Natternkopf, Drachenkopf, Goldmohn, roter und blauer Lein, Schleierkraut, Klatschmohn, Kornblumen, Schmuckk\u00f6rbchen, Sonnenblumen uvm.<br \/>\n\u2022 Aussaatmenge: 7 \u2013 max. 10 g\/m2<\/p>\n<p>Unsere einj\u00e4hrige Bl\u00fchmischung enth\u00e4lt bis zu 40 Arten:<br \/>\nDuftiesede, ivalternkopf, Drachenkopf, Buschwinden, Goldmohn, roterand * blauer Lein, Schleierkraut, Klatschmohn, Kornblumen, Ringelblumen, Schmuck-k\u00f6rbchen, Kapmargeriten, Sonnenblumen uvm.<br \/>\nWuchsh\u00f6he: 30 &#8211; 60 cm<br \/>\nAussaatzeitpunkt: Die Aussaat kann je nach Witterung von Anfang April bis Ende Mai erfolgen. Ausges\u00e4t werden kann in jeden gelockerten Gartenboden.<br \/>\nEin sonniger Standort wird bevorzugt.<br \/>\nAussaatmenge: 7- max 10 g\/m?<br \/>\nBl\u00fctezeit: Anfang Juni bis zum ersten Frost<br \/>\nSonstiges: Unser Bienensommer soll ein buntes, lebendiges Bild in Garten und Landschaft zaubern sowie eben auch f\u00fcr Schmetterlinge, Bienen und Hummeln eine nektar- und pollenspendende Nahrungsquelle bieten.<br \/>\nDiese besondere Mischung ben\u00f6tigt auf fruchtbarem Boden keinerlei D\u00fcngung. Die Fl\u00e4che zur Einsaat sollte ca. 5 cm tief gelockert sein. Die Samenmenge kann durch Beigabe von S\u00e4gemehl oder Quarzsand auf das 3- bis 5fache des Volumens aufgemischt werden. Dadurch wird eine bessere Verteilung der Samen auf die Fl\u00e4che gew\u00e4hrleistet.<br \/>\nDie optimale Aussaattiefe betr\u00e4gt zwischen 0,5 und 1,5 cm. Die ersten 3 &#8211; 4 Wochen sollte auf gen\u00fcgend Feuchtigkeit geachtet werden.<\/p>\n","protected":false},"excerpt":{"rendered":"<p>Verwandle langweilige Rabatten und pflegeintensive Rasenfl\u00e4chen in ein zauberhaftes Bl\u00fctenmeer.<\/p>\n","protected":false},"featured_media":52107,"template":"","meta":[],"product_brand":[],"product_cat":[110,1089,1088,34,41],"product_tag":[289],"woo-feed-brand":[],"class_list":{"0":"post-52108","1":"product","2":"type-product","3":"status-publish","4":"has-post-thumbnail","6":"product_cat-samen","7":"product_cat-hobbygaertner","8":"product_cat-vatertag","9":"product_cat-garten-balkon","10":"product_cat-outdoorpflanzen","11":"product_tag-blumengarten-kung-ag","13":"first","14":"instock","15":"taxable","16":"shipping-taxable","17":"purchasable","18":"product-type-simple"},"_links":{"self":[{"href":"https:\/\/fh-staging.vengo.cloud\/de-ch\/wp-json\/wp\/v2\/product\/52108","targetHints":{"allow":["GET"]}}],"collection":[{"href":"https:\/\/fh-staging.vengo.cloud\/de-ch\/wp-json\/wp\/v2\/product"}],"about":[{"href":"https:\/\/fh-staging.vengo.cloud\/de-ch\/wp-json\/wp\/v2\/types\/product"}],"wp:featuredmedia":[{"embeddable":true,"href":"https:\/\/fh-staging.vengo.cloud\/de-ch\/wp-json\/wp\/v2\/media\/52107"}],"wp:attachment":[{"href":"https:\/\/fh-staging.vengo.cloud\/de-ch\/wp-json\/wp\/v2\/media?parent=52108"}],"wp:term":[{"taxonomy":"product_brand","embeddable":true,"href":"https:\/\/fh-staging.vengo.cloud\/de-ch\/wp-json\/wp\/v2\/product_brand?post=52108"},{"taxonomy":"product_cat","embeddable":true,"href":"https:\/\/fh-staging.vengo.cloud\/de-ch\/wp-json\/wp\/v2\/product_cat?post=52108"},{"taxonomy":"product_tag","embeddable":true,"href":"https:\/\/fh-staging.vengo.cloud\/de-ch\/wp-json\/wp\/v2\/product_tag?post=52108"},{"taxonomy":"woo-feed-brand","embeddable":true,"href":"https:\/\/fh-staging.vengo.cloud\/de-ch\/wp-json\/wp\/v2\/woo-feed-brand?post=52108"}],"curies":[{"name":"wp","href":"https:\/\/api.w.org\/{rel}","templated":true}]}}