{"id":52090,"date":"2025-02-26T17:37:15","date_gmt":"2025-02-26T16:37:15","guid":{"rendered":"https:\/\/fh-staging.vengo.cloud\/de-ch\/p\/bodensee-bluetentraeume-fleurs-de-cuisine-100gr"},"modified":"2025-04-01T03:44:40","modified_gmt":"2025-04-01T01:44:40","slug":"bodensee-bluetentraeume-fleurs-de-cuisine-100gr","status":"publish","type":"product","link":"https:\/\/fh-staging.vengo.cloud\/de-ch\/p\/bodensee-bluetentraeume-fleurs-de-cuisine-100gr","title":{"rendered":"Bodensee Bl\u00fctentr\u00e4ume &#8218;Fleurs de Cuisine&#8216; 100gr"},"content":{"rendered":"<p>Fleurs de Cuisine \u2013 Essbare Bl\u00fctenmischung<\/p>\n<p>Verwandeln Sie Ihren Garten in ein farbenfrohes Bl\u00fctenmeer mit der Fleurs de Cuisine Bl\u00fchmischung aus der Reihe Bodensee Bl\u00fctentr\u00e4ume. Diese sorgf\u00e4ltig zusammengestellte einj\u00e4hrige Saatmischung enth\u00e4lt eine Vielzahl essbarer Bl\u00fcten, die nicht nur optisch ansprechend sind, sondern auch in der K\u00fcche vielseitig verwendet werden k\u00f6nnen.<br \/>\nEnthaltene Pflanzenarten:<\/p>\n<p>Kr\u00e4uter &amp; W\u00fcrzpflanzen: Basilikum Genovese, Gew\u00fcrz-Fenchel, Zitronenmonarde, Thymian, Muskateller-Salbei<br \/>\nEssbare Bl\u00fcten: Borretsch, Ringelblumen, Kornblumen, Speise-Chrysanthemen, Kamille, Tagetes, Kapuzinerkresse, Salatrauke, Faser-Lein, Jungfer im Gr\u00fcnen, Schwarznessel<\/p>\n<p>Wuchs &amp; Standort:<\/p>\n<p>Wuchsh\u00f6he: 30 \u2013 80 cm<br \/>\nStandort: Sonnig, in jedem gelockerten Gartenboden<br \/>\nKeine zus\u00e4tzliche D\u00fcngung notwendig<\/p>\n<p>Aussaat &amp; Bl\u00fctezeit:<\/p>\n<p>Aussaatzeitpunkt: Mitte April bis Ende Juli, abh\u00e4ngig von der Witterung<br \/>\nAussaatmenge: 10 g\/m\u00b2<br \/>\nBl\u00fctezeit: Ab Mitte Mai bis zum ersten Frost<\/p>\n<p>Besondere Eigenschaften:<\/p>\n<p>Bietet nektar- und pollenreiche Nahrung f\u00fcr Bienen, Hummeln und Schmetterlinge<br \/>\nIdeal f\u00fcr Gartenbeete, Hochbeete und K\u00fcbelbepflanzung<br \/>\nMischung sollte vor der Aussaat mit dem 3- bis 5-fachen Volumen an Saat-Hilfe vermischt werden, um eine gleichm\u00e4\u00dfige Verteilung zu gew\u00e4hrleisten<br \/>\nSaattiefe: 0,5 bis 1,5 cm<br \/>\nIn den ersten 3 \u2013 4 Wochen auf ausreichende Feuchtigkeit achten<\/p>\n<p>Mit dieser hochwertigen Bl\u00fchmischung bereichern Sie Ihren Garten mit leuchtenden Farben und k\u00f6stlichen Bl\u00fcten, die sowohl f\u00fcr Mensch als auch f\u00fcr Insekten eine wertvolle Bereicherung darstellen. Ideal f\u00fcr die kreative K\u00fcche und dekorative Speisen!<\/p>\n","protected":false},"excerpt":{"rendered":"<p>Fleurs de Cuisine \u2013 Essbare Bl\u00fctenmischung<\/p>\n","protected":false},"featured_media":52089,"template":"","meta":[],"product_brand":[],"product_cat":[110,34,41],"product_tag":[289],"woo-feed-brand":[],"class_list":{"0":"post-52090","1":"product","2":"type-product","3":"status-publish","4":"has-post-thumbnail","6":"product_cat-samen","7":"product_cat-garten-balkon","8":"product_cat-outdoorpflanzen","9":"product_tag-blumengarten-kung-ag","11":"first","12":"instock","13":"taxable","14":"shipping-taxable","15":"purchasable","16":"product-type-simple"},"_links":{"self":[{"href":"https:\/\/fh-staging.vengo.cloud\/de-ch\/wp-json\/wp\/v2\/product\/52090","targetHints":{"allow":["GET"]}}],"collection":[{"href":"https:\/\/fh-staging.vengo.cloud\/de-ch\/wp-json\/wp\/v2\/product"}],"about":[{"href":"https:\/\/fh-staging.vengo.cloud\/de-ch\/wp-json\/wp\/v2\/types\/product"}],"wp:featuredmedia":[{"embeddable":true,"href":"https:\/\/fh-staging.vengo.cloud\/de-ch\/wp-json\/wp\/v2\/media\/52089"}],"wp:attachment":[{"href":"https:\/\/fh-staging.vengo.cloud\/de-ch\/wp-json\/wp\/v2\/media?parent=52090"}],"wp:term":[{"taxonomy":"product_brand","embeddable":true,"href":"https:\/\/fh-staging.vengo.cloud\/de-ch\/wp-json\/wp\/v2\/product_brand?post=52090"},{"taxonomy":"product_cat","embeddable":true,"href":"https:\/\/fh-staging.vengo.cloud\/de-ch\/wp-json\/wp\/v2\/product_cat?post=52090"},{"taxonomy":"product_tag","embeddable":true,"href":"https:\/\/fh-staging.vengo.cloud\/de-ch\/wp-json\/wp\/v2\/product_tag?post=52090"},{"taxonomy":"woo-feed-brand","embeddable":true,"href":"https:\/\/fh-staging.vengo.cloud\/de-ch\/wp-json\/wp\/v2\/woo-feed-brand?post=52090"}],"curies":[{"name":"wp","href":"https:\/\/api.w.org\/{rel}","templated":true}]}}