{"id":5014,"date":"2019-06-13T10:43:39","date_gmt":"2019-06-13T08:43:39","guid":{"rendered":"https:\/\/fh-staging.vengo.cloud\/?product=samenkugeln-blutentraum-6er"},"modified":"2025-06-06T08:03:23","modified_gmt":"2025-06-06T06:03:23","slug":"samenkugeln-blutentraum-6er","status":"publish","type":"product","link":"https:\/\/fh-staging.vengo.cloud\/de-ch\/p\/samenkugeln-blutentraum-6er","title":{"rendered":"Samenkugeln Bl\u00fctentraum 6er"},"content":{"rendered":"<p style=\"text-align: left;\">Die Samenkugeln enthalten eine Mischung aus bis zu 40 Arten, darunter Natternkopf, Buschwinden, Goldmohn, roter und blauer Lein, Klatschmohn, Kornblumen, Ringelblumen, Schmuckk\u00f6rbchen und viele mehr. Samenkugeln, Seedbombs, Seedballs, Samenbomben, Seed Bombs, Samenb\u00e4lle &#8211; sie haben viele Namen. Doch was sind Samenkugeln und wie werden sie hergestellt? Alle unsere\u00a0Samenkugeln werden vom\u00a0UrbanGardeningShop in Handarbeit hergestellt. Alles an\u00a0den Produkten ist Handmade. Bei der Produktion verwenden\u00a0wir lediglich nat\u00fcrliche Produkte wie Lehm, Bio-Erde (ohne Torf) und Saatgut. Durch das Rollen von Hand ist jede Samenkugel einzigartig. Keine sieht genau gleich wie die andere aus, jede ist ein Naturprodukt. Verpackt werden die Samenkugeln in kleine Kartonschachteln.\u00a0Toll beschriftet, ideal als Geschenk oder um mit Kindern den Garten zu versch\u00f6nern.<\/p>\n<p style=\"text-align: left;\"><strong>Anleitung:<\/strong> Samenkugeln im Garten auswerfen oder gezielt an gew\u00fcnschten Orten leicht in den Boden dr\u00fccken. Um die Bl\u00fcte zu beschleunigen, kann man am Anfang etwas w\u00e4ssern. Den Rest macht die Natur von alleine.<\/p>\n","protected":false},"excerpt":{"rendered":"<p>6er Set Samenkugeln. Ideal f\u00fcr Bienen und Schmetterlinge. Schaffen Sie mit diesen Samenkugeln, im Garten oder auf der Terrasse, kleine Blumenoasen.<\/p>\n","protected":false},"featured_media":5015,"template":"","meta":[],"product_brand":[],"product_cat":[110,1023,1089,797,1018,1026,1088,34,41],"product_tag":[287],"woo-feed-brand":[],"class_list":{"0":"post-5014","1":"product","2":"type-product","3":"status-publish","4":"has-post-thumbnail","6":"product_cat-samen","7":"product_cat-fuer-mama","8":"product_cat-hobbygaertner","9":"product_cat-muttertag","10":"product_cat-ostern","11":"product_cat-osternest","12":"product_cat-vatertag","13":"product_cat-garten-balkon","14":"product_cat-outdoorpflanzen","15":"product_tag-urbangardeningshop-ch","17":"first","18":"instock","19":"taxable","20":"shipping-taxable","21":"purchasable","22":"product-type-simple"},"_links":{"self":[{"href":"https:\/\/fh-staging.vengo.cloud\/de-ch\/wp-json\/wp\/v2\/product\/5014","targetHints":{"allow":["GET"]}}],"collection":[{"href":"https:\/\/fh-staging.vengo.cloud\/de-ch\/wp-json\/wp\/v2\/product"}],"about":[{"href":"https:\/\/fh-staging.vengo.cloud\/de-ch\/wp-json\/wp\/v2\/types\/product"}],"wp:featuredmedia":[{"embeddable":true,"href":"https:\/\/fh-staging.vengo.cloud\/de-ch\/wp-json\/wp\/v2\/media\/5015"}],"wp:attachment":[{"href":"https:\/\/fh-staging.vengo.cloud\/de-ch\/wp-json\/wp\/v2\/media?parent=5014"}],"wp:term":[{"taxonomy":"product_brand","embeddable":true,"href":"https:\/\/fh-staging.vengo.cloud\/de-ch\/wp-json\/wp\/v2\/product_brand?post=5014"},{"taxonomy":"product_cat","embeddable":true,"href":"https:\/\/fh-staging.vengo.cloud\/de-ch\/wp-json\/wp\/v2\/product_cat?post=5014"},{"taxonomy":"product_tag","embeddable":true,"href":"https:\/\/fh-staging.vengo.cloud\/de-ch\/wp-json\/wp\/v2\/product_tag?post=5014"},{"taxonomy":"woo-feed-brand","embeddable":true,"href":"https:\/\/fh-staging.vengo.cloud\/de-ch\/wp-json\/wp\/v2\/woo-feed-brand?post=5014"}],"curies":[{"name":"wp","href":"https:\/\/api.w.org\/{rel}","templated":true}]}}