{"id":49223,"date":"2024-11-28T07:22:21","date_gmt":"2024-11-28T06:22:21","guid":{"rendered":"https:\/\/fh-staging.vengo.cloud\/de-ch\/p\/batterien-aa-20stk-in-box"},"modified":"2025-04-01T03:57:38","modified_gmt":"2025-04-01T01:57:38","slug":"batterien-aa-20stk-in-box","status":"publish","type":"product","link":"https:\/\/fh-staging.vengo.cloud\/de-ch\/p\/batterien-aa-20stk-in-box","title":{"rendered":"Batterien &#8218;AA&#8216; 20stk in Box"},"content":{"rendered":"<p>Mit einer langanhaltenden, pr\u00e4zisen Energieabgabe sind die Alkaline-Batterien die ideale Energiequelle f\u00fcr unterschiedlichste Alltagsger\u00e4te mit durchschnittlichem Verbrauch. Dies umfasst elektrische Ger\u00e4te wie Fernbedienungen, Taschenlampen, Wecker oder Wanduhren. Mit der Batterie hast du bei Stromausf\u00e4llen oder in einem anderen Notfall immer eine unabh\u00e4ngige Stromversorgung zur Hand.<\/p>\n<p><strong>Spezifikationen<\/strong><br \/>\nBetriebsspannung: 1.5 Volt<br \/>\nBatterie-Typ: LR6<br \/>\nKapazit\u00e4t: 2960 mAh<br \/>\nFarbe: Schwarz<br \/>\nL\u00e4nge: 1.45 cm<br \/>\nBreite: 1.45 cm<br \/>\nH\u00f6he: 5.05 cm<br \/>\nBruttogewicht: 98 g<br \/>\nNettogewicht: 23 g<br \/>\nGarantie: 24 Monate<br \/>\nVerpackungsdimension (Breite): 1.40 cm<br \/>\nVerpackungsdimension (H\u00f6he): 12.00 cm<br \/>\nVerpackungsdimension (Tiefe): 8.30 cm<br \/>\nArtikelkategorie: Alkaline<\/p>\n","protected":false},"excerpt":{"rendered":"<p>die ideale Energiequelle f\u00fcr unterschiedlichste Alltagsger\u00e4t<\/p>\n","protected":false},"featured_media":49222,"template":"","meta":[],"product_brand":[],"product_cat":[29,23],"product_tag":[289],"woo-feed-brand":[],"class_list":{"0":"post-49223","1":"product","2":"type-product","3":"status-publish","4":"has-post-thumbnail","6":"product_cat-do-it-yourself","7":"product_cat-home-living","8":"product_tag-blumengarten-kung-ag","10":"first","11":"instock","12":"taxable","13":"shipping-taxable","14":"purchasable","15":"product-type-simple"},"_links":{"self":[{"href":"https:\/\/fh-staging.vengo.cloud\/de-ch\/wp-json\/wp\/v2\/product\/49223","targetHints":{"allow":["GET"]}}],"collection":[{"href":"https:\/\/fh-staging.vengo.cloud\/de-ch\/wp-json\/wp\/v2\/product"}],"about":[{"href":"https:\/\/fh-staging.vengo.cloud\/de-ch\/wp-json\/wp\/v2\/types\/product"}],"wp:featuredmedia":[{"embeddable":true,"href":"https:\/\/fh-staging.vengo.cloud\/de-ch\/wp-json\/wp\/v2\/media\/49222"}],"wp:attachment":[{"href":"https:\/\/fh-staging.vengo.cloud\/de-ch\/wp-json\/wp\/v2\/media?parent=49223"}],"wp:term":[{"taxonomy":"product_brand","embeddable":true,"href":"https:\/\/fh-staging.vengo.cloud\/de-ch\/wp-json\/wp\/v2\/product_brand?post=49223"},{"taxonomy":"product_cat","embeddable":true,"href":"https:\/\/fh-staging.vengo.cloud\/de-ch\/wp-json\/wp\/v2\/product_cat?post=49223"},{"taxonomy":"product_tag","embeddable":true,"href":"https:\/\/fh-staging.vengo.cloud\/de-ch\/wp-json\/wp\/v2\/product_tag?post=49223"},{"taxonomy":"woo-feed-brand","embeddable":true,"href":"https:\/\/fh-staging.vengo.cloud\/de-ch\/wp-json\/wp\/v2\/woo-feed-brand?post=49223"}],"curies":[{"name":"wp","href":"https:\/\/api.w.org\/{rel}","templated":true}]}}