{"id":4844,"date":"2019-05-06T16:24:23","date_gmt":"2019-05-06T14:24:23","guid":{"rendered":"https:\/\/fh-staging.vengo.cloud\/?product=rose-boxli-orange-blume-3000"},"modified":"2026-01-12T14:04:19","modified_gmt":"2026-01-12T13:04:19","slug":"rose-boexli-orange-blume-3000","status":"publish","type":"product","link":"https:\/\/fh-staging.vengo.cloud\/de-ch\/p\/rose-boexli-orange-blume-3000","title":{"rendered":"Rose-B\u00f6xli orange &#8211; blume 3000"},"content":{"rendered":"<p>Dieses Rose-B\u00f6xli enth\u00e4lt 9 frische, orange blume 3000 Edelrosen. Die Rosen werden durch eine Feuchtverpackung auf dem Weg optimal mit Wasser versorgt. Entferne einfach die Feuchtverpackung, f\u00fclle Wasser ein und geniesse die Sch\u00f6nheit der Rosen lange. Bitte beachte, dass die Rosenfarbe leicht von den Produktbildern abweichen kann.<\/p>\n<p><strong>Haltbarkeit &amp; Fairtrade:<\/strong><\/p>\n<ul>\n<li>Haltbarkeitsgarantie: 5 Tage<\/li>\n<li>100% Fairtrade-zertifiziert<\/li>\n<\/ul>\n<p><strong>Zusammensetzung:<\/strong><\/p>\n<ul>\n<li>9 Edelrosen in Orange<\/li>\n<li>B\u00f6xli mit Wasser-Bef\u00fcllungseinsatz<\/li>\n<\/ul>\n","protected":false},"excerpt":{"rendered":"<p>Frische Edelrosen im trendigen Rose-B\u00f6xli \u2013 100% Fairtrade-zertifizierte Rosen f\u00fcr h\u00f6chste Qualit\u00e4t und Nachhaltigkeit.<\/p>\n","protected":false},"featured_media":4845,"template":"","meta":[],"product_brand":[],"product_cat":[112,23,1003,1208,999,909,26,915,52,55],"product_tag":[284],"woo-feed-brand":[],"class_list":{"0":"post-4844","1":"product","2":"type-product","3":"status-publish","4":"has-post-thumbnail","6":"product_cat-schnittblumen","7":"product_cat-home-living","8":"product_cat-fuer-sie","9":"product_cat-ueber-25-chf","10":"product_cat-valentinstag","11":"product_cat-weihnachten","12":"product_cat-blumen-pflanzen","13":"product_cat-wichteln","14":"product_cat-geschenke","15":"product_cat-blumige-geschenke","16":"product_tag-blume-3000","18":"first","19":"instock","20":"taxable","21":"shipping-taxable","22":"purchasable","23":"product-type-simple"},"_links":{"self":[{"href":"https:\/\/fh-staging.vengo.cloud\/de-ch\/wp-json\/wp\/v2\/product\/4844","targetHints":{"allow":["GET"]}}],"collection":[{"href":"https:\/\/fh-staging.vengo.cloud\/de-ch\/wp-json\/wp\/v2\/product"}],"about":[{"href":"https:\/\/fh-staging.vengo.cloud\/de-ch\/wp-json\/wp\/v2\/types\/product"}],"wp:featuredmedia":[{"embeddable":true,"href":"https:\/\/fh-staging.vengo.cloud\/de-ch\/wp-json\/wp\/v2\/media\/4845"}],"wp:attachment":[{"href":"https:\/\/fh-staging.vengo.cloud\/de-ch\/wp-json\/wp\/v2\/media?parent=4844"}],"wp:term":[{"taxonomy":"product_brand","embeddable":true,"href":"https:\/\/fh-staging.vengo.cloud\/de-ch\/wp-json\/wp\/v2\/product_brand?post=4844"},{"taxonomy":"product_cat","embeddable":true,"href":"https:\/\/fh-staging.vengo.cloud\/de-ch\/wp-json\/wp\/v2\/product_cat?post=4844"},{"taxonomy":"product_tag","embeddable":true,"href":"https:\/\/fh-staging.vengo.cloud\/de-ch\/wp-json\/wp\/v2\/product_tag?post=4844"},{"taxonomy":"woo-feed-brand","embeddable":true,"href":"https:\/\/fh-staging.vengo.cloud\/de-ch\/wp-json\/wp\/v2\/woo-feed-brand?post=4844"}],"curies":[{"name":"wp","href":"https:\/\/api.w.org\/{rel}","templated":true}]}}