{"id":48318,"date":"2024-12-09T10:41:14","date_gmt":"2024-12-09T09:41:14","guid":{"rendered":"https:\/\/fh-staging.vengo.cloud\/de-ch\/p\/canada-men-m"},"modified":"2025-05-12T14:42:39","modified_gmt":"2025-05-12T12:42:39","slug":"canada-men-m","status":"publish","type":"product","link":"https:\/\/fh-staging.vengo.cloud\/de-ch\/p\/canada-men-m","title":{"rendered":"Canada Men M"},"content":{"rendered":"<p>Canada Men &#8211; Der ideale Handschuh f\u00fcr den Fr\u00fchling oder Herbst. Geeignet f\u00fcr alle Gartenarbeiten.<\/p>\n<p data-pm-slice=\"1 1 []\">Mit der Touchscreen-Funktion k\u00f6nnen s\u00e4mtliche Ger\u00e4te wie Handy, Smartphone oder Tablet problemlos bedient werden. Ziehe Deine Handschuhe nicht mehr aus, wenn Dein Smartphone klingelt.<\/p>\n<p><strong>Gr\u00f6sse: 9 oder M<\/strong><\/p>\n","protected":false},"excerpt":{"rendered":"<p>Geeignet f\u00fcr alle Gartenarbeiten. Touchscreen-f\u00e4hig<\/p>\n","protected":false},"featured_media":48331,"template":"","meta":[],"product_brand":[],"product_cat":[39,1089,1088,34,1064],"product_tag":[973],"woo-feed-brand":[],"class_list":{"0":"post-48318","1":"product","2":"type-product","3":"status-publish","4":"has-post-thumbnail","6":"product_cat-gartenzubehoer","7":"product_cat-hobbygaertner","8":"product_cat-vatertag","9":"product_cat-garten-balkon","10":"product_cat-gartenhandschuhe","11":"product_tag-samen-mauser","13":"first","14":"instock","15":"taxable","16":"shipping-taxable","17":"purchasable","18":"product-type-simple"},"_links":{"self":[{"href":"https:\/\/fh-staging.vengo.cloud\/de-ch\/wp-json\/wp\/v2\/product\/48318","targetHints":{"allow":["GET"]}}],"collection":[{"href":"https:\/\/fh-staging.vengo.cloud\/de-ch\/wp-json\/wp\/v2\/product"}],"about":[{"href":"https:\/\/fh-staging.vengo.cloud\/de-ch\/wp-json\/wp\/v2\/types\/product"}],"wp:featuredmedia":[{"embeddable":true,"href":"https:\/\/fh-staging.vengo.cloud\/de-ch\/wp-json\/wp\/v2\/media\/48331"}],"wp:attachment":[{"href":"https:\/\/fh-staging.vengo.cloud\/de-ch\/wp-json\/wp\/v2\/media?parent=48318"}],"wp:term":[{"taxonomy":"product_brand","embeddable":true,"href":"https:\/\/fh-staging.vengo.cloud\/de-ch\/wp-json\/wp\/v2\/product_brand?post=48318"},{"taxonomy":"product_cat","embeddable":true,"href":"https:\/\/fh-staging.vengo.cloud\/de-ch\/wp-json\/wp\/v2\/product_cat?post=48318"},{"taxonomy":"product_tag","embeddable":true,"href":"https:\/\/fh-staging.vengo.cloud\/de-ch\/wp-json\/wp\/v2\/product_tag?post=48318"},{"taxonomy":"woo-feed-brand","embeddable":true,"href":"https:\/\/fh-staging.vengo.cloud\/de-ch\/wp-json\/wp\/v2\/woo-feed-brand?post=48318"}],"curies":[{"name":"wp","href":"https:\/\/api.w.org\/{rel}","templated":true}]}}