{"id":48311,"date":"2024-12-09T10:41:16","date_gmt":"2024-12-09T09:41:16","guid":{"rendered":"https:\/\/fh-staging.vengo.cloud\/de-ch\/p\/handschuh-nerine-xs"},"modified":"2025-06-23T08:39:07","modified_gmt":"2025-06-23T06:39:07","slug":"handschuh-nerine-xs","status":"publish","type":"product","link":"https:\/\/fh-staging.vengo.cloud\/de-ch\/p\/handschuh-nerine-xs","title":{"rendered":"Handschuh NERINE XS"},"content":{"rendered":"<p>Handschuh aus Polyamid mit Latex\u00fcberzug. Wasserdichte Handfl\u00e4chen und sehr gutes Fingerspitzengef\u00fchl. Ideal f\u00fcr leichte Gartenarbeiten. Hoher Tragekomfort, in Violett.<\/p>\n<p><strong>Gr\u00f6sse 7 oder XS<\/strong><\/p>\n","protected":false},"excerpt":{"rendered":"<p>Ideal f\u00fcr leichte Gartenarbeiten.<\/p>\n","protected":false},"featured_media":48333,"template":"","meta":[],"product_brand":[],"product_cat":[39,34,1064],"product_tag":[973],"woo-feed-brand":[],"class_list":{"0":"post-48311","1":"product","2":"type-product","3":"status-publish","4":"has-post-thumbnail","6":"product_cat-gartenzubehoer","7":"product_cat-garten-balkon","8":"product_cat-gartenhandschuhe","9":"product_tag-samen-mauser","11":"first","12":"instock","13":"taxable","14":"shipping-taxable","15":"purchasable","16":"product-type-simple"},"_links":{"self":[{"href":"https:\/\/fh-staging.vengo.cloud\/de-ch\/wp-json\/wp\/v2\/product\/48311","targetHints":{"allow":["GET"]}}],"collection":[{"href":"https:\/\/fh-staging.vengo.cloud\/de-ch\/wp-json\/wp\/v2\/product"}],"about":[{"href":"https:\/\/fh-staging.vengo.cloud\/de-ch\/wp-json\/wp\/v2\/types\/product"}],"wp:featuredmedia":[{"embeddable":true,"href":"https:\/\/fh-staging.vengo.cloud\/de-ch\/wp-json\/wp\/v2\/media\/48333"}],"wp:attachment":[{"href":"https:\/\/fh-staging.vengo.cloud\/de-ch\/wp-json\/wp\/v2\/media?parent=48311"}],"wp:term":[{"taxonomy":"product_brand","embeddable":true,"href":"https:\/\/fh-staging.vengo.cloud\/de-ch\/wp-json\/wp\/v2\/product_brand?post=48311"},{"taxonomy":"product_cat","embeddable":true,"href":"https:\/\/fh-staging.vengo.cloud\/de-ch\/wp-json\/wp\/v2\/product_cat?post=48311"},{"taxonomy":"product_tag","embeddable":true,"href":"https:\/\/fh-staging.vengo.cloud\/de-ch\/wp-json\/wp\/v2\/product_tag?post=48311"},{"taxonomy":"woo-feed-brand","embeddable":true,"href":"https:\/\/fh-staging.vengo.cloud\/de-ch\/wp-json\/wp\/v2\/woo-feed-brand?post=48311"}],"curies":[{"name":"wp","href":"https:\/\/api.w.org\/{rel}","templated":true}]}}