{"id":48295,"date":"2024-12-09T10:41:19","date_gmt":"2024-12-09T09:41:19","guid":{"rendered":"https:\/\/fh-staging.vengo.cloud\/de-ch\/p\/kinderhandschuh-eugene"},"modified":"2025-06-20T14:44:46","modified_gmt":"2025-06-20T12:44:46","slug":"kinderhandschuh-eugene-2","status":"publish","type":"product","link":"https:\/\/fh-staging.vengo.cloud\/de-ch\/p\/kinderhandschuh-eugene-2","title":{"rendered":"Kinderhandschuh Eugene"},"content":{"rendered":"<p>Ideale Gartenhandschuhe f\u00fcr kleine Arbeiten in der Zwischensaison in kalter und feuchter Umgebung. Mit Schlaufe, damit die Handschuhe nicht verloren gehen und Grip in der Handfl\u00e4che f\u00fcr das Halten von Werkzeugen. Geeignet f\u00fcr \u201eTouchscreen\u201c.<\/p>\n<p><strong>4-6 Jahre<\/strong><\/p>\n","protected":false},"excerpt":{"rendered":"<p>Ideale Gartenhandschuhe f\u00fcr kleine Arbeiten in der Zwischensaison in kalter und feuchter Umgebung.<\/p>\n","protected":false},"featured_media":48339,"template":"","meta":[],"product_brand":[],"product_cat":[60,34,1064,39,1122,59],"product_tag":[973],"woo-feed-brand":[],"class_list":{"0":"post-48295","1":"product","2":"type-product","3":"status-publish","4":"has-post-thumbnail","6":"product_cat-kindertextilien","7":"product_cat-garten-balkon","8":"product_cat-gartenhandschuhe","9":"product_cat-gartenzubehoer","10":"product_cat-kids-im-gruenen","11":"product_cat-kids","12":"product_tag-samen-mauser","14":"first","15":"instock","16":"taxable","17":"shipping-taxable","18":"purchasable","19":"product-type-simple"},"_links":{"self":[{"href":"https:\/\/fh-staging.vengo.cloud\/de-ch\/wp-json\/wp\/v2\/product\/48295","targetHints":{"allow":["GET"]}}],"collection":[{"href":"https:\/\/fh-staging.vengo.cloud\/de-ch\/wp-json\/wp\/v2\/product"}],"about":[{"href":"https:\/\/fh-staging.vengo.cloud\/de-ch\/wp-json\/wp\/v2\/types\/product"}],"wp:featuredmedia":[{"embeddable":true,"href":"https:\/\/fh-staging.vengo.cloud\/de-ch\/wp-json\/wp\/v2\/media\/48339"}],"wp:attachment":[{"href":"https:\/\/fh-staging.vengo.cloud\/de-ch\/wp-json\/wp\/v2\/media?parent=48295"}],"wp:term":[{"taxonomy":"product_brand","embeddable":true,"href":"https:\/\/fh-staging.vengo.cloud\/de-ch\/wp-json\/wp\/v2\/product_brand?post=48295"},{"taxonomy":"product_cat","embeddable":true,"href":"https:\/\/fh-staging.vengo.cloud\/de-ch\/wp-json\/wp\/v2\/product_cat?post=48295"},{"taxonomy":"product_tag","embeddable":true,"href":"https:\/\/fh-staging.vengo.cloud\/de-ch\/wp-json\/wp\/v2\/product_tag?post=48295"},{"taxonomy":"woo-feed-brand","embeddable":true,"href":"https:\/\/fh-staging.vengo.cloud\/de-ch\/wp-json\/wp\/v2\/woo-feed-brand?post=48295"}],"curies":[{"name":"wp","href":"https:\/\/api.w.org\/{rel}","templated":true}]}}