{"id":48293,"date":"2024-12-09T10:41:19","date_gmt":"2024-12-09T09:41:19","guid":{"rendered":"https:\/\/fh-staging.vengo.cloud\/de-ch\/p\/kinderhandschuh-lison"},"modified":"2025-06-20T14:44:46","modified_gmt":"2025-06-20T12:44:46","slug":"kinderhandschuh-lison","status":"publish","type":"product","link":"https:\/\/fh-staging.vengo.cloud\/de-ch\/p\/kinderhandschuh-lison","title":{"rendered":"Kinderhandschuh Lison"},"content":{"rendered":"<p>Kinderhandschuh aus 100 % recycelter Polyesterstrick und Latexschaum (Handfl\u00e4chenbeschichtung) f\u00fcr leichte Gartenarbeit. Wasserdicht an der Handfl\u00e4che. Mit Riemen damit der Handschuh nicht verloren geht.<\/p>\n<p><strong>6-8 Jahre<\/strong><\/p>\n","protected":false},"excerpt":{"rendered":"<p>Kinderhandschuh aus 100 % recycelter Polyesterstrick und Latexschaum (Handfl\u00e4chenbeschichtung) f\u00fcr leichte Gartenarbeit.<\/p>\n","protected":false},"featured_media":48340,"template":"","meta":[],"product_brand":[],"product_cat":[60,34,1064,39,1122,59],"product_tag":[973],"woo-feed-brand":[],"class_list":{"0":"post-48293","1":"product","2":"type-product","3":"status-publish","4":"has-post-thumbnail","6":"product_cat-kindertextilien","7":"product_cat-garten-balkon","8":"product_cat-gartenhandschuhe","9":"product_cat-gartenzubehoer","10":"product_cat-kids-im-gruenen","11":"product_cat-kids","12":"product_tag-samen-mauser","14":"first","15":"instock","16":"taxable","17":"shipping-taxable","18":"purchasable","19":"product-type-simple"},"_links":{"self":[{"href":"https:\/\/fh-staging.vengo.cloud\/de-ch\/wp-json\/wp\/v2\/product\/48293","targetHints":{"allow":["GET"]}}],"collection":[{"href":"https:\/\/fh-staging.vengo.cloud\/de-ch\/wp-json\/wp\/v2\/product"}],"about":[{"href":"https:\/\/fh-staging.vengo.cloud\/de-ch\/wp-json\/wp\/v2\/types\/product"}],"wp:featuredmedia":[{"embeddable":true,"href":"https:\/\/fh-staging.vengo.cloud\/de-ch\/wp-json\/wp\/v2\/media\/48340"}],"wp:attachment":[{"href":"https:\/\/fh-staging.vengo.cloud\/de-ch\/wp-json\/wp\/v2\/media?parent=48293"}],"wp:term":[{"taxonomy":"product_brand","embeddable":true,"href":"https:\/\/fh-staging.vengo.cloud\/de-ch\/wp-json\/wp\/v2\/product_brand?post=48293"},{"taxonomy":"product_cat","embeddable":true,"href":"https:\/\/fh-staging.vengo.cloud\/de-ch\/wp-json\/wp\/v2\/product_cat?post=48293"},{"taxonomy":"product_tag","embeddable":true,"href":"https:\/\/fh-staging.vengo.cloud\/de-ch\/wp-json\/wp\/v2\/product_tag?post=48293"},{"taxonomy":"woo-feed-brand","embeddable":true,"href":"https:\/\/fh-staging.vengo.cloud\/de-ch\/wp-json\/wp\/v2\/woo-feed-brand?post=48293"}],"curies":[{"name":"wp","href":"https:\/\/api.w.org\/{rel}","templated":true}]}}