{"id":48252,"date":"2024-12-20T09:47:46","date_gmt":"2024-12-20T08:47:46","guid":{"rendered":"https:\/\/fh-staging.vengo.cloud\/?post_type=product&#038;p=48252"},"modified":"2025-04-01T03:49:12","modified_gmt":"2025-04-01T01:49:12","slug":"wandbox-naturweiss-inkl-3er-pflanzenset-green-paradise-bundle","status":"publish","type":"product","link":"https:\/\/fh-staging.vengo.cloud\/de-ch\/p\/wandbox-naturweiss-inkl-3er-pflanzenset-green-paradise-bundle","title":{"rendered":"Wandbox naturweiss inkl. 3er Pflanzenset Green Paradise (Bundle)"},"content":{"rendered":"<p>\u201eThe Box\u201c ist der erste Meilenstein auf dem Weg von Urban GREENERY um St\u00e4dte wieder gr\u00fcner zu machen. Dabei handelt es sich um ein professionelles Wandbegr\u00fcnungssystem das Design und Funktionalit\u00e4t mit Nachhaltigkeit verbindet.<\/p>\n<p>\u201eThe Box\u201d wurde in Zusammenarbeit mit G\u00e4rtnern entwickelt und garantiert beste Pflanzengesundheit. Das smarte Bew\u00e4sserungssystem mit Kapillarvlies und Wasserstandsanzeige minimiert dabei den Pflegeaufwand, w\u00e4hrend die geschlossene R\u00fcckseite die W\u00e4nde sch\u00fctzt.<br \/>\nDas System ist modular konzipiert und ganz einfach und flexibel erweiterbar. Ob als kleiner Eye-Catcher oder ganze Pflanzenwand &#8211; alles ist mit dem innovativen Schienensystem von \u201eThe Box\u201c innerhalb von Minuten umsetzbar. Die Pflanzen sind die Stars, doch auch die Module selbst begeistern mit minimalistisch modernen Design und hochwertiger Erscheinung. Das Giessintervall f\u00fcr The Box betr\u00e4gt 14-21 Tage. Bei mehreren Boxen wird immer nur die oberste Reihe gegossen.<\/p>\n<p><strong>Materialien<\/strong><br \/>\nDie Basis.BOX Module bestehen aus recycelten PP-Regranulat aus der EU.<\/p>\n<p><strong>Produktion<br \/>\n<\/strong>Alle \u201eThe Box\u201c-Module werden in Deutschland produziert. Dabei setzen sie auf nachhaltige Produktionsprozesse mit Abw\u00e4rmenutzung, Regranulierung und Nutzung von \u00d6kostrom.<strong><br \/>\n<\/strong><\/p>\n<p><strong>Aufbau und Installation<\/strong><br \/>\nModularit\u00e4t: Patentiertes Stecksystem der Montageschienen erm\u00f6glicht eine passgenaue Erweiterung.<br \/>\nFunktionell: Das Bew\u00e4sserungssystem ist vertikal erweiterbar und garantiert minimalen Pflegeaufwand auch bei gr\u00f6sseren Wandbepflanzungen.<br \/>\nKomfortabel: The Box ist vormontiert und bereits mit hochwertigem Substrat aus Premium Bio-Erde bef\u00fcllt. Einpflanzen erfolgt schnell mit minimalem Schmutzaufwand.<\/p>\n<p><strong>Pflanzen und Pflege<br \/>\n<\/strong><\/p>\n<ul>\n<li>Box.3 wird im Durchschnitt zweimal im Monat mit frischem Wasser durch die Giess\u00f6ffnung versorgt.<strong><br \/>\n<\/strong><\/li>\n<li>Das Bew\u00e4sserungssystem ist vertikal verbunden und gew\u00e4hrleistet bei mehreren installierten Modulen, dass durch eine einzige Giess\u00f6ffnung eine gesamte Reihe einer Pflanzenwand versorgt wird.<\/li>\n<li>Es wird die Verwendung von Fl\u00fcssigd\u00fcngern empfohlen.<\/li>\n<\/ul>\n<p>&nbsp;<\/p>\n<p><strong>Lieferumfang<\/strong><\/p>\n<ul>\n<li>Box.3<\/li>\n<li>1x Sack Bio-Erde<\/li>\n<li>3er Pflanzenset Green Paradise:<br \/>\n&#8211; Nephrolepsis exaltata<br \/>\n&#8211; Monstera obliqua monkey leaf<br \/>\n&#8211; Philodendron scandens<\/li>\n<\/ul>\n<p>&nbsp;<\/p>\n<ul>\n<li><strong>Hinweise:<br \/>\n<\/strong>&#8211; Die <a href=\"https:\/\/fh-staging.vengo.cloud\/p\/original-montageset-the-box\">Befestigungsschienen<\/a> sind <strong>nicht<\/strong> im Lieferumfang enthalten und k\u00f6nnen separat \u00fcber unseren Webshop erworben werden.<br \/>\n&#8211; Bei den Pflanzen kann es je nach Saison zu <strong>Abweichungen<\/strong> kommen.<\/li>\n<\/ul>\n","protected":false},"excerpt":{"rendered":"<p>Die <a href=\"https:\/\/fh-staging.vengo.cloud\/p\/original-montageset-the-box\">Befestigungsschienen<\/a> sind <strong>nicht<\/strong> im Lieferumfang enthalten und k\u00f6nnen separat \u00fcber unseren Webshop erworben werden.<\/p>\n","protected":false},"featured_media":48254,"template":"","meta":[],"product_brand":[],"product_cat":[896,23,862],"product_tag":[282],"woo-feed-brand":[],"class_list":{"0":"post-48252","1":"product","2":"type-product","3":"status-publish","4":"has-post-thumbnail","6":"product_cat-wandbox","7":"product_cat-home-living","8":"product_cat-innenbegruenung","9":"product_tag-fleurop-interflora","11":"first","12":"instock","13":"taxable","14":"shipping-taxable","15":"product-type-grouped"},"_links":{"self":[{"href":"https:\/\/fh-staging.vengo.cloud\/de-ch\/wp-json\/wp\/v2\/product\/48252","targetHints":{"allow":["GET"]}}],"collection":[{"href":"https:\/\/fh-staging.vengo.cloud\/de-ch\/wp-json\/wp\/v2\/product"}],"about":[{"href":"https:\/\/fh-staging.vengo.cloud\/de-ch\/wp-json\/wp\/v2\/types\/product"}],"wp:featuredmedia":[{"embeddable":true,"href":"https:\/\/fh-staging.vengo.cloud\/de-ch\/wp-json\/wp\/v2\/media\/48254"}],"wp:attachment":[{"href":"https:\/\/fh-staging.vengo.cloud\/de-ch\/wp-json\/wp\/v2\/media?parent=48252"}],"wp:term":[{"taxonomy":"product_brand","embeddable":true,"href":"https:\/\/fh-staging.vengo.cloud\/de-ch\/wp-json\/wp\/v2\/product_brand?post=48252"},{"taxonomy":"product_cat","embeddable":true,"href":"https:\/\/fh-staging.vengo.cloud\/de-ch\/wp-json\/wp\/v2\/product_cat?post=48252"},{"taxonomy":"product_tag","embeddable":true,"href":"https:\/\/fh-staging.vengo.cloud\/de-ch\/wp-json\/wp\/v2\/product_tag?post=48252"},{"taxonomy":"woo-feed-brand","embeddable":true,"href":"https:\/\/fh-staging.vengo.cloud\/de-ch\/wp-json\/wp\/v2\/woo-feed-brand?post=48252"}],"curies":[{"name":"wp","href":"https:\/\/api.w.org\/{rel}","templated":true}]}}