{"id":48242,"date":"2024-12-09T10:41:21","date_gmt":"2024-12-09T09:41:21","guid":{"rendered":"https:\/\/fh-staging.vengo.cloud\/de-ch\/p\/schrze-viburno-curry"},"modified":"2025-05-14T11:44:50","modified_gmt":"2025-05-14T09:44:50","slug":"schuerze-viburno-curry","status":"publish","type":"product","link":"https:\/\/fh-staging.vengo.cloud\/de-ch\/p\/schuerze-viburno-curry","title":{"rendered":"Sch\u00fcrze VIBURNO Curry"},"content":{"rendered":"<p>Die Sch\u00fcrze Viburno ist ein unverzichtbarer Artikel zum Schutz deiner Kleidung bei allt\u00e4glichen Aktivit\u00e4ten. Hergestellt aus strapazierf\u00e4higem Baumwollgewebe und ausgestattet mit drei Vordertaschen, von denen eine mit einem Reisverschluss versehen ist, um deine pers\u00f6nlichen Gegenst\u00e4nde w\u00e4hrend der Arbeit sicher zu verstauen. Dank eines praktischen Clip-On-Knopfsystems kann der Viburno zu einer grossen Tasche zusammengefaltet werden. Verstellm\u00f6glichkeiten am Hals und an der H\u00fcfte erleichtern das Anziehen.<\/p>\n","protected":false},"excerpt":{"rendered":"<p>Die Sch\u00fcrze Viburno ist ein unverzichtbarer Artikel zum Schutz deiner Kleidung bei allt\u00e4glichen Aktivit\u00e4ten.<\/p>\n","protected":false},"featured_media":48736,"template":"","meta":[],"product_brand":[],"product_cat":[39,1089,1088,34,1065],"product_tag":[973],"woo-feed-brand":[],"class_list":{"0":"post-48242","1":"product","2":"type-product","3":"status-publish","4":"has-post-thumbnail","6":"product_cat-gartenzubehoer","7":"product_cat-hobbygaertner","8":"product_cat-vatertag","9":"product_cat-garten-balkon","10":"product_cat-gartenschuerze","11":"product_tag-samen-mauser","13":"first","14":"instock","15":"taxable","16":"shipping-taxable","17":"purchasable","18":"product-type-simple"},"_links":{"self":[{"href":"https:\/\/fh-staging.vengo.cloud\/de-ch\/wp-json\/wp\/v2\/product\/48242","targetHints":{"allow":["GET"]}}],"collection":[{"href":"https:\/\/fh-staging.vengo.cloud\/de-ch\/wp-json\/wp\/v2\/product"}],"about":[{"href":"https:\/\/fh-staging.vengo.cloud\/de-ch\/wp-json\/wp\/v2\/types\/product"}],"wp:featuredmedia":[{"embeddable":true,"href":"https:\/\/fh-staging.vengo.cloud\/de-ch\/wp-json\/wp\/v2\/media\/48736"}],"wp:attachment":[{"href":"https:\/\/fh-staging.vengo.cloud\/de-ch\/wp-json\/wp\/v2\/media?parent=48242"}],"wp:term":[{"taxonomy":"product_brand","embeddable":true,"href":"https:\/\/fh-staging.vengo.cloud\/de-ch\/wp-json\/wp\/v2\/product_brand?post=48242"},{"taxonomy":"product_cat","embeddable":true,"href":"https:\/\/fh-staging.vengo.cloud\/de-ch\/wp-json\/wp\/v2\/product_cat?post=48242"},{"taxonomy":"product_tag","embeddable":true,"href":"https:\/\/fh-staging.vengo.cloud\/de-ch\/wp-json\/wp\/v2\/product_tag?post=48242"},{"taxonomy":"woo-feed-brand","embeddable":true,"href":"https:\/\/fh-staging.vengo.cloud\/de-ch\/wp-json\/wp\/v2\/woo-feed-brand?post=48242"}],"curies":[{"name":"wp","href":"https:\/\/api.w.org\/{rel}","templated":true}]}}