{"id":48234,"date":"2024-12-09T10:41:22","date_gmt":"2024-12-09T09:41:22","guid":{"rendered":"https:\/\/fh-staging.vengo.cloud\/de-ch\/p\/gartenschrze-ligustro-curry"},"modified":"2025-05-14T11:35:18","modified_gmt":"2025-05-14T09:35:18","slug":"gartenschuerze-ligustro-curry","status":"publish","type":"product","link":"https:\/\/fh-staging.vengo.cloud\/de-ch\/p\/gartenschuerze-ligustro-curry","title":{"rendered":"Gartensch\u00fcrze LIGUSTRO Curry"},"content":{"rendered":"<p>Die umfassendste OUTFIT-Sch\u00fcrze f\u00fcr jeden Bedarf. Hergestellt aus schwerer Baumwolle mit f\u00fcnf Taschen, eine davon mit Reissverschluss. Anpassungsf\u00e4hig an jede Arbeitsanforderung dank der vielen Funktionen f\u00fcr alle Werkzeuge, die du ben\u00f6tigst. Verstellbarer R\u00fcckenverschluss f\u00fcr maximalen Komfort und Bequemlichkeit.<\/p>\n","protected":false},"excerpt":{"rendered":"<p>Die umfassendste OUTFIT-Sch\u00fcrze f\u00fcr jeden Bedarf.<\/p>\n","protected":false},"featured_media":48728,"template":"","meta":[],"product_brand":[],"product_cat":[39,1089,1088,34,1065],"product_tag":[973],"woo-feed-brand":[],"class_list":{"0":"post-48234","1":"product","2":"type-product","3":"status-publish","4":"has-post-thumbnail","6":"product_cat-gartenzubehoer","7":"product_cat-hobbygaertner","8":"product_cat-vatertag","9":"product_cat-garten-balkon","10":"product_cat-gartenschuerze","11":"product_tag-samen-mauser","13":"first","14":"instock","15":"taxable","16":"shipping-taxable","17":"purchasable","18":"product-type-simple"},"_links":{"self":[{"href":"https:\/\/fh-staging.vengo.cloud\/de-ch\/wp-json\/wp\/v2\/product\/48234","targetHints":{"allow":["GET"]}}],"collection":[{"href":"https:\/\/fh-staging.vengo.cloud\/de-ch\/wp-json\/wp\/v2\/product"}],"about":[{"href":"https:\/\/fh-staging.vengo.cloud\/de-ch\/wp-json\/wp\/v2\/types\/product"}],"wp:featuredmedia":[{"embeddable":true,"href":"https:\/\/fh-staging.vengo.cloud\/de-ch\/wp-json\/wp\/v2\/media\/48728"}],"wp:attachment":[{"href":"https:\/\/fh-staging.vengo.cloud\/de-ch\/wp-json\/wp\/v2\/media?parent=48234"}],"wp:term":[{"taxonomy":"product_brand","embeddable":true,"href":"https:\/\/fh-staging.vengo.cloud\/de-ch\/wp-json\/wp\/v2\/product_brand?post=48234"},{"taxonomy":"product_cat","embeddable":true,"href":"https:\/\/fh-staging.vengo.cloud\/de-ch\/wp-json\/wp\/v2\/product_cat?post=48234"},{"taxonomy":"product_tag","embeddable":true,"href":"https:\/\/fh-staging.vengo.cloud\/de-ch\/wp-json\/wp\/v2\/product_tag?post=48234"},{"taxonomy":"woo-feed-brand","embeddable":true,"href":"https:\/\/fh-staging.vengo.cloud\/de-ch\/wp-json\/wp\/v2\/woo-feed-brand?post=48234"}],"curies":[{"name":"wp","href":"https:\/\/api.w.org\/{rel}","templated":true}]}}