{"id":48222,"date":"2024-12-09T10:41:24","date_gmt":"2024-12-09T09:41:24","guid":{"rendered":"https:\/\/fh-staging.vengo.cloud\/de-ch\/p\/schrze-ontano-brushed-nickel"},"modified":"2025-05-14T11:44:24","modified_gmt":"2025-05-14T09:44:24","slug":"schuerze-ontano-brushed-nickel","status":"publish","type":"product","link":"https:\/\/fh-staging.vengo.cloud\/de-ch\/p\/schuerze-ontano-brushed-nickel","title":{"rendered":"Sch\u00fcrze ONTANO Brushed Nickel"},"content":{"rendered":"<p>Die Ontano-Sch\u00fcrze ist kurz, praktisch und schnell anzulegen. Sie verf\u00fcgt \u00fcber eine ger\u00e4umige Tasche mit Zwickel, die durch einen zentralen Reissverschluss in drei Taschen unterteilt ist. Hier kannst du deine Werkzeuge sicher verstauen. Die beiden Schn\u00fcrsenkel erm\u00f6glichen eine perfekt einstellbare Befestigung, um verschiedenen Bed\u00fcrfnissen und K\u00f6rpertypen gerecht zu werden.<\/p>\n","protected":false},"excerpt":{"rendered":"<p>kurz, praktisch und schnell anzulegen<\/p>\n","protected":false},"featured_media":48359,"template":"","meta":[],"product_brand":[],"product_cat":[39,1089,1088,34,1065],"product_tag":[973],"woo-feed-brand":[],"class_list":{"0":"post-48222","1":"product","2":"type-product","3":"status-publish","4":"has-post-thumbnail","6":"product_cat-gartenzubehoer","7":"product_cat-hobbygaertner","8":"product_cat-vatertag","9":"product_cat-garten-balkon","10":"product_cat-gartenschuerze","11":"product_tag-samen-mauser","13":"first","14":"instock","15":"taxable","16":"shipping-taxable","17":"purchasable","18":"product-type-simple"},"_links":{"self":[{"href":"https:\/\/fh-staging.vengo.cloud\/de-ch\/wp-json\/wp\/v2\/product\/48222","targetHints":{"allow":["GET"]}}],"collection":[{"href":"https:\/\/fh-staging.vengo.cloud\/de-ch\/wp-json\/wp\/v2\/product"}],"about":[{"href":"https:\/\/fh-staging.vengo.cloud\/de-ch\/wp-json\/wp\/v2\/types\/product"}],"wp:featuredmedia":[{"embeddable":true,"href":"https:\/\/fh-staging.vengo.cloud\/de-ch\/wp-json\/wp\/v2\/media\/48359"}],"wp:attachment":[{"href":"https:\/\/fh-staging.vengo.cloud\/de-ch\/wp-json\/wp\/v2\/media?parent=48222"}],"wp:term":[{"taxonomy":"product_brand","embeddable":true,"href":"https:\/\/fh-staging.vengo.cloud\/de-ch\/wp-json\/wp\/v2\/product_brand?post=48222"},{"taxonomy":"product_cat","embeddable":true,"href":"https:\/\/fh-staging.vengo.cloud\/de-ch\/wp-json\/wp\/v2\/product_cat?post=48222"},{"taxonomy":"product_tag","embeddable":true,"href":"https:\/\/fh-staging.vengo.cloud\/de-ch\/wp-json\/wp\/v2\/product_tag?post=48222"},{"taxonomy":"woo-feed-brand","embeddable":true,"href":"https:\/\/fh-staging.vengo.cloud\/de-ch\/wp-json\/wp\/v2\/woo-feed-brand?post=48222"}],"curies":[{"name":"wp","href":"https:\/\/api.w.org\/{rel}","templated":true}]}}