{"id":48179,"date":"2024-12-09T10:41:30","date_gmt":"2024-12-09T09:41:30","guid":{"rendered":"https:\/\/fh-staging.vengo.cloud\/de-ch\/p\/giesskanne-medusa-hellgrn-1-8-liter"},"modified":"2025-04-01T03:54:54","modified_gmt":"2025-04-01T01:54:54","slug":"giesskanne-medusa-hellgruen-1-8-liter","status":"publish","type":"product","link":"https:\/\/fh-staging.vengo.cloud\/de-ch\/p\/giesskanne-medusa-hellgruen-1-8-liter","title":{"rendered":"Giesskanne Medusa hellgr\u00fcn, 1.8 Liter"},"content":{"rendered":"<p>Die Giesskanne \u00b4Medusa\u00b4, hergestellt aus UV-best\u00e4ndigem, bruch- und frostfestem Kunststoff, ist eine langlebige und robuste L\u00f6sung f\u00fcr deine Bew\u00e4sserungsbed\u00fcrfnisse.<\/p>\n<p><strong>hellgr\u00fcn<\/strong><\/p>\n","protected":false},"excerpt":{"rendered":"<p>Die Giesskanne Medusa, hergestellt aus UV-best\u00e4ndigem, bruch- und frostfestem Kunststoff.<\/p>\n","protected":false},"featured_media":52420,"template":"","meta":[],"product_brand":[],"product_cat":[37,34],"product_tag":[973],"woo-feed-brand":[],"class_list":{"0":"post-48179","1":"product","2":"type-product","3":"status-publish","4":"has-post-thumbnail","6":"product_cat-giesskannen","7":"product_cat-garten-balkon","8":"product_tag-samen-mauser","10":"first","11":"instock","12":"taxable","13":"shipping-taxable","14":"purchasable","15":"product-type-simple"},"_links":{"self":[{"href":"https:\/\/fh-staging.vengo.cloud\/de-ch\/wp-json\/wp\/v2\/product\/48179","targetHints":{"allow":["GET"]}}],"collection":[{"href":"https:\/\/fh-staging.vengo.cloud\/de-ch\/wp-json\/wp\/v2\/product"}],"about":[{"href":"https:\/\/fh-staging.vengo.cloud\/de-ch\/wp-json\/wp\/v2\/types\/product"}],"wp:featuredmedia":[{"embeddable":true,"href":"https:\/\/fh-staging.vengo.cloud\/de-ch\/wp-json\/wp\/v2\/media\/52420"}],"wp:attachment":[{"href":"https:\/\/fh-staging.vengo.cloud\/de-ch\/wp-json\/wp\/v2\/media?parent=48179"}],"wp:term":[{"taxonomy":"product_brand","embeddable":true,"href":"https:\/\/fh-staging.vengo.cloud\/de-ch\/wp-json\/wp\/v2\/product_brand?post=48179"},{"taxonomy":"product_cat","embeddable":true,"href":"https:\/\/fh-staging.vengo.cloud\/de-ch\/wp-json\/wp\/v2\/product_cat?post=48179"},{"taxonomy":"product_tag","embeddable":true,"href":"https:\/\/fh-staging.vengo.cloud\/de-ch\/wp-json\/wp\/v2\/product_tag?post=48179"},{"taxonomy":"woo-feed-brand","embeddable":true,"href":"https:\/\/fh-staging.vengo.cloud\/de-ch\/wp-json\/wp\/v2\/woo-feed-brand?post=48179"}],"curies":[{"name":"wp","href":"https:\/\/api.w.org\/{rel}","templated":true}]}}