{"id":48177,"date":"2024-12-09T10:41:30","date_gmt":"2024-12-09T09:41:30","guid":{"rendered":"https:\/\/fh-staging.vengo.cloud\/de-ch\/p\/zerstuber-pilea-elfenbein"},"modified":"2025-05-14T11:45:52","modified_gmt":"2025-05-14T09:45:52","slug":"zerstaeuber-pilea-elfenbein","status":"publish","type":"product","link":"https:\/\/fh-staging.vengo.cloud\/de-ch\/p\/zerstaeuber-pilea-elfenbein","title":{"rendered":"Zerst\u00e4uber Pilea elfenbein"},"content":{"rendered":"<p>Der Wasser-Zerst\u00e4uber f\u00fcr Pilea ist ideal in Kombination mit selbstbew\u00e4ssernden Pflanzk\u00e4sten und -t\u00f6pfen. Dieser Zerst\u00e4uber erm\u00f6glicht eine feine Wasserverteilung, die speziell auf die Bed\u00fcrfnisse von Pflanzen abgestimmt ist.<\/p>\n<p><strong>Gr\u00f6sse 1 l<\/strong><\/p>\n","protected":false},"excerpt":{"rendered":"<p>Der Wasser-Zerst\u00e4uber f\u00fcr Pilea ist ideal in Kombination mit selbstbew\u00e4ssernden Pflanzk\u00e4sten und -t\u00f6pfen<\/p>\n","protected":false},"featured_media":48861,"template":"","meta":[],"product_brand":[],"product_cat":[39,23,521,34],"product_tag":[973],"woo-feed-brand":[],"class_list":{"0":"post-48177","1":"product","2":"type-product","3":"status-publish","4":"has-post-thumbnail","6":"product_cat-gartenzubehoer","7":"product_cat-home-living","8":"product_cat-bewaesserung","9":"product_cat-garten-balkon","10":"product_tag-samen-mauser","12":"first","13":"instock","14":"taxable","15":"shipping-taxable","16":"purchasable","17":"product-type-simple"},"_links":{"self":[{"href":"https:\/\/fh-staging.vengo.cloud\/de-ch\/wp-json\/wp\/v2\/product\/48177","targetHints":{"allow":["GET"]}}],"collection":[{"href":"https:\/\/fh-staging.vengo.cloud\/de-ch\/wp-json\/wp\/v2\/product"}],"about":[{"href":"https:\/\/fh-staging.vengo.cloud\/de-ch\/wp-json\/wp\/v2\/types\/product"}],"wp:featuredmedia":[{"embeddable":true,"href":"https:\/\/fh-staging.vengo.cloud\/de-ch\/wp-json\/wp\/v2\/media\/48861"}],"wp:attachment":[{"href":"https:\/\/fh-staging.vengo.cloud\/de-ch\/wp-json\/wp\/v2\/media?parent=48177"}],"wp:term":[{"taxonomy":"product_brand","embeddable":true,"href":"https:\/\/fh-staging.vengo.cloud\/de-ch\/wp-json\/wp\/v2\/product_brand?post=48177"},{"taxonomy":"product_cat","embeddable":true,"href":"https:\/\/fh-staging.vengo.cloud\/de-ch\/wp-json\/wp\/v2\/product_cat?post=48177"},{"taxonomy":"product_tag","embeddable":true,"href":"https:\/\/fh-staging.vengo.cloud\/de-ch\/wp-json\/wp\/v2\/product_tag?post=48177"},{"taxonomy":"woo-feed-brand","embeddable":true,"href":"https:\/\/fh-staging.vengo.cloud\/de-ch\/wp-json\/wp\/v2\/woo-feed-brand?post=48177"}],"curies":[{"name":"wp","href":"https:\/\/api.w.org\/{rel}","templated":true}]}}