{"id":48160,"date":"2024-12-09T10:41:33","date_gmt":"2024-12-09T09:41:33","guid":{"rendered":"https:\/\/fh-staging.vengo.cloud\/de-ch\/p\/zink-giesskanne-oval-schwarz-braun-10-liter"},"modified":"2025-05-12T14:41:54","modified_gmt":"2025-05-12T12:41:54","slug":"zink-giesskanne-oval-schwarz-braun-10-liter","status":"publish","type":"product","link":"https:\/\/fh-staging.vengo.cloud\/de-ch\/p\/zink-giesskanne-oval-schwarz-braun-10-liter","title":{"rendered":"Zink-Giesskanne oval schwarz + braun, 10 Liter"},"content":{"rendered":"<p>Die elegante ovale Giesskanne in mattem Schwarz mit einem braunen Henkel ist nicht nur funktional, sondern auch \u00e4sthetisch ansprechend. Die abnehmbare Brause erm\u00f6glicht eine gezielte Bew\u00e4sserung von Pflanzen.<\/p>\n<p><strong>10 Liter<\/strong><\/p>\n","protected":false},"excerpt":{"rendered":"<p>Die elegante ovale Giesskanne in mattem Schwarz mit einem braunen Henkel ist nicht nur funktional, sondern auch \u00e4sthetisch ansprechend.<\/p>\n","protected":false},"featured_media":49803,"template":"","meta":[],"product_brand":[],"product_cat":[37,1089,1088,34],"product_tag":[973],"woo-feed-brand":[],"class_list":{"0":"post-48160","1":"product","2":"type-product","3":"status-publish","4":"has-post-thumbnail","6":"product_cat-giesskannen","7":"product_cat-hobbygaertner","8":"product_cat-vatertag","9":"product_cat-garten-balkon","10":"product_tag-samen-mauser","12":"first","13":"instock","14":"taxable","15":"shipping-taxable","16":"purchasable","17":"product-type-simple"},"_links":{"self":[{"href":"https:\/\/fh-staging.vengo.cloud\/de-ch\/wp-json\/wp\/v2\/product\/48160","targetHints":{"allow":["GET"]}}],"collection":[{"href":"https:\/\/fh-staging.vengo.cloud\/de-ch\/wp-json\/wp\/v2\/product"}],"about":[{"href":"https:\/\/fh-staging.vengo.cloud\/de-ch\/wp-json\/wp\/v2\/types\/product"}],"wp:featuredmedia":[{"embeddable":true,"href":"https:\/\/fh-staging.vengo.cloud\/de-ch\/wp-json\/wp\/v2\/media\/49803"}],"wp:attachment":[{"href":"https:\/\/fh-staging.vengo.cloud\/de-ch\/wp-json\/wp\/v2\/media?parent=48160"}],"wp:term":[{"taxonomy":"product_brand","embeddable":true,"href":"https:\/\/fh-staging.vengo.cloud\/de-ch\/wp-json\/wp\/v2\/product_brand?post=48160"},{"taxonomy":"product_cat","embeddable":true,"href":"https:\/\/fh-staging.vengo.cloud\/de-ch\/wp-json\/wp\/v2\/product_cat?post=48160"},{"taxonomy":"product_tag","embeddable":true,"href":"https:\/\/fh-staging.vengo.cloud\/de-ch\/wp-json\/wp\/v2\/product_tag?post=48160"},{"taxonomy":"woo-feed-brand","embeddable":true,"href":"https:\/\/fh-staging.vengo.cloud\/de-ch\/wp-json\/wp\/v2\/woo-feed-brand?post=48160"}],"curies":[{"name":"wp","href":"https:\/\/api.w.org\/{rel}","templated":true}]}}