{"id":48154,"date":"2024-12-09T10:41:34","date_gmt":"2024-12-09T09:41:34","guid":{"rendered":"https:\/\/fh-staging.vengo.cloud\/de-ch\/p\/hydro-wine-tonkegel"},"modified":"2025-09-22T13:33:20","modified_gmt":"2025-09-22T11:33:20","slug":"hydro-wine-tonkegel","status":"publish","type":"product","link":"https:\/\/fh-staging.vengo.cloud\/de-ch\/p\/hydro-wine-tonkegel","title":{"rendered":"Hydro Wine Tonkegel"},"content":{"rendered":"<p>Mit den &#171;Hydro Wine&#187; Tonkegeln werden leere Weinflaschen zu praktischen Giesshilfen! Einfach den Kegel auf den Flaschenhals setzen, und schon ist alles bereit. Diese Tonkegel eignen sich ideal f\u00fcr mittelgrosse bis grosse Topfpflanzen und sorgen daf\u00fcr, dass deine Pflanzen genau die richtige Menge Wasser erhalten. Eine einfache und effektive L\u00f6sung f\u00fcr die Bew\u00e4sserung deiner Zimmerpflanzen.<\/p>\n<p><strong>Set mit 4 St\u00fcck<\/strong><br \/>\n<strong>Gr\u00f6sse: 17.6 x 4 cm<\/strong><\/p>\n","protected":false},"excerpt":{"rendered":"<p>Mit den &#171;Hydro Wine&#187; Tonkegeln werden leere Weinflaschen zu praktischen Giesshilfen<\/p>\n","protected":false},"featured_media":48153,"template":"","meta":[],"product_brand":[],"product_cat":[521,23,118,26],"product_tag":[973],"woo-feed-brand":[],"class_list":{"0":"post-48154","1":"product","2":"type-product","3":"status-publish","4":"has-post-thumbnail","6":"product_cat-bewaesserung","7":"product_cat-home-living","8":"product_cat-zimmerpflanzen","9":"product_cat-blumen-pflanzen","10":"product_tag-samen-mauser","12":"first","13":"instock","14":"featured","15":"taxable","16":"shipping-taxable","17":"purchasable","18":"product-type-simple"},"_links":{"self":[{"href":"https:\/\/fh-staging.vengo.cloud\/de-ch\/wp-json\/wp\/v2\/product\/48154","targetHints":{"allow":["GET"]}}],"collection":[{"href":"https:\/\/fh-staging.vengo.cloud\/de-ch\/wp-json\/wp\/v2\/product"}],"about":[{"href":"https:\/\/fh-staging.vengo.cloud\/de-ch\/wp-json\/wp\/v2\/types\/product"}],"wp:featuredmedia":[{"embeddable":true,"href":"https:\/\/fh-staging.vengo.cloud\/de-ch\/wp-json\/wp\/v2\/media\/48153"}],"wp:attachment":[{"href":"https:\/\/fh-staging.vengo.cloud\/de-ch\/wp-json\/wp\/v2\/media?parent=48154"}],"wp:term":[{"taxonomy":"product_brand","embeddable":true,"href":"https:\/\/fh-staging.vengo.cloud\/de-ch\/wp-json\/wp\/v2\/product_brand?post=48154"},{"taxonomy":"product_cat","embeddable":true,"href":"https:\/\/fh-staging.vengo.cloud\/de-ch\/wp-json\/wp\/v2\/product_cat?post=48154"},{"taxonomy":"product_tag","embeddable":true,"href":"https:\/\/fh-staging.vengo.cloud\/de-ch\/wp-json\/wp\/v2\/product_tag?post=48154"},{"taxonomy":"woo-feed-brand","embeddable":true,"href":"https:\/\/fh-staging.vengo.cloud\/de-ch\/wp-json\/wp\/v2\/woo-feed-brand?post=48154"}],"curies":[{"name":"wp","href":"https:\/\/api.w.org\/{rel}","templated":true}]}}