{"id":48140,"date":"2024-12-09T10:41:36","date_gmt":"2024-12-09T09:41:36","guid":{"rendered":"https:\/\/fh-staging.vengo.cloud\/de-ch\/p\/krutertopf-cobble-anthrazit"},"modified":"2025-10-22T13:46:44","modified_gmt":"2025-10-22T11:46:44","slug":"kraeutertopf-cobble-anthrazit","status":"publish","type":"product","link":"https:\/\/fh-staging.vengo.cloud\/de-ch\/p\/kraeutertopf-cobble-anthrazit","title":{"rendered":"Kr\u00e4utertopf Cobble anthrazit"},"content":{"rendered":"<p>Der Kr\u00e4utertopf Cobble in Anthrazit erm\u00f6glicht es dir, immer frische Kr\u00e4uter zu Hause zu haben. Oft bleiben im Supermarkt gekaufte Kr\u00e4uter nicht lange frisch und gehen ohne Umpflanzen schnell ein. Unser intelligenter Blumentopf l\u00f6st dieses grundlegende Problem, indem du deine gekaufte Pflanze einfach in den Topf setzt. Das Plug-and-Play-Prinzip macht das Produkt in nur 30 Sekunden einsatzbereit. Das moderne Design von Cobble zeichnet sich durch eine Kombination aus matten und gl\u00e4nzenden Oberfl\u00e4chen aus.<\/p>\n<p><strong>Gr\u00f6sse 14.5 x 14.5 x 14.5 cm<\/strong><\/p>\n","protected":false},"excerpt":{"rendered":"<p>Der Kr\u00e4utertopf Cobble in Anthrazit erm\u00f6glicht es dir, immer frische Kr\u00e4uter zu Hause zu haben.<\/p>\n","protected":false},"featured_media":48400,"template":"","meta":[],"product_brand":[],"product_cat":[27,23,1198],"product_tag":[973],"woo-feed-brand":[],"class_list":{"0":"post-48140","1":"product","2":"type-product","3":"status-publish","4":"has-post-thumbnail","6":"product_cat-vasen-gefaesse","7":"product_cat-home-living","8":"product_cat-toepfe","9":"product_tag-samen-mauser","11":"first","12":"instock","13":"taxable","14":"shipping-taxable","15":"purchasable","16":"product-type-simple"},"_links":{"self":[{"href":"https:\/\/fh-staging.vengo.cloud\/de-ch\/wp-json\/wp\/v2\/product\/48140","targetHints":{"allow":["GET"]}}],"collection":[{"href":"https:\/\/fh-staging.vengo.cloud\/de-ch\/wp-json\/wp\/v2\/product"}],"about":[{"href":"https:\/\/fh-staging.vengo.cloud\/de-ch\/wp-json\/wp\/v2\/types\/product"}],"wp:featuredmedia":[{"embeddable":true,"href":"https:\/\/fh-staging.vengo.cloud\/de-ch\/wp-json\/wp\/v2\/media\/48400"}],"wp:attachment":[{"href":"https:\/\/fh-staging.vengo.cloud\/de-ch\/wp-json\/wp\/v2\/media?parent=48140"}],"wp:term":[{"taxonomy":"product_brand","embeddable":true,"href":"https:\/\/fh-staging.vengo.cloud\/de-ch\/wp-json\/wp\/v2\/product_brand?post=48140"},{"taxonomy":"product_cat","embeddable":true,"href":"https:\/\/fh-staging.vengo.cloud\/de-ch\/wp-json\/wp\/v2\/product_cat?post=48140"},{"taxonomy":"product_tag","embeddable":true,"href":"https:\/\/fh-staging.vengo.cloud\/de-ch\/wp-json\/wp\/v2\/product_tag?post=48140"},{"taxonomy":"woo-feed-brand","embeddable":true,"href":"https:\/\/fh-staging.vengo.cloud\/de-ch\/wp-json\/wp\/v2\/woo-feed-brand?post=48140"}],"curies":[{"name":"wp","href":"https:\/\/api.w.org\/{rel}","templated":true}]}}