{"id":48138,"date":"2024-12-09T10:41:37","date_gmt":"2024-12-09T09:41:37","guid":{"rendered":"https:\/\/fh-staging.vengo.cloud\/de-ch\/p\/smart-basket-liner-jute-35-5-cm"},"modified":"2025-04-01T03:51:15","modified_gmt":"2025-04-01T01:51:15","slug":"smart-basket-liner-jute-o-35-5-cm","status":"publish","type":"product","link":"https:\/\/fh-staging.vengo.cloud\/de-ch\/p\/smart-basket-liner-jute-o-35-5-cm","title":{"rendered":"Smart Basket Liner Jute, \u00f8 35.5 cm"},"content":{"rendered":"<p>Verwende unseren &#171;Smart Basket Liner Jute&#187; zum Auskleiden von h\u00e4ngenden und nicht h\u00e4ngenden K\u00f6rben. Hergestellt aus nat\u00fcrlicher, robuster und langlebiger Jute, bietet er eine ideale Basis f\u00fcr deine Pflanzen.<\/p>\n<p><strong>\u00d8 35.5 cm<\/strong><\/p>\n","protected":false},"excerpt":{"rendered":"<p>Verwende unseren &#171;Smart Basket Liner Jute&#187; zum Auskleiden von h\u00e4ngenden und nicht h\u00e4ngenden K\u00f6rben.<\/p>\n","protected":false},"featured_media":48401,"template":"","meta":[],"product_brand":[],"product_cat":[40,34],"product_tag":[973],"woo-feed-brand":[],"class_list":{"0":"post-48138","1":"product","2":"type-product","3":"status-publish","4":"has-post-thumbnail","6":"product_cat-uebertoepfe","7":"product_cat-garten-balkon","8":"product_tag-samen-mauser","10":"first","11":"instock","12":"taxable","13":"shipping-taxable","14":"purchasable","15":"product-type-simple"},"_links":{"self":[{"href":"https:\/\/fh-staging.vengo.cloud\/de-ch\/wp-json\/wp\/v2\/product\/48138","targetHints":{"allow":["GET"]}}],"collection":[{"href":"https:\/\/fh-staging.vengo.cloud\/de-ch\/wp-json\/wp\/v2\/product"}],"about":[{"href":"https:\/\/fh-staging.vengo.cloud\/de-ch\/wp-json\/wp\/v2\/types\/product"}],"wp:featuredmedia":[{"embeddable":true,"href":"https:\/\/fh-staging.vengo.cloud\/de-ch\/wp-json\/wp\/v2\/media\/48401"}],"wp:attachment":[{"href":"https:\/\/fh-staging.vengo.cloud\/de-ch\/wp-json\/wp\/v2\/media?parent=48138"}],"wp:term":[{"taxonomy":"product_brand","embeddable":true,"href":"https:\/\/fh-staging.vengo.cloud\/de-ch\/wp-json\/wp\/v2\/product_brand?post=48138"},{"taxonomy":"product_cat","embeddable":true,"href":"https:\/\/fh-staging.vengo.cloud\/de-ch\/wp-json\/wp\/v2\/product_cat?post=48138"},{"taxonomy":"product_tag","embeddable":true,"href":"https:\/\/fh-staging.vengo.cloud\/de-ch\/wp-json\/wp\/v2\/product_tag?post=48138"},{"taxonomy":"woo-feed-brand","embeddable":true,"href":"https:\/\/fh-staging.vengo.cloud\/de-ch\/wp-json\/wp\/v2\/woo-feed-brand?post=48138"}],"curies":[{"name":"wp","href":"https:\/\/api.w.org\/{rel}","templated":true}]}}