{"id":48132,"date":"2024-12-09T10:41:38","date_gmt":"2024-12-09T09:41:38","guid":{"rendered":"https:\/\/fh-staging.vengo.cloud\/de-ch\/p\/blumenampel-aus-rattan-35-cm"},"modified":"2025-04-01T03:51:11","modified_gmt":"2025-04-01T01:51:11","slug":"blumenampel-aus-rattan-o-35-cm","status":"publish","type":"product","link":"https:\/\/fh-staging.vengo.cloud\/de-ch\/p\/blumenampel-aus-rattan-o-35-cm","title":{"rendered":"Blumenampel aus Rattan, \u00f8 35 cm"},"content":{"rendered":"<p>Verleihe deine, Raum einen zeitlosen Look mit unserer handgewebten H\u00e4ngeampel aus Rattan. Robust und langlebig, mit einem Einsatz aus Kunststofffolie &#8211; ideal f\u00fcr die Bepflanzung mit Blumen.<\/p>\n<p><strong>\u00d8 35cm<\/strong><\/p>\n","protected":false},"excerpt":{"rendered":"<p>Verleihe deinem Raum einen zeitlosen Look mit unserer handgewebten H\u00e4ngeampel aus Rattan.<\/p>\n","protected":false},"featured_media":48403,"template":"","meta":[],"product_brand":[],"product_cat":[40,34],"product_tag":[973],"woo-feed-brand":[],"class_list":{"0":"post-48132","1":"product","2":"type-product","3":"status-publish","4":"has-post-thumbnail","6":"product_cat-uebertoepfe","7":"product_cat-garten-balkon","8":"product_tag-samen-mauser","10":"first","11":"instock","12":"taxable","13":"shipping-taxable","14":"purchasable","15":"product-type-simple"},"_links":{"self":[{"href":"https:\/\/fh-staging.vengo.cloud\/de-ch\/wp-json\/wp\/v2\/product\/48132","targetHints":{"allow":["GET"]}}],"collection":[{"href":"https:\/\/fh-staging.vengo.cloud\/de-ch\/wp-json\/wp\/v2\/product"}],"about":[{"href":"https:\/\/fh-staging.vengo.cloud\/de-ch\/wp-json\/wp\/v2\/types\/product"}],"wp:featuredmedia":[{"embeddable":true,"href":"https:\/\/fh-staging.vengo.cloud\/de-ch\/wp-json\/wp\/v2\/media\/48403"}],"wp:attachment":[{"href":"https:\/\/fh-staging.vengo.cloud\/de-ch\/wp-json\/wp\/v2\/media?parent=48132"}],"wp:term":[{"taxonomy":"product_brand","embeddable":true,"href":"https:\/\/fh-staging.vengo.cloud\/de-ch\/wp-json\/wp\/v2\/product_brand?post=48132"},{"taxonomy":"product_cat","embeddable":true,"href":"https:\/\/fh-staging.vengo.cloud\/de-ch\/wp-json\/wp\/v2\/product_cat?post=48132"},{"taxonomy":"product_tag","embeddable":true,"href":"https:\/\/fh-staging.vengo.cloud\/de-ch\/wp-json\/wp\/v2\/product_tag?post=48132"},{"taxonomy":"woo-feed-brand","embeddable":true,"href":"https:\/\/fh-staging.vengo.cloud\/de-ch\/wp-json\/wp\/v2\/woo-feed-brand?post=48132"}],"curies":[{"name":"wp","href":"https:\/\/api.w.org\/{rel}","templated":true}]}}