{"id":48112,"date":"2024-12-09T10:41:41","date_gmt":"2024-12-09T09:41:41","guid":{"rendered":"https:\/\/fh-staging.vengo.cloud\/de-ch\/p\/hochbeet-elegant"},"modified":"2025-05-12T14:41:34","modified_gmt":"2025-05-12T12:41:34","slug":"hochbeet-elegant-2","status":"publish","type":"product","link":"https:\/\/fh-staging.vengo.cloud\/de-ch\/p\/hochbeet-elegant-2","title":{"rendered":"Hochbeet ELEGANT"},"content":{"rendered":"<p>Der Blumentrog &#171;Elegant Eiche&#187; ist nicht nur ein sch\u00f6nes Hochbeet, sondern kann auch als stilvoller Sichtschutz genutzt werden. Hergestellt aus ge\u00f6ltem und gehobeltem Eichenholz, verleiht dieser Pflanzentrog deinem Garten oder deiner Terrasse eine zeitlose Eleganz. Das Inlet aus Stahlblech sorgt f\u00fcr Stabilit\u00e4t, und mit einem F\u00fcllvolumen von 78 Litern bietet er ausreichend Platz f\u00fcr Ihre Pflanzenkreationen.<\/p>\n<p><strong>Gr\u00f6sse 98 x 30 x 45 cm<\/strong><\/p>\n","protected":false},"excerpt":{"rendered":"<p>Der Blumentrog &#171;Elegant Eiche&#187; ist nicht nur ein sch\u00f6nes Hochbeet, sondern kann auch als stilvoller Sichtschutz genutzt werden.<\/p>\n","protected":false},"featured_media":48747,"template":"","meta":[],"product_brand":[],"product_cat":[38,1089,1088,34],"product_tag":[973],"woo-feed-brand":[],"class_list":{"0":"post-48112","1":"product","2":"type-product","3":"status-publish","4":"has-post-thumbnail","6":"product_cat-hochbeete","7":"product_cat-hobbygaertner","8":"product_cat-vatertag","9":"product_cat-garten-balkon","10":"product_tag-samen-mauser","12":"first","13":"instock","14":"taxable","15":"shipping-taxable","16":"purchasable","17":"product-type-simple"},"_links":{"self":[{"href":"https:\/\/fh-staging.vengo.cloud\/de-ch\/wp-json\/wp\/v2\/product\/48112","targetHints":{"allow":["GET"]}}],"collection":[{"href":"https:\/\/fh-staging.vengo.cloud\/de-ch\/wp-json\/wp\/v2\/product"}],"about":[{"href":"https:\/\/fh-staging.vengo.cloud\/de-ch\/wp-json\/wp\/v2\/types\/product"}],"wp:featuredmedia":[{"embeddable":true,"href":"https:\/\/fh-staging.vengo.cloud\/de-ch\/wp-json\/wp\/v2\/media\/48747"}],"wp:attachment":[{"href":"https:\/\/fh-staging.vengo.cloud\/de-ch\/wp-json\/wp\/v2\/media?parent=48112"}],"wp:term":[{"taxonomy":"product_brand","embeddable":true,"href":"https:\/\/fh-staging.vengo.cloud\/de-ch\/wp-json\/wp\/v2\/product_brand?post=48112"},{"taxonomy":"product_cat","embeddable":true,"href":"https:\/\/fh-staging.vengo.cloud\/de-ch\/wp-json\/wp\/v2\/product_cat?post=48112"},{"taxonomy":"product_tag","embeddable":true,"href":"https:\/\/fh-staging.vengo.cloud\/de-ch\/wp-json\/wp\/v2\/product_tag?post=48112"},{"taxonomy":"woo-feed-brand","embeddable":true,"href":"https:\/\/fh-staging.vengo.cloud\/de-ch\/wp-json\/wp\/v2\/woo-feed-brand?post=48112"}],"curies":[{"name":"wp","href":"https:\/\/api.w.org\/{rel}","templated":true}]}}