{"id":48098,"date":"2024-12-09T10:41:43","date_gmt":"2024-12-09T09:41:43","guid":{"rendered":"https:\/\/fh-staging.vengo.cloud\/de-ch\/p\/eureka-retro-gross"},"modified":"2025-04-01T03:50:45","modified_gmt":"2025-04-01T01:50:45","slug":"eureka-retro-gross","status":"publish","type":"product","link":"https:\/\/fh-staging.vengo.cloud\/de-ch\/p\/eureka-retro-gross","title":{"rendered":"Eureka Retro gross"},"content":{"rendered":"<p>Erwecke mit unserer Retro-Gl\u00fchbirne mit warmweissen LEDs ein nostalgisches Flair zum Leben. Das leicht abgeflachte Glas auf der Unterseite erm\u00f6glicht es, die Gl\u00fchbirne hinzustellen oder aufzuh\u00e4ngen.<\/p>\n<p><strong>Gr\u00f6sse: 10 x 17 cm<\/strong><\/p>\n","protected":false},"excerpt":{"rendered":"<p>Erwecke mit unserer Retro-Gl\u00fchbirne mit warmweissen LEDs ein nostalgisches Flair zum Leben.<\/p>\n","protected":false},"featured_media":48477,"template":"","meta":[],"product_brand":[],"product_cat":[35,23,108,28,34],"product_tag":[973],"woo-feed-brand":[],"class_list":{"0":"post-48098","1":"product","2":"type-product","3":"status-publish","4":"has-post-thumbnail","6":"product_cat-gartendeko","7":"product_cat-home-living","8":"product_cat-lichterketten-laternen","9":"product_cat-kerzen-lichter","10":"product_cat-garten-balkon","11":"product_tag-samen-mauser","13":"first","14":"instock","15":"taxable","16":"shipping-taxable","17":"purchasable","18":"product-type-simple"},"_links":{"self":[{"href":"https:\/\/fh-staging.vengo.cloud\/de-ch\/wp-json\/wp\/v2\/product\/48098","targetHints":{"allow":["GET"]}}],"collection":[{"href":"https:\/\/fh-staging.vengo.cloud\/de-ch\/wp-json\/wp\/v2\/product"}],"about":[{"href":"https:\/\/fh-staging.vengo.cloud\/de-ch\/wp-json\/wp\/v2\/types\/product"}],"wp:featuredmedia":[{"embeddable":true,"href":"https:\/\/fh-staging.vengo.cloud\/de-ch\/wp-json\/wp\/v2\/media\/48477"}],"wp:attachment":[{"href":"https:\/\/fh-staging.vengo.cloud\/de-ch\/wp-json\/wp\/v2\/media?parent=48098"}],"wp:term":[{"taxonomy":"product_brand","embeddable":true,"href":"https:\/\/fh-staging.vengo.cloud\/de-ch\/wp-json\/wp\/v2\/product_brand?post=48098"},{"taxonomy":"product_cat","embeddable":true,"href":"https:\/\/fh-staging.vengo.cloud\/de-ch\/wp-json\/wp\/v2\/product_cat?post=48098"},{"taxonomy":"product_tag","embeddable":true,"href":"https:\/\/fh-staging.vengo.cloud\/de-ch\/wp-json\/wp\/v2\/product_tag?post=48098"},{"taxonomy":"woo-feed-brand","embeddable":true,"href":"https:\/\/fh-staging.vengo.cloud\/de-ch\/wp-json\/wp\/v2\/woo-feed-brand?post=48098"}],"curies":[{"name":"wp","href":"https:\/\/api.w.org\/{rel}","templated":true}]}}