{"id":48090,"date":"2024-12-09T10:41:44","date_gmt":"2024-12-09T09:41:44","guid":{"rendered":"https:\/\/fh-staging.vengo.cloud\/de-ch\/p\/solarlaterne-damasque"},"modified":"2025-04-01T03:50:42","modified_gmt":"2025-04-01T01:50:42","slug":"solarlaterne-damasque","status":"publish","type":"product","link":"https:\/\/fh-staging.vengo.cloud\/de-ch\/p\/solarlaterne-damasque","title":{"rendered":"Solarlaterne Damasque"},"content":{"rendered":"<p>Geniesse mit unserer Solarlaterne nicht nur Licht, sondern auch wundersch\u00f6ne Lichteffekte, die G\u00e4rten und Hausw\u00e4nde verzaubern. Diese umweltfreundliche Laterne nutzt die Kraft der Sonne, um eine stimmungsvolle Beleuchtung im Freien zu schaffen.<\/p>\n<p>Weisse LED<br \/>\nGr\u00f6sse 23.5 x 22.5 cm<\/p>\n","protected":false},"excerpt":{"rendered":"<p>Geniesse mit unserer Solarlaterne nicht nur Licht, sondern auch wundersch\u00f6ne Lichteffekte, die G\u00e4rten und Hausw\u00e4nde verzaubern.<\/p>\n","protected":false},"featured_media":48835,"template":"","meta":[],"product_brand":[],"product_cat":[35,34],"product_tag":[973],"woo-feed-brand":[],"class_list":{"0":"post-48090","1":"product","2":"type-product","3":"status-publish","4":"has-post-thumbnail","6":"product_cat-gartendeko","7":"product_cat-garten-balkon","8":"product_tag-samen-mauser","10":"first","11":"instock","12":"taxable","13":"shipping-taxable","14":"purchasable","15":"product-type-simple"},"_links":{"self":[{"href":"https:\/\/fh-staging.vengo.cloud\/de-ch\/wp-json\/wp\/v2\/product\/48090","targetHints":{"allow":["GET"]}}],"collection":[{"href":"https:\/\/fh-staging.vengo.cloud\/de-ch\/wp-json\/wp\/v2\/product"}],"about":[{"href":"https:\/\/fh-staging.vengo.cloud\/de-ch\/wp-json\/wp\/v2\/types\/product"}],"wp:featuredmedia":[{"embeddable":true,"href":"https:\/\/fh-staging.vengo.cloud\/de-ch\/wp-json\/wp\/v2\/media\/48835"}],"wp:attachment":[{"href":"https:\/\/fh-staging.vengo.cloud\/de-ch\/wp-json\/wp\/v2\/media?parent=48090"}],"wp:term":[{"taxonomy":"product_brand","embeddable":true,"href":"https:\/\/fh-staging.vengo.cloud\/de-ch\/wp-json\/wp\/v2\/product_brand?post=48090"},{"taxonomy":"product_cat","embeddable":true,"href":"https:\/\/fh-staging.vengo.cloud\/de-ch\/wp-json\/wp\/v2\/product_cat?post=48090"},{"taxonomy":"product_tag","embeddable":true,"href":"https:\/\/fh-staging.vengo.cloud\/de-ch\/wp-json\/wp\/v2\/product_tag?post=48090"},{"taxonomy":"woo-feed-brand","embeddable":true,"href":"https:\/\/fh-staging.vengo.cloud\/de-ch\/wp-json\/wp\/v2\/woo-feed-brand?post=48090"}],"curies":[{"name":"wp","href":"https:\/\/api.w.org\/{rel}","templated":true}]}}