{"id":48084,"date":"2024-12-09T10:41:45","date_gmt":"2024-12-09T09:41:45","guid":{"rendered":"https:\/\/fh-staging.vengo.cloud\/de-ch\/p\/solarlichterkette-eureka"},"modified":"2025-04-01T11:22:29","modified_gmt":"2025-04-01T09:22:29","slug":"solar-lichterkette-eureka","status":"publish","type":"product","link":"https:\/\/fh-staging.vengo.cloud\/de-ch\/p\/solar-lichterkette-eureka","title":{"rendered":"Solar Lichterkette Eureka"},"content":{"rendered":"<p>Tauche deinen Garten in ein warmes Licht mit dieser wundersch\u00f6nen Gl\u00fchbirnen-Lichterkette. Die sanfte Beleuchtung schafft eine gem\u00fctliche Atmosph\u00e4re im Freien.<\/p>\n<p><strong>10 Gl\u00fchbirne mit je 3 warmen weissen LEDs<\/strong><br \/>\n<strong>L\u00e4nge 3.8 m<\/strong><\/p>\n","protected":false},"excerpt":{"rendered":"<p>Tauche deinen Garten in ein warmes Licht mit dieser wundersch\u00f6nen Gl\u00fchbirnen-Lichterkette.<\/p>\n","protected":false},"featured_media":48486,"template":"","meta":[],"product_brand":[],"product_cat":[35,23,108,28,34],"product_tag":[973],"woo-feed-brand":[],"class_list":{"0":"post-48084","1":"product","2":"type-product","3":"status-publish","4":"has-post-thumbnail","6":"product_cat-gartendeko","7":"product_cat-home-living","8":"product_cat-lichterketten-laternen","9":"product_cat-kerzen-lichter","10":"product_cat-garten-balkon","11":"product_tag-samen-mauser","13":"first","14":"instock","15":"taxable","16":"shipping-taxable","17":"purchasable","18":"product-type-simple"},"_links":{"self":[{"href":"https:\/\/fh-staging.vengo.cloud\/de-ch\/wp-json\/wp\/v2\/product\/48084","targetHints":{"allow":["GET"]}}],"collection":[{"href":"https:\/\/fh-staging.vengo.cloud\/de-ch\/wp-json\/wp\/v2\/product"}],"about":[{"href":"https:\/\/fh-staging.vengo.cloud\/de-ch\/wp-json\/wp\/v2\/types\/product"}],"wp:featuredmedia":[{"embeddable":true,"href":"https:\/\/fh-staging.vengo.cloud\/de-ch\/wp-json\/wp\/v2\/media\/48486"}],"wp:attachment":[{"href":"https:\/\/fh-staging.vengo.cloud\/de-ch\/wp-json\/wp\/v2\/media?parent=48084"}],"wp:term":[{"taxonomy":"product_brand","embeddable":true,"href":"https:\/\/fh-staging.vengo.cloud\/de-ch\/wp-json\/wp\/v2\/product_brand?post=48084"},{"taxonomy":"product_cat","embeddable":true,"href":"https:\/\/fh-staging.vengo.cloud\/de-ch\/wp-json\/wp\/v2\/product_cat?post=48084"},{"taxonomy":"product_tag","embeddable":true,"href":"https:\/\/fh-staging.vengo.cloud\/de-ch\/wp-json\/wp\/v2\/product_tag?post=48084"},{"taxonomy":"woo-feed-brand","embeddable":true,"href":"https:\/\/fh-staging.vengo.cloud\/de-ch\/wp-json\/wp\/v2\/woo-feed-brand?post=48084"}],"curies":[{"name":"wp","href":"https:\/\/api.w.org\/{rel}","templated":true}]}}