{"id":48080,"date":"2024-12-09T10:41:46","date_gmt":"2024-12-09T09:41:46","guid":{"rendered":"https:\/\/fh-staging.vengo.cloud\/de-ch\/p\/lichterkette-evo-light"},"modified":"2025-05-14T11:43:45","modified_gmt":"2025-05-14T09:43:45","slug":"lichterkette-evo-light","status":"publish","type":"product","link":"https:\/\/fh-staging.vengo.cloud\/de-ch\/p\/lichterkette-evo-light","title":{"rendered":"Lichterkette Evo Light"},"content":{"rendered":"<p>Moderne Lichterkette mit verchromten Aufs\u00e4tzen. Perfekt f\u00fcr die Dekoration von Str\u00e4uchern, Spalieren, Sonnenschirmen und Hauseing\u00e4ngen. L\u00e4dt sich im direkten Sonnenlicht auf, leuchtet automatisch bei Nacht.<\/p>\n<p>Jedes der 10 Schirmchen hat einen \u00d8 von 11 cm.<br \/>\n2 m Zuleitungsdraht<br \/>\n4.7 m Gesamtl\u00e4nge<br \/>\n30 cm Abstand zwischen den Lichtern<\/p>\n","protected":false},"excerpt":{"rendered":"<p>Moderne Lichterkette mit verchromten Aufs\u00e4tzen.<\/p>\n","protected":false},"featured_media":48079,"template":"","meta":[],"product_brand":[],"product_cat":[35,23,108,28,34],"product_tag":[973],"woo-feed-brand":[],"class_list":{"0":"post-48080","1":"product","2":"type-product","3":"status-publish","4":"has-post-thumbnail","6":"product_cat-gartendeko","7":"product_cat-home-living","8":"product_cat-lichterketten-laternen","9":"product_cat-kerzen-lichter","10":"product_cat-garten-balkon","11":"product_tag-samen-mauser","13":"first","14":"instock","15":"taxable","16":"shipping-taxable","17":"purchasable","18":"product-type-simple"},"_links":{"self":[{"href":"https:\/\/fh-staging.vengo.cloud\/de-ch\/wp-json\/wp\/v2\/product\/48080","targetHints":{"allow":["GET"]}}],"collection":[{"href":"https:\/\/fh-staging.vengo.cloud\/de-ch\/wp-json\/wp\/v2\/product"}],"about":[{"href":"https:\/\/fh-staging.vengo.cloud\/de-ch\/wp-json\/wp\/v2\/types\/product"}],"wp:featuredmedia":[{"embeddable":true,"href":"https:\/\/fh-staging.vengo.cloud\/de-ch\/wp-json\/wp\/v2\/media\/48079"}],"wp:attachment":[{"href":"https:\/\/fh-staging.vengo.cloud\/de-ch\/wp-json\/wp\/v2\/media?parent=48080"}],"wp:term":[{"taxonomy":"product_brand","embeddable":true,"href":"https:\/\/fh-staging.vengo.cloud\/de-ch\/wp-json\/wp\/v2\/product_brand?post=48080"},{"taxonomy":"product_cat","embeddable":true,"href":"https:\/\/fh-staging.vengo.cloud\/de-ch\/wp-json\/wp\/v2\/product_cat?post=48080"},{"taxonomy":"product_tag","embeddable":true,"href":"https:\/\/fh-staging.vengo.cloud\/de-ch\/wp-json\/wp\/v2\/product_tag?post=48080"},{"taxonomy":"woo-feed-brand","embeddable":true,"href":"https:\/\/fh-staging.vengo.cloud\/de-ch\/wp-json\/wp\/v2\/woo-feed-brand?post=48080"}],"curies":[{"name":"wp","href":"https:\/\/api.w.org\/{rel}","templated":true}]}}