{"id":48066,"date":"2024-12-09T10:41:48","date_gmt":"2024-12-09T09:41:48","guid":{"rendered":"https:\/\/fh-staging.vengo.cloud\/de-ch\/p\/fussmatte-welcome"},"modified":"2025-06-23T08:38:39","modified_gmt":"2025-06-23T06:38:39","slug":"fussmatte-welcome","status":"publish","type":"product","link":"https:\/\/fh-staging.vengo.cloud\/de-ch\/p\/fussmatte-welcome","title":{"rendered":"Fussmatte Welcome"},"content":{"rendered":"<p>Die Fussmatte mit strapazierf\u00e4higem Obermaterial aus nat\u00fcrlicher Kokosfaser entfernt Schlamm und Schmutz von den Schuhen. Die rutschfeste PVC-Unterseite sorgt f\u00fcr Stabilit\u00e4t. Die Matte ist leicht zu reinigen &#8211; nach dem Trocknen einfach abb\u00fcrsten. Sie ist sowohl f\u00fcr den Innen- als auch f\u00fcr den Ausseneinsatz geeignet und bietet eine effektive M\u00f6glichkeit, Schmutz vor dem Betreten des Hauses zu minimieren.<\/p>\n","protected":false},"excerpt":{"rendered":"<p>Die Fussmatte mit strapazierf\u00e4higem Obermaterial aus nat\u00fcrlicher Kokosfaser entfernt Schlamm und Schmutz von den Schuhen.<\/p>\n","protected":false},"featured_media":48501,"template":"","meta":[],"product_brand":[],"product_cat":[31,23],"product_tag":[973],"woo-feed-brand":[],"class_list":{"0":"post-48066","1":"product","2":"type-product","3":"status-publish","4":"has-post-thumbnail","6":"product_cat-heimtextilien","7":"product_cat-home-living","8":"product_tag-samen-mauser","10":"first","11":"instock","12":"taxable","13":"shipping-taxable","14":"purchasable","15":"product-type-simple"},"_links":{"self":[{"href":"https:\/\/fh-staging.vengo.cloud\/de-ch\/wp-json\/wp\/v2\/product\/48066","targetHints":{"allow":["GET"]}}],"collection":[{"href":"https:\/\/fh-staging.vengo.cloud\/de-ch\/wp-json\/wp\/v2\/product"}],"about":[{"href":"https:\/\/fh-staging.vengo.cloud\/de-ch\/wp-json\/wp\/v2\/types\/product"}],"wp:featuredmedia":[{"embeddable":true,"href":"https:\/\/fh-staging.vengo.cloud\/de-ch\/wp-json\/wp\/v2\/media\/48501"}],"wp:attachment":[{"href":"https:\/\/fh-staging.vengo.cloud\/de-ch\/wp-json\/wp\/v2\/media?parent=48066"}],"wp:term":[{"taxonomy":"product_brand","embeddable":true,"href":"https:\/\/fh-staging.vengo.cloud\/de-ch\/wp-json\/wp\/v2\/product_brand?post=48066"},{"taxonomy":"product_cat","embeddable":true,"href":"https:\/\/fh-staging.vengo.cloud\/de-ch\/wp-json\/wp\/v2\/product_cat?post=48066"},{"taxonomy":"product_tag","embeddable":true,"href":"https:\/\/fh-staging.vengo.cloud\/de-ch\/wp-json\/wp\/v2\/product_tag?post=48066"},{"taxonomy":"woo-feed-brand","embeddable":true,"href":"https:\/\/fh-staging.vengo.cloud\/de-ch\/wp-json\/wp\/v2\/woo-feed-brand?post=48066"}],"curies":[{"name":"wp","href":"https:\/\/api.w.org\/{rel}","templated":true}]}}