{"id":47945,"date":"2024-11-17T22:34:55","date_gmt":"2024-11-17T21:34:55","guid":{"rendered":"https:\/\/fh-staging.vengo.cloud\/de-ch\/p\/steckschaum-schale-tabledeco-medi-25cm-1-stueck"},"modified":"2025-10-22T11:01:00","modified_gmt":"2025-10-22T09:01:00","slug":"steckschaum-schale-tabledeco-medi-25cm-1-stueck","status":"publish","type":"product","link":"https:\/\/fh-staging.vengo.cloud\/de-ch\/p\/steckschaum-schale-tabledeco-medi-25cm-1-stueck","title":{"rendered":"Steckschaum-Schale &#8218;Tabledeco&#8216; medi 25cm 1 St\u00fcck"},"content":{"rendered":"<p>L\u00e4nglicher Steckschaum<br \/>\nDie Steckschaum-Schale &#171;Table Deco&#187; ist die perfekte Basis f\u00fcr stilvolle Tisch- und Raumdekorationen, wie zum Beispiel ein l\u00e4ngliches Adventsfries mit Vier Kerzen. Sie erm\u00f6glicht kreatives Arbeiten und bietet optimale Bedingungen f\u00fcr frische Blumenarrangements.<\/p>\n<p><strong>Eigenschaften:<\/strong><br \/>\n&#8211; Seitliches Bestecken: Dank der flachen Form und des stabilen Schaums k\u00f6nnen Blumen oder Wintergr\u00fcn m\u00fchelos auch seitlich arrangiert werden.<br \/>\n&#8211; Grosses Wasserreservoir: Die Kunststoffschale verf\u00fcgt \u00fcber ein grossz\u00fcgiges Reservoir, das eine kontinuierliche Wasserversorgung erm\u00f6glicht.<br \/>\n&#8211; Sichere Wasserversorgung: Der Frischblumensteckschaum h\u00e4lt Blumen und Wintergr\u00fcn frisch und unterst\u00fctzt ihre Haltbarkeit.<\/p>\n<p><strong>Anwendung:<\/strong><br \/>\n&#8211; Steckmasse \u00fcberkopf auf Wasser legen und vollsaugen lassen, nicht unter Wasser dr\u00fccken<br \/>\n&#8211; Blumenstiele m\u00f6glichst tief in den Steckschaum stecken, um die Wasseraufnahme zu maximieren.<br \/>\n&#8211; Das Wasserreservoir in der Kunststoffschale stets vollst\u00e4ndig auff\u00fcllen, um die Frische der Blumen zu gew\u00e4hrleisten.<\/p>\n<p>Lieferumfang: Kunststoffschale mit hochwertigem Frischblumensteckschaum, bereit f\u00fcr deine floralen Meisterwerke.<\/p>\n<p><strong>Gr\u00f6sse:<\/strong><br \/>\nL\u00e4nge: 25 cm<br \/>\nBreite: 9 cm<br \/>\nH\u00f6he: 5 cm<\/p>\n","protected":false},"excerpt":{"rendered":"<p>Steckschaum f\u00fcr Gestecke und Adventsfriese<\/p>\n","protected":false},"featured_media":47938,"template":"","meta":[],"product_brand":[],"product_cat":[29,23,1195,1178,909,911],"product_tag":[289],"woo-feed-brand":[],"class_list":{"0":"post-47945","1":"product","2":"type-product","3":"status-publish","4":"has-post-thumbnail","6":"product_cat-do-it-yourself","7":"product_cat-home-living","8":"product_cat-dekogrundlagen","9":"product_cat-diy","10":"product_cat-weihnachten","11":"product_cat-accessoires","12":"product_tag-blumengarten-kung-ag","14":"first","15":"instock","16":"taxable","17":"shipping-taxable","18":"purchasable","19":"product-type-simple"},"_links":{"self":[{"href":"https:\/\/fh-staging.vengo.cloud\/de-ch\/wp-json\/wp\/v2\/product\/47945","targetHints":{"allow":["GET"]}}],"collection":[{"href":"https:\/\/fh-staging.vengo.cloud\/de-ch\/wp-json\/wp\/v2\/product"}],"about":[{"href":"https:\/\/fh-staging.vengo.cloud\/de-ch\/wp-json\/wp\/v2\/types\/product"}],"wp:featuredmedia":[{"embeddable":true,"href":"https:\/\/fh-staging.vengo.cloud\/de-ch\/wp-json\/wp\/v2\/media\/47938"}],"wp:attachment":[{"href":"https:\/\/fh-staging.vengo.cloud\/de-ch\/wp-json\/wp\/v2\/media?parent=47945"}],"wp:term":[{"taxonomy":"product_brand","embeddable":true,"href":"https:\/\/fh-staging.vengo.cloud\/de-ch\/wp-json\/wp\/v2\/product_brand?post=47945"},{"taxonomy":"product_cat","embeddable":true,"href":"https:\/\/fh-staging.vengo.cloud\/de-ch\/wp-json\/wp\/v2\/product_cat?post=47945"},{"taxonomy":"product_tag","embeddable":true,"href":"https:\/\/fh-staging.vengo.cloud\/de-ch\/wp-json\/wp\/v2\/product_tag?post=47945"},{"taxonomy":"woo-feed-brand","embeddable":true,"href":"https:\/\/fh-staging.vengo.cloud\/de-ch\/wp-json\/wp\/v2\/woo-feed-brand?post=47945"}],"curies":[{"name":"wp","href":"https:\/\/api.w.org\/{rel}","templated":true}]}}