{"id":47205,"date":"2024-11-10T21:22:23","date_gmt":"2024-11-10T20:22:23","guid":{"rendered":"https:\/\/fh-staging.vengo.cloud\/de-ch\/p\/kinder-regenschirm-farbveraendernd-chamaeleon"},"modified":"2025-06-20T14:45:55","modified_gmt":"2025-06-20T12:45:55","slug":"kinder-regenschirm-farbveraendernd-chamaeleon","status":"publish","type":"product","link":"https:\/\/fh-staging.vengo.cloud\/de-ch\/p\/kinder-regenschirm-farbveraendernd-chamaeleon","title":{"rendered":"Kinder-Regenschirm farbver\u00e4ndernd &#8218;Cham\u00e4leon&#8216;"},"content":{"rendered":"<p>Kreiere mit diesem farbwechselnden Regenschirm ein wenig Magie im Regen.<\/p>\n<p>Farbver\u00e4ndernder Regenschirm:<br \/>\nSpeziell f\u00fcr Kinder mit kleinem Griff f\u00fcr kleine H\u00e4nde.<\/p>\n<p>&#8211; \u00e4ndert die Farbe im Regen<br \/>\n&#8211; lustiges Cham\u00e4leon-Design<br \/>\n&#8211; speziell geeignet f\u00fcr Kinderh\u00e4nde<\/p>\n<p>Produktabmessungen in cm: L 87 x T 87 x H 69.1<br \/>\nMaterial: POE, PP, PE, Stahl, Fiberglas<br \/>\nBruttogewicht: 0.276 kg<br \/>\nNettogewicht: 0.247 kg<\/p>\n","protected":false},"excerpt":{"rendered":"<p>Kreiere mit diesem farbwechselnden Regenschirm ein wenig Magie im Regen.<\/p>\n","protected":false},"featured_media":47204,"template":"","meta":[],"product_brand":[],"product_cat":[62,34,1122,59],"product_tag":[289],"woo-feed-brand":[],"class_list":{"0":"post-47205","1":"product","2":"type-product","3":"status-publish","4":"has-post-thumbnail","6":"product_cat-spielzeug","7":"product_cat-garten-balkon","8":"product_cat-kids-im-gruenen","9":"product_cat-kids","10":"product_tag-blumengarten-kung-ag","12":"first","13":"instock","14":"taxable","15":"shipping-taxable","16":"purchasable","17":"product-type-simple"},"_links":{"self":[{"href":"https:\/\/fh-staging.vengo.cloud\/de-ch\/wp-json\/wp\/v2\/product\/47205","targetHints":{"allow":["GET"]}}],"collection":[{"href":"https:\/\/fh-staging.vengo.cloud\/de-ch\/wp-json\/wp\/v2\/product"}],"about":[{"href":"https:\/\/fh-staging.vengo.cloud\/de-ch\/wp-json\/wp\/v2\/types\/product"}],"wp:featuredmedia":[{"embeddable":true,"href":"https:\/\/fh-staging.vengo.cloud\/de-ch\/wp-json\/wp\/v2\/media\/47204"}],"wp:attachment":[{"href":"https:\/\/fh-staging.vengo.cloud\/de-ch\/wp-json\/wp\/v2\/media?parent=47205"}],"wp:term":[{"taxonomy":"product_brand","embeddable":true,"href":"https:\/\/fh-staging.vengo.cloud\/de-ch\/wp-json\/wp\/v2\/product_brand?post=47205"},{"taxonomy":"product_cat","embeddable":true,"href":"https:\/\/fh-staging.vengo.cloud\/de-ch\/wp-json\/wp\/v2\/product_cat?post=47205"},{"taxonomy":"product_tag","embeddable":true,"href":"https:\/\/fh-staging.vengo.cloud\/de-ch\/wp-json\/wp\/v2\/product_tag?post=47205"},{"taxonomy":"woo-feed-brand","embeddable":true,"href":"https:\/\/fh-staging.vengo.cloud\/de-ch\/wp-json\/wp\/v2\/woo-feed-brand?post=47205"}],"curies":[{"name":"wp","href":"https:\/\/api.w.org\/{rel}","templated":true}]}}