{"id":4603,"date":"2019-04-08T07:04:49","date_gmt":"2019-04-08T07:04:49","guid":{"rendered":"https:\/\/fh-staging.vengo.cloud\/?product=engel-gross-sitzend-10-cm-2-stk"},"modified":"2025-10-27T11:14:24","modified_gmt":"2025-10-27T10:14:24","slug":"engel-gross-sitzend-10-cm-2-stk","status":"publish","type":"product","link":"https:\/\/fh-staging.vengo.cloud\/de-ch\/p\/engel-gross-sitzend-10-cm-2-stk","title":{"rendered":"Engel gross sitzend 10 cm 2 Stk."},"content":{"rendered":"<p style=\"text-align: left;\">Engel sind nicht wegzudenken. Denn fr\u00f6hlich, nachdenklich und kindlich verspielt scheinen sie uns zuzuschauen und uns einen sch\u00f6nen Tag zu w\u00fcnschen.<\/p>\n","protected":false},"excerpt":{"rendered":"<p>Engel gross sitzend 10 cm 2 Stk.<\/p>\n","protected":false},"featured_media":4604,"template":"","meta":[],"product_brand":[],"product_cat":[1179,23,1190,1178,909,911,30,34,35],"product_tag":[282],"woo-feed-brand":[],"class_list":{"0":"post-4603","1":"product","2":"type-product","3":"status-publish","4":"has-post-thumbnail","6":"product_cat-weihnachtsdeko","7":"product_cat-home-living","8":"product_cat-dekoobjekte","9":"product_cat-diy","10":"product_cat-weihnachten","11":"product_cat-accessoires","12":"product_cat-deko-accessoires","13":"product_cat-garten-balkon","14":"product_cat-gartendeko","15":"product_tag-fleurop-interflora","17":"first","18":"instock","19":"taxable","20":"shipping-taxable","21":"purchasable","22":"product-type-simple"},"_links":{"self":[{"href":"https:\/\/fh-staging.vengo.cloud\/de-ch\/wp-json\/wp\/v2\/product\/4603","targetHints":{"allow":["GET"]}}],"collection":[{"href":"https:\/\/fh-staging.vengo.cloud\/de-ch\/wp-json\/wp\/v2\/product"}],"about":[{"href":"https:\/\/fh-staging.vengo.cloud\/de-ch\/wp-json\/wp\/v2\/types\/product"}],"wp:featuredmedia":[{"embeddable":true,"href":"https:\/\/fh-staging.vengo.cloud\/de-ch\/wp-json\/wp\/v2\/media\/4604"}],"wp:attachment":[{"href":"https:\/\/fh-staging.vengo.cloud\/de-ch\/wp-json\/wp\/v2\/media?parent=4603"}],"wp:term":[{"taxonomy":"product_brand","embeddable":true,"href":"https:\/\/fh-staging.vengo.cloud\/de-ch\/wp-json\/wp\/v2\/product_brand?post=4603"},{"taxonomy":"product_cat","embeddable":true,"href":"https:\/\/fh-staging.vengo.cloud\/de-ch\/wp-json\/wp\/v2\/product_cat?post=4603"},{"taxonomy":"product_tag","embeddable":true,"href":"https:\/\/fh-staging.vengo.cloud\/de-ch\/wp-json\/wp\/v2\/product_tag?post=4603"},{"taxonomy":"woo-feed-brand","embeddable":true,"href":"https:\/\/fh-staging.vengo.cloud\/de-ch\/wp-json\/wp\/v2\/woo-feed-brand?post=4603"}],"curies":[{"name":"wp","href":"https:\/\/api.w.org\/{rel}","templated":true}]}}