{"id":46015,"date":"2024-10-21T10:50:25","date_gmt":"2024-10-21T08:50:25","guid":{"rendered":"https:\/\/fh-staging.vengo.cloud\/de-ch\/p\/chanoyu-namaste-coffret"},"modified":"2025-12-10T09:55:14","modified_gmt":"2025-12-10T08:55:14","slug":"chanoyu-namaste-geschenkset","status":"publish","type":"product","link":"https:\/\/fh-staging.vengo.cloud\/de-ch\/p\/chanoyu-namaste-geschenkset","title":{"rendered":"CHANOYU NAMASTE GESCHENKSET"},"content":{"rendered":"<p>Die von Indien inspirierte Namast\u00e9-Box enth\u00e4lt 4 Bio-Tee-Mischungen, die f\u00fcr alle Geschmacksmomente geeignet sind: morgens, in der Pause, zur Erholung nach dem Sport, abends&#8230; Diese Auswahl umfasst Masala Cha\u00ef (schwarzer Tee), Punchy Spring (gr\u00fcner Tee), Relax (Rooibos) sowie Wake Up und Nirvana, zwei Aufg\u00fcsse, die Kr\u00e4uter und Fr\u00fcchte kombinieren. Alle diese Geschmacksrichtungen haben die gleichen fruchtigen und w\u00fcrzigen Noten und Inhaltsstoffe, die die Entspannung f\u00f6rdern. Ausserdem enth\u00e4lt die Box eine 100% nat\u00fcrliche Sojakerze, die mit Blumen und Kristallen mit Agarholzaromen verziert ist. Diese Kerze vervollst\u00e4ndigt die &#171;Zen&#187;-Identit\u00e4t dieses Sets. Eine Einladung zu Ekstase und Gelassenheit.<\/p>\n","protected":false},"excerpt":{"rendered":"<p>Enth\u00e4lt- Masala Cha\u00ef N\u00b040- Punchy Spring N\u00b09- Entspannen N\u00b032- Aufwachen N\u00b037- Nirwana N\u00b042- Parf\u00fcmierte Kerz<\/p>\n","protected":false},"featured_media":46014,"template":"","meta":[],"product_brand":[],"product_cat":[956,1023,1003,797,1020,1018,984,993,999,909,916,42,885,52,53],"product_tag":[948],"woo-feed-brand":[],"class_list":{"0":"post-46015","1":"product","2":"type-product","3":"status-publish","4":"has-post-thumbnail","6":"product_cat-tee","7":"product_cat-fuer-mama","8":"product_cat-fuer-sie","9":"product_cat-muttertag","10":"product_cat-ostergeschenke","11":"product_cat-ostern","12":"product_cat-silvester","13":"product_cat-silvestergeschenke","14":"product_cat-valentinstag","15":"product_cat-weihnachten","16":"product_cat-praesente","17":"product_cat-kueche","18":"product_cat-koestlichkeiten","19":"product_cat-geschenke","20":"product_cat-geschenksets","21":"product_tag-chanoyu-tea","23":"first","24":"instock","25":"taxable","26":"shipping-taxable","27":"purchasable","28":"product-type-simple"},"_links":{"self":[{"href":"https:\/\/fh-staging.vengo.cloud\/de-ch\/wp-json\/wp\/v2\/product\/46015","targetHints":{"allow":["GET"]}}],"collection":[{"href":"https:\/\/fh-staging.vengo.cloud\/de-ch\/wp-json\/wp\/v2\/product"}],"about":[{"href":"https:\/\/fh-staging.vengo.cloud\/de-ch\/wp-json\/wp\/v2\/types\/product"}],"wp:featuredmedia":[{"embeddable":true,"href":"https:\/\/fh-staging.vengo.cloud\/de-ch\/wp-json\/wp\/v2\/media\/46014"}],"wp:attachment":[{"href":"https:\/\/fh-staging.vengo.cloud\/de-ch\/wp-json\/wp\/v2\/media?parent=46015"}],"wp:term":[{"taxonomy":"product_brand","embeddable":true,"href":"https:\/\/fh-staging.vengo.cloud\/de-ch\/wp-json\/wp\/v2\/product_brand?post=46015"},{"taxonomy":"product_cat","embeddable":true,"href":"https:\/\/fh-staging.vengo.cloud\/de-ch\/wp-json\/wp\/v2\/product_cat?post=46015"},{"taxonomy":"product_tag","embeddable":true,"href":"https:\/\/fh-staging.vengo.cloud\/de-ch\/wp-json\/wp\/v2\/product_tag?post=46015"},{"taxonomy":"woo-feed-brand","embeddable":true,"href":"https:\/\/fh-staging.vengo.cloud\/de-ch\/wp-json\/wp\/v2\/woo-feed-brand?post=46015"}],"curies":[{"name":"wp","href":"https:\/\/api.w.org\/{rel}","templated":true}]}}