{"id":46010,"date":"2024-10-21T10:50:10","date_gmt":"2024-10-21T08:50:10","guid":{"rendered":"https:\/\/fh-staging.vengo.cloud\/de-ch\/p\/chanoyu-swiss-coffret"},"modified":"2025-12-10T09:55:15","modified_gmt":"2025-12-10T08:55:15","slug":"chanoyu-swiss-geschenkset","status":"publish","type":"product","link":"https:\/\/fh-staging.vengo.cloud\/de-ch\/p\/chanoyu-swiss-geschenkset","title":{"rendered":"CHANOYU SWISS GESCHENKSET"},"content":{"rendered":"<p>Die vier Aufg\u00fcsse in der Schweizer Box bieten eine olfaktorische und geschmackliche Reise in das Herz der Schweizer T\u00e4ler und Wiesen. Diese originellen Mischungen werden mit Sorgfalt aus im Herzen des Wallis handgepfl\u00fcckten Pflanzen und Blumen zubereitet.<\/p>\n<p>Wild White Mountains, Alpine Dream, Peaceful Prairies und My Cosy Chalet: Jeder dieser Aufg\u00fcsse stellt ein perfektes Gleichgewicht zwischen authentischen Aromen und den Wirkstoffen ihrer 100% nat\u00fcrlichen Zutaten dar. Schweizer Know-how im Dienste des Geschmacks und des Wohlbefindens.<\/p>\n","protected":false},"excerpt":{"rendered":"<p>Enth\u00e4lt- Wilde Wei\u00dfe Berge N\u00b047- Friedliche Pr\u00e4rien N\u00b049- Mein gem\u00fctliches Chalet N\u00b050- Alpiner Traum N\u00b048<\/p>\n","protected":false},"featured_media":46009,"template":"","meta":[],"product_brand":[],"product_cat":[956,1002,1023,797,1020,1018,984,993,1208,999,1088,909,1092,916,915,42,885,52,53],"product_tag":[948],"woo-feed-brand":[],"class_list":{"0":"post-46010","1":"product","2":"type-product","3":"status-publish","4":"has-post-thumbnail","6":"product_cat-tee","7":"product_cat-fuer-ihn","8":"product_cat-fuer-mama","9":"product_cat-muttertag","10":"product_cat-ostergeschenke","11":"product_cat-ostern","12":"product_cat-silvester","13":"product_cat-silvestergeschenke","14":"product_cat-ueber-25-chf","15":"product_cat-valentinstag","16":"product_cat-vatertag","17":"product_cat-weihnachten","18":"product_cat-wohlfuehltyp","19":"product_cat-praesente","20":"product_cat-wichteln","21":"product_cat-kueche","22":"product_cat-koestlichkeiten","23":"product_cat-geschenke","24":"product_cat-geschenksets","25":"product_tag-chanoyu-tea","27":"first","28":"instock","29":"taxable","30":"shipping-taxable","31":"purchasable","32":"product-type-simple"},"_links":{"self":[{"href":"https:\/\/fh-staging.vengo.cloud\/de-ch\/wp-json\/wp\/v2\/product\/46010","targetHints":{"allow":["GET"]}}],"collection":[{"href":"https:\/\/fh-staging.vengo.cloud\/de-ch\/wp-json\/wp\/v2\/product"}],"about":[{"href":"https:\/\/fh-staging.vengo.cloud\/de-ch\/wp-json\/wp\/v2\/types\/product"}],"wp:featuredmedia":[{"embeddable":true,"href":"https:\/\/fh-staging.vengo.cloud\/de-ch\/wp-json\/wp\/v2\/media\/46009"}],"wp:attachment":[{"href":"https:\/\/fh-staging.vengo.cloud\/de-ch\/wp-json\/wp\/v2\/media?parent=46010"}],"wp:term":[{"taxonomy":"product_brand","embeddable":true,"href":"https:\/\/fh-staging.vengo.cloud\/de-ch\/wp-json\/wp\/v2\/product_brand?post=46010"},{"taxonomy":"product_cat","embeddable":true,"href":"https:\/\/fh-staging.vengo.cloud\/de-ch\/wp-json\/wp\/v2\/product_cat?post=46010"},{"taxonomy":"product_tag","embeddable":true,"href":"https:\/\/fh-staging.vengo.cloud\/de-ch\/wp-json\/wp\/v2\/product_tag?post=46010"},{"taxonomy":"woo-feed-brand","embeddable":true,"href":"https:\/\/fh-staging.vengo.cloud\/de-ch\/wp-json\/wp\/v2\/woo-feed-brand?post=46010"}],"curies":[{"name":"wp","href":"https:\/\/api.w.org\/{rel}","templated":true}]}}