{"id":4441,"date":"2018-12-13T13:54:21","date_gmt":"2018-12-13T13:54:21","guid":{"rendered":"https:\/\/fh-staging.vengo.cloud\/?product=teddybarenpaar-weiss-braun"},"modified":"2025-04-01T07:17:26","modified_gmt":"2025-04-01T05:17:26","slug":"teddybarenpaar-weiss-braun","status":"publish","type":"product","link":"https:\/\/fh-staging.vengo.cloud\/de-ch\/p\/teddybarenpaar-weiss-braun","title":{"rendered":"Teddyb\u00e4renpaar (weiss &amp; braun)"},"content":{"rendered":"<p style=\"text-align: left\">Teddyb\u00e4ren begeistern Gross und Klein. Ob als charmante Geste, nach der Geburt, als kleines Trostpflaster oder als liebevolle \u00dcberraschung: Die knuffigen B\u00e4ren haben einfach alle gern.<\/p>\n<p>Material: aus Pl\u00fcsch, CE zertifiziert<br \/>\nH\u00f6he: sitzend, ca. 20 cm<br \/>\nWaschbarkeit: waschmaschinenfest bei 30\u00b0<\/p>\n<p style=\"text-align: left\"><strong>Dies ist ein \u00abFleurop Edition\u00bb Produkt.<\/strong><\/p>\n","protected":false},"excerpt":{"rendered":"<p>Flauschiges Teddyb\u00e4renpaar (weiss &amp; braun)<\/p>\n","protected":false},"featured_media":4442,"template":"","meta":[],"product_brand":[],"product_cat":[62,910,909,916,59],"product_tag":[282],"woo-feed-brand":[],"class_list":{"0":"post-4441","1":"product","2":"type-product","3":"status-publish","4":"has-post-thumbnail","6":"product_cat-spielzeug","7":"product_cat-geschenkideen","8":"product_cat-weihnachten","9":"product_cat-praesente","10":"product_cat-kids","11":"product_tag-fleurop-interflora","13":"first","14":"instock","15":"taxable","16":"shipping-taxable","17":"purchasable","18":"product-type-simple"},"_links":{"self":[{"href":"https:\/\/fh-staging.vengo.cloud\/de-ch\/wp-json\/wp\/v2\/product\/4441","targetHints":{"allow":["GET"]}}],"collection":[{"href":"https:\/\/fh-staging.vengo.cloud\/de-ch\/wp-json\/wp\/v2\/product"}],"about":[{"href":"https:\/\/fh-staging.vengo.cloud\/de-ch\/wp-json\/wp\/v2\/types\/product"}],"wp:featuredmedia":[{"embeddable":true,"href":"https:\/\/fh-staging.vengo.cloud\/de-ch\/wp-json\/wp\/v2\/media\/4442"}],"wp:attachment":[{"href":"https:\/\/fh-staging.vengo.cloud\/de-ch\/wp-json\/wp\/v2\/media?parent=4441"}],"wp:term":[{"taxonomy":"product_brand","embeddable":true,"href":"https:\/\/fh-staging.vengo.cloud\/de-ch\/wp-json\/wp\/v2\/product_brand?post=4441"},{"taxonomy":"product_cat","embeddable":true,"href":"https:\/\/fh-staging.vengo.cloud\/de-ch\/wp-json\/wp\/v2\/product_cat?post=4441"},{"taxonomy":"product_tag","embeddable":true,"href":"https:\/\/fh-staging.vengo.cloud\/de-ch\/wp-json\/wp\/v2\/product_tag?post=4441"},{"taxonomy":"woo-feed-brand","embeddable":true,"href":"https:\/\/fh-staging.vengo.cloud\/de-ch\/wp-json\/wp\/v2\/woo-feed-brand?post=4441"}],"curies":[{"name":"wp","href":"https:\/\/api.w.org\/{rel}","templated":true}]}}